{"id":13375,"date":"2024-01-18T13:30:11","date_gmt":"2024-01-18T12:30:11","guid":{"rendered":"https:\/\/www.workman.se\/\/partners-at-trade-fair-venues\/"},"modified":"2024-06-18T14:30:52","modified_gmt":"2024-06-18T12:30:52","slug":"partners-at-trade-fair-venues","status":"publish","type":"page","link":"https:\/\/www.workman.se\/en\/partners-at-trade-fair-venues\/","title":{"rendered":"Partners at trade fair venues"},"content":{"rendered":"<h1><strong>Proud partners at fairgrounds<\/strong><\/h1>\n<p>In our role as a subcontractor, we not only strive to deliver in the conventional areas of stand construction, design and rental, but we also play a central role as a <strong>technical supplier for several fairs, exhibition centers in Sweden and Norway<\/strong>.<\/p>\n<p>This means that we are responsible for aspects such as structural safety, including electrical installation, water supply, roof attachment points, as well as managing logistics and assembly services to efficiently taking care of the goods reception for each exhibitor. Through our dedication and expertise, we ensure that every detail contributes to a successful event at the exhibition center.<\/p>\n<h2><strong>With our fair expertise, we act as technical suppliers at these sites:<\/strong><\/h2>\n<ul class=\"list_arrow-circle list_color_black list_outside\">\n<li>Scandinavian XPO<\/li>\n<li>Eriksbergshallen in Gothenburg<\/li>\n<li>Quben in Norway<\/li>\n<\/ul>\n<p>We are also a partner and subcontractor to <strong>Kistam\u00e4ssan, Stockholmsm\u00e4ssan and Elmiam\u00e4ssan in J\u00f6nk\u00f6ping<\/strong><\/p>\n<p>We are proud to run and manage the event production for all these prominent fairs.<\/p>\n<h2><strong>Take your event to new heights &#8211; choose us as your trusted partner!<\/strong><\/h2>\n<p><img decoding=\"async\" class=\"alignnone wp-image-12191 size-large\" src=\"https:\/\/www.workman.se\/\/wp-content\/uploads\/2024\/03\/Workman-Event-en-samarbetspartner-pa-massanlaggningar-1024x683.png\" alt=\"\" width=\"1024\" height=\"683\" srcset=\"https:\/\/www.workman.se\/wp-content\/uploads\/2024\/03\/Workman-Event-en-samarbetspartner-pa-massanlaggningar-1024x683.png 1024w, https:\/\/www.workman.se\/wp-content\/uploads\/2024\/03\/Workman-Event-en-samarbetspartner-pa-massanlaggningar-300x200.png 300w, https:\/\/www.workman.se\/wp-content\/uploads\/2024\/03\/Workman-Event-en-samarbetspartner-pa-massanlaggningar-768x512.png 768w, https:\/\/www.workman.se\/wp-content\/uploads\/2024\/03\/Workman-Event-en-samarbetspartner-pa-massanlaggningar-1536x1024.png 1536w, https:\/\/www.workman.se\/wp-content\/uploads\/2024\/03\/Workman-Event-en-samarbetspartner-pa-massanlaggningar.png 2048w\" sizes=\"(max-width: 1024px) 100vw, 1024px\" \/><\/p>\n","protected":false},"excerpt":{"rendered":"<p>Proud partners at fairgrounds In our role as a subcontractor, we not only strive to deliver in the conventional areas of stand construction, design and rental, but we also play a central role as a technical supplier for several fairs, exhibition centers in Sweden and Norway. This means that we are responsible for aspects such &#8230;<\/p>\n","protected":false},"author":2,"featured_media":0,"parent":0,"menu_order":0,"comment_status":"closed","ping_status":"closed","template":"","meta":{"footnotes":""},"class_list":["post-13375","page","type-page","status-publish","hentry"],"yoast_head":"<!-- This site is optimized with the Yoast SEO plugin v27.4 - https:\/\/yoast.com\/product\/yoast-seo-wordpress\/ -->\n<title>Partners at trade fair venues - Workman Event AB<\/title>\n<meta name=\"robots\" content=\"index, follow, max-snippet:-1, max-image-preview:large, max-video-preview:-1\" \/>\n<link rel=\"canonical\" href=\"https:\/\/www.workman.se\/en\/partners-at-trade-fair-venues\/\" \/>\n<meta property=\"og:locale\" content=\"en_US\" \/>\n<meta property=\"og:type\" content=\"article\" \/>\n<meta property=\"og:title\" content=\"Partners at trade fair venues - Workman Event AB\" \/>\n<meta property=\"og:description\" content=\"Proud partners at fairgrounds In our role as a subcontractor, we not only strive to deliver in the conventional areas of stand construction, design and rental, but we also play a central role as a technical supplier for several fairs, exhibition centers in Sweden and Norway. This means that we are responsible for aspects such ...\" \/>\n<meta property=\"og:url\" content=\"https:\/\/www.workman.se\/en\/partners-at-trade-fair-venues\/\" \/>\n<meta property=\"og:site_name\" content=\"Workman Event AB\" \/>\n<meta property=\"article:publisher\" content=\"https:\/\/www.facebook.com\/workmanevent\/\" \/>\n<meta property=\"article:modified_time\" content=\"2024-06-18T12:30:52+00:00\" \/>\n<meta property=\"og:image\" content=\"https:\/\/www.workman.se\/\/wp-content\/uploads\/2024\/03\/Workman-Event-en-samarbetspartner-pa-massanlaggningar-1024x683.png\" \/>\n<meta name=\"twitter:card\" content=\"summary_large_image\" \/>\n<meta name=\"twitter:label1\" content=\"Est. reading time\" \/>\n\t<meta name=\"twitter:data1\" content=\"2 minutes\" \/>\n<script type=\"application\/ld+json\" class=\"yoast-schema-graph\">{\"@context\":\"https:\\\/\\\/schema.org\",\"@graph\":[{\"@type\":\"WebPage\",\"@id\":\"https:\\\/\\\/www.workman.se\\\/en\\\/partners-at-trade-fair-venues\\\/\",\"url\":\"https:\\\/\\\/www.workman.se\\\/en\\\/partners-at-trade-fair-venues\\\/\",\"name\":\"Partners at trade fair venues - Workman Event AB\",\"isPartOf\":{\"@id\":\"https:\\\/\\\/www.workman.se\\\/en\\\/#website\"},\"primaryImageOfPage\":{\"@id\":\"https:\\\/\\\/www.workman.se\\\/en\\\/partners-at-trade-fair-venues\\\/#primaryimage\"},\"image\":{\"@id\":\"https:\\\/\\\/www.workman.se\\\/en\\\/partners-at-trade-fair-venues\\\/#primaryimage\"},\"thumbnailUrl\":\"https:\\\/\\\/www.workman.se\\\/\\\/wp-content\\\/uploads\\\/2024\\\/03\\\/Workman-Event-en-samarbetspartner-pa-massanlaggningar-1024x683.png\",\"datePublished\":\"2024-01-18T12:30:11+00:00\",\"dateModified\":\"2024-06-18T12:30:52+00:00\",\"inLanguage\":\"en-US\",\"potentialAction\":[{\"@type\":\"ReadAction\",\"target\":[\"https:\\\/\\\/www.workman.se\\\/en\\\/partners-at-trade-fair-venues\\\/\"]}]},{\"@type\":\"ImageObject\",\"inLanguage\":\"en-US\",\"@id\":\"https:\\\/\\\/www.workman.se\\\/en\\\/partners-at-trade-fair-venues\\\/#primaryimage\",\"url\":\"https:\\\/\\\/www.workman.se\\\/\\\/wp-content\\\/uploads\\\/2024\\\/03\\\/Workman-Event-en-samarbetspartner-pa-massanlaggningar-1024x683.png\",\"contentUrl\":\"https:\\\/\\\/www.workman.se\\\/\\\/wp-content\\\/uploads\\\/2024\\\/03\\\/Workman-Event-en-samarbetspartner-pa-massanlaggningar-1024x683.png\"},{\"@type\":\"WebSite\",\"@id\":\"https:\\\/\\\/www.workman.se\\\/en\\\/#website\",\"url\":\"https:\\\/\\\/www.workman.se\\\/en\\\/\",\"name\":\"Workman Event\",\"description\":\"Om ni kan t\u00e4nka det s\u00e5 kan vi skapa det...\",\"publisher\":{\"@id\":\"https:\\\/\\\/www.workman.se\\\/en\\\/#organization\"},\"potentialAction\":[{\"@type\":\"SearchAction\",\"target\":{\"@type\":\"EntryPoint\",\"urlTemplate\":\"https:\\\/\\\/www.workman.se\\\/en\\\/?s={search_term_string}\"},\"query-input\":{\"@type\":\"PropertyValueSpecification\",\"valueRequired\":true,\"valueName\":\"search_term_string\"}}],\"inLanguage\":\"en-US\"},{\"@type\":\"Organization\",\"@id\":\"https:\\\/\\\/www.workman.se\\\/en\\\/#organization\",\"name\":\"Workman Event AB\",\"url\":\"https:\\\/\\\/www.workman.se\\\/en\\\/\",\"logo\":{\"@type\":\"ImageObject\",\"inLanguage\":\"en-US\",\"@id\":\"https:\\\/\\\/www.workman.se\\\/en\\\/#\\\/schema\\\/logo\\\/image\\\/\",\"url\":\"https:\\\/\\\/www.workman.se\\\/wp-content\\\/uploads\\\/2024\\\/01\\\/Workman-Logotyp-svart-text-1-1.webp\",\"contentUrl\":\"https:\\\/\\\/www.workman.se\\\/wp-content\\\/uploads\\\/2024\\\/01\\\/Workman-Logotyp-svart-text-1-1.webp\",\"width\":150,\"height\":111,\"caption\":\"Workman Event AB\"},\"image\":{\"@id\":\"https:\\\/\\\/www.workman.se\\\/en\\\/#\\\/schema\\\/logo\\\/image\\\/\"},\"sameAs\":[\"https:\\\/\\\/www.facebook.com\\\/workmanevent\\\/\",\"https:\\\/\\\/www.instagram.com\\\/workman.se\\\/\",\"https:\\\/\\\/www.linkedin.com\\\/company\\\/workman-event-ab\"]}]}<\/script>\n<!-- \/ Yoast SEO plugin. -->","yoast_head_json":{"title":"Partners at trade fair venues - Workman Event AB","robots":{"index":"index","follow":"follow","max-snippet":"max-snippet:-1","max-image-preview":"max-image-preview:large","max-video-preview":"max-video-preview:-1"},"canonical":"https:\/\/www.workman.se\/en\/partners-at-trade-fair-venues\/","og_locale":"en_US","og_type":"article","og_title":"Partners at trade fair venues - Workman Event AB","og_description":"Proud partners at fairgrounds In our role as a subcontractor, we not only strive to deliver in the conventional areas of stand construction, design and rental, but we also play a central role as a technical supplier for several fairs, exhibition centers in Sweden and Norway. This means that we are responsible for aspects such ...","og_url":"https:\/\/www.workman.se\/en\/partners-at-trade-fair-venues\/","og_site_name":"Workman Event AB","article_publisher":"https:\/\/www.facebook.com\/workmanevent\/","article_modified_time":"2024-06-18T12:30:52+00:00","og_image":[{"url":"https:\/\/www.workman.se\/\/wp-content\/uploads\/2024\/03\/Workman-Event-en-samarbetspartner-pa-massanlaggningar-1024x683.png","type":"","width":"","height":""}],"twitter_card":"summary_large_image","twitter_misc":{"Est. reading time":"2 minutes"},"schema":{"@context":"https:\/\/schema.org","@graph":[{"@type":"WebPage","@id":"https:\/\/www.workman.se\/en\/partners-at-trade-fair-venues\/","url":"https:\/\/www.workman.se\/en\/partners-at-trade-fair-venues\/","name":"Partners at trade fair venues - Workman Event AB","isPartOf":{"@id":"https:\/\/www.workman.se\/en\/#website"},"primaryImageOfPage":{"@id":"https:\/\/www.workman.se\/en\/partners-at-trade-fair-venues\/#primaryimage"},"image":{"@id":"https:\/\/www.workman.se\/en\/partners-at-trade-fair-venues\/#primaryimage"},"thumbnailUrl":"https:\/\/www.workman.se\/\/wp-content\/uploads\/2024\/03\/Workman-Event-en-samarbetspartner-pa-massanlaggningar-1024x683.png","datePublished":"2024-01-18T12:30:11+00:00","dateModified":"2024-06-18T12:30:52+00:00","inLanguage":"en-US","potentialAction":[{"@type":"ReadAction","target":["https:\/\/www.workman.se\/en\/partners-at-trade-fair-venues\/"]}]},{"@type":"ImageObject","inLanguage":"en-US","@id":"https:\/\/www.workman.se\/en\/partners-at-trade-fair-venues\/#primaryimage","url":"https:\/\/www.workman.se\/\/wp-content\/uploads\/2024\/03\/Workman-Event-en-samarbetspartner-pa-massanlaggningar-1024x683.png","contentUrl":"https:\/\/www.workman.se\/\/wp-content\/uploads\/2024\/03\/Workman-Event-en-samarbetspartner-pa-massanlaggningar-1024x683.png"},{"@type":"WebSite","@id":"https:\/\/www.workman.se\/en\/#website","url":"https:\/\/www.workman.se\/en\/","name":"Workman Event","description":"Om ni kan t\u00e4nka det s\u00e5 kan vi skapa det...","publisher":{"@id":"https:\/\/www.workman.se\/en\/#organization"},"potentialAction":[{"@type":"SearchAction","target":{"@type":"EntryPoint","urlTemplate":"https:\/\/www.workman.se\/en\/?s={search_term_string}"},"query-input":{"@type":"PropertyValueSpecification","valueRequired":true,"valueName":"search_term_string"}}],"inLanguage":"en-US"},{"@type":"Organization","@id":"https:\/\/www.workman.se\/en\/#organization","name":"Workman Event AB","url":"https:\/\/www.workman.se\/en\/","logo":{"@type":"ImageObject","inLanguage":"en-US","@id":"https:\/\/www.workman.se\/en\/#\/schema\/logo\/image\/","url":"https:\/\/www.workman.se\/wp-content\/uploads\/2024\/01\/Workman-Logotyp-svart-text-1-1.webp","contentUrl":"https:\/\/www.workman.se\/wp-content\/uploads\/2024\/01\/Workman-Logotyp-svart-text-1-1.webp","width":150,"height":111,"caption":"Workman Event AB"},"image":{"@id":"https:\/\/www.workman.se\/en\/#\/schema\/logo\/image\/"},"sameAs":["https:\/\/www.facebook.com\/workmanevent\/","https:\/\/www.instagram.com\/workman.se\/","https:\/\/www.linkedin.com\/company\/workman-event-ab"]}]}},"_links":{"self":[{"href":"https:\/\/www.workman.se\/en\/wp-json\/wp\/v2\/pages\/13375","targetHints":{"allow":["GET"]}}],"collection":[{"href":"https:\/\/www.workman.se\/en\/wp-json\/wp\/v2\/pages"}],"about":[{"href":"https:\/\/www.workman.se\/en\/wp-json\/wp\/v2\/types\/page"}],"author":[{"embeddable":true,"href":"https:\/\/www.workman.se\/en\/wp-json\/wp\/v2\/users\/2"}],"replies":[{"embeddable":true,"href":"https:\/\/www.workman.se\/en\/wp-json\/wp\/v2\/comments?post=13375"}],"version-history":[{"count":0,"href":"https:\/\/www.workman.se\/en\/wp-json\/wp\/v2\/pages\/13375\/revisions"}],"wp:attachment":[{"href":"https:\/\/www.workman.se\/en\/wp-json\/wp\/v2\/media?parent=13375"}],"curies":[{"name":"wp","href":"https:\/\/api.w.org\/{rel}","templated":true}]}}