{"id":13377,"date":"2024-03-08T16:25:42","date_gmt":"2024-03-08T15:25:42","guid":{"rendered":"https:\/\/www.workman.se\/\/organizing-partner-and-event-supplier-at-jarvaveckan\/"},"modified":"2024-06-17T13:14:09","modified_gmt":"2024-06-17T11:14:09","slug":"event-partner-and-event-supplier-at-jarvaveckan","status":"publish","type":"page","link":"https:\/\/www.workman.se\/en\/event-partner-and-event-supplier-at-jarvaveckan\/","title":{"rendered":"Event partner and Event supplier at J\u00e4rvaveckan"},"content":{"rendered":"<h1><strong>Event partner and <\/strong>comprehensive Event solutions provider at J\u00e4rvaveckan<\/h1>\n<p>Workman Event is a proud event partner and full service supplier to J\u00e4rvaveckan, an important meeting place for open conversations and broadened horizons. Our collaboration with J\u00e4rvaveckan started in 2018 and since then we have been involved in developing the event in its physical form.<\/p>\n<h2><strong>Optimal planning for the dynamics of J\u00e4rva Week<\/strong><\/h2>\n<p>We work actively with the organizer to plan the layout of the area to create a smooth and well-organized environment for visitors and participants. With around 50 tents, 4 seminar stages (one with live streaming) and an impressive main stage where everything from party leader debates to live artists take place, we create a dynamic and engaging environment.<\/p>\n<p>In addition, we take care of electrical wiring, plumbing, cleaning and toilets to ensure a comfortable and safe experience for everyone. For exhibitors, we supply everything from carpets and printed veils to furniture and displays to maximize their presence and visibility. With responsibility for the graphic production, we ensure that signs and decoration reflect the identity and message of J\u00e4rvaveckan.<\/p>\n<h2><strong>Complete service from Workman for J\u00e4rvaveckans success<\/strong><\/h2>\n<p>In addition to this, we are also responsible for all technology on site during J\u00e4rvaveckan. From sound and lighting systems to live streaming, we ensure that technology is seamlessly integrated to enhance the visitor experience and make it easier for speakers and participants to communicate their messages. With our dedication and experience, we look forward to continuing to contribute to the success and development of J\u00e4rvaveckan, to continue to be a platform for positive conversations and progressive change.<\/p>\n\n\t\t\t<div id='gallery-13377-2860-1' class='gallery gallery-13377-2860-1'>\n\t\t\t\t\t<dl class='gallery-item col-3'>\n\t\t\t\t\t\t<dt class='gallery-icon gallery_image_1'><a href=\"https:\/\/www.workman.se\/wp-content\/uploads\/2024\/03\/Jarvaveckan-besokare-7.webp\" class=\"lightbox image_icon_zoom gallery-image-wrap\" title=\"\" rel=\"image-gallery-group-13377-548\" alt=\"\" data-fittoview=\"true\"><img decoding=\"async\" src=\"https:\/\/www.workman.se\/wp-content\/uploads\/strikingr\/images\/12506_Jarvaveckan-besokare-7-292x190.webp\" alt=\"J\u00e4rvaveckan bes\u00f6kare-7\" class=\"gallery-image theme-gallery-image attachment-Full\" width =\"292\" height =\"190\"  data-thumbnail=\"12506\"  data-thumbnail-class=\"MTI1MDY=\"\/><\/a><\/dt>\n\t\t\t\t\t<\/dl>\n\t\t\t\t\t<dl class='gallery-item col-3'>\n\t\t\t\t\t\t<dt class='gallery-icon gallery_image_2'><a href=\"https:\/\/www.workman.se\/wp-content\/uploads\/2024\/03\/Jarvaveckan-besokare-och-vy-2.webp\" class=\"lightbox image_icon_zoom gallery-image-wrap\" title=\"\" rel=\"image-gallery-group-13377-548\" alt=\"\" data-fittoview=\"true\"><img decoding=\"async\" src=\"https:\/\/www.workman.se\/wp-content\/uploads\/strikingr\/images\/12496_Jarvaveckan-besokare-och-vy-2-292x190.webp\" alt=\"J\u00e4rvaveckan bes\u00f6kare och vy-2\" class=\"gallery-image theme-gallery-image attachment-Full\" width =\"292\" height =\"190\"  data-thumbnail=\"12496\"  data-thumbnail-class=\"MTI0OTY=\"\/><\/a><\/dt>\n\t\t\t\t\t<\/dl>\n\t\t\t\t\t<dl class='gallery-item col-3'>\n\t\t\t\t\t\t<dt class='gallery-icon gallery_image_3'><a href=\"https:\/\/www.workman.se\/wp-content\/uploads\/2024\/03\/Jarvaveckan-besokare-och-vy-8.webp\" class=\"lightbox image_icon_zoom gallery-image-wrap\" title=\"\" rel=\"image-gallery-group-13377-548\" alt=\"\" data-fittoview=\"true\"><img decoding=\"async\" src=\"https:\/\/www.workman.se\/wp-content\/uploads\/strikingr\/images\/12504_Jarvaveckan-besokare-och-vy-8-292x190.webp\" alt=\"J\u00e4rvaveckan bes\u00f6kare och vy-8\" class=\"gallery-image theme-gallery-image attachment-Full\" width =\"292\" height =\"190\"  data-thumbnail=\"12504\"  data-thumbnail-class=\"MTI1MDQ=\"\/><\/a><\/dt>\n\t\t\t\t\t<\/dl>\n\t\t\t\t\t<dl class='gallery-item col-3'>\n\t\t\t\t\t\t<dt class='gallery-icon gallery_image_4'><a href=\"https:\/\/www.workman.se\/wp-content\/uploads\/2024\/03\/Jarvaveckan-besokare-och-vy-9.webp\" class=\"lightbox image_icon_zoom gallery-image-wrap\" title=\"\" rel=\"image-gallery-group-13377-548\" alt=\"\" data-fittoview=\"true\"><img decoding=\"async\" src=\"https:\/\/www.workman.se\/wp-content\/uploads\/strikingr\/images\/12502_Jarvaveckan-besokare-och-vy-9-292x190.webp\" alt=\"J\u00e4rvaveckan bes\u00f6kare och vy-9\" class=\"gallery-image theme-gallery-image attachment-Full\" width =\"292\" height =\"190\"  data-thumbnail=\"12502\"  data-thumbnail-class=\"MTI1MDI=\"\/><\/a><\/dt>\n\t\t\t\t\t<\/dl>\n\t\t\t\t\t<dl class='gallery-item col-3'>\n\t\t\t\t\t\t<dt class='gallery-icon gallery_image_5'><a href=\"https:\/\/www.workman.se\/wp-content\/uploads\/2024\/03\/Jarvaveckan-besokare-4.webp\" class=\"lightbox image_icon_zoom gallery-image-wrap\" title=\"\" rel=\"image-gallery-group-13377-548\" alt=\"\" data-fittoview=\"true\"><img decoding=\"async\" src=\"https:\/\/www.workman.se\/wp-content\/uploads\/strikingr\/images\/12512_Jarvaveckan-besokare-4-292x190.webp\" alt=\"J\u00e4rvaveckan bes\u00f6kare-4\" class=\"gallery-image theme-gallery-image attachment-Full\" width =\"292\" height =\"190\"  data-thumbnail=\"12512\"  data-thumbnail-class=\"MTI1MTI=\"\/><\/a><\/dt>\n\t\t\t\t\t<\/dl>\n\t\t\t\t\t<dl class='gallery-item col-3'>\n\t\t\t\t\t\t<dt class='gallery-icon gallery_image_6'><a href=\"https:\/\/www.workman.se\/wp-content\/uploads\/2024\/03\/Jarvaveckan-besokare-och-vy-1.webp\" class=\"lightbox image_icon_zoom gallery-image-wrap\" title=\"\" rel=\"image-gallery-group-13377-548\" alt=\"\" data-fittoview=\"true\"><img decoding=\"async\" src=\"https:\/\/www.workman.se\/wp-content\/uploads\/strikingr\/images\/12498_Jarvaveckan-besokare-och-vy-1-292x190.webp\" alt=\"J\u00e4rvaveckan bes\u00f6kare och vy-1\" class=\"gallery-image theme-gallery-image attachment-Full\" width =\"292\" height =\"190\"  data-thumbnail=\"12498\"  data-thumbnail-class=\"MTI0OTg=\"\/><\/a><\/dt>\n\t\t\t\t\t<\/dl>\n\t\t\t\t\t<dl class='gallery-item col-3'>\n\t\t\t\t\t\t<dt class='gallery-icon gallery_image_7'><a href=\"https:\/\/www.workman.se\/wp-content\/uploads\/2024\/03\/Jarvaveckan-besokare-och-vy-10.webp\" class=\"lightbox image_icon_zoom gallery-image-wrap\" title=\"\" rel=\"image-gallery-group-13377-548\" alt=\"\" data-fittoview=\"true\"><img decoding=\"async\" src=\"https:\/\/www.workman.se\/wp-content\/uploads\/strikingr\/images\/12500_Jarvaveckan-besokare-och-vy-10-292x190.webp\" alt=\"J\u00e4rvaveckan bes\u00f6kare och vy-10\" class=\"gallery-image theme-gallery-image attachment-Full\" width =\"292\" height =\"190\"  data-thumbnail=\"12500\"  data-thumbnail-class=\"MTI1MDA=\"\/><\/a><\/dt>\n\t\t\t\t\t<\/dl>\n\t\t\t\t\t<dl class='gallery-item col-3'>\n\t\t\t\t\t\t<dt class='gallery-icon gallery_image_8'><a href=\"https:\/\/www.workman.se\/wp-content\/uploads\/2024\/03\/Jarvaveckan-besokare-6.webp\" class=\"lightbox image_icon_zoom gallery-image-wrap\" title=\"\" rel=\"image-gallery-group-13377-548\" alt=\"\" data-fittoview=\"true\"><img decoding=\"async\" src=\"https:\/\/www.workman.se\/wp-content\/uploads\/strikingr\/images\/12508_Jarvaveckan-besokare-6-292x190.webp\" alt=\"J\u00e4rvaveckan bes\u00f6kare-6\" class=\"gallery-image theme-gallery-image attachment-Full\" width =\"292\" height =\"190\"  data-thumbnail=\"12508\"  data-thumbnail-class=\"MTI1MDg=\"\/><\/a><\/dt>\n\t\t\t\t\t<\/dl>\n\t\t\t\t\t<dl class='gallery-item col-3'>\n\t\t\t\t\t\t<dt class='gallery-icon gallery_image_9'><a href=\"https:\/\/www.workman.se\/wp-content\/uploads\/2024\/03\/Jarvaveckan-besokare-5.webp\" class=\"lightbox image_icon_zoom gallery-image-wrap\" title=\"\" rel=\"image-gallery-group-13377-548\" alt=\"\" data-fittoview=\"true\"><img decoding=\"async\" src=\"https:\/\/www.workman.se\/wp-content\/uploads\/strikingr\/images\/12510_Jarvaveckan-besokare-5-292x190.webp\" alt=\"J\u00e4rvaveckan bes\u00f6kare-5\" class=\"gallery-image theme-gallery-image attachment-Full\" width =\"292\" height =\"190\"  data-thumbnail=\"12510\"  data-thumbnail-class=\"MTI1MTA=\"\/><\/a><\/dt>\n\t\t\t\t\t<\/dl>\n\t\t\t\t\t<dl class='gallery-item col-3'>\n\t\t\t\t\t\t<dt class='gallery-icon gallery_image_10'><a href=\"https:\/\/www.workman.se\/wp-content\/uploads\/2024\/03\/Jarvaveckan-besokare-2.webp\" class=\"lightbox image_icon_zoom gallery-image-wrap\" title=\"\" rel=\"image-gallery-group-13377-548\" alt=\"\" data-fittoview=\"true\"><img decoding=\"async\" src=\"https:\/\/www.workman.se\/wp-content\/uploads\/strikingr\/images\/12518_Jarvaveckan-besokare-2-292x190.webp\" alt=\"J\u00e4rvaveckan bes\u00f6kare-2\" class=\"gallery-image theme-gallery-image attachment-Full\" width =\"292\" height =\"190\"  data-thumbnail=\"12518\"  data-thumbnail-class=\"MTI1MTg=\"\/><\/a><\/dt>\n\t\t\t\t\t<\/dl>\n\t\t\t\t\t<dl class='gallery-item col-3'>\n\t\t\t\t\t\t<dt class='gallery-icon gallery_image_11'><a href=\"https:\/\/www.workman.se\/wp-content\/uploads\/2024\/03\/Jarvaveckan-besokare-3.webp\" class=\"lightbox image_icon_zoom gallery-image-wrap\" title=\"\" rel=\"image-gallery-group-13377-548\" alt=\"\" data-fittoview=\"true\"><img decoding=\"async\" src=\"https:\/\/www.workman.se\/wp-content\/uploads\/strikingr\/images\/12514_Jarvaveckan-besokare-3-292x190.webp\" alt=\"J\u00e4rvaveckan bes\u00f6kare-3\" class=\"gallery-image theme-gallery-image attachment-Full\" width =\"292\" height =\"190\"  data-thumbnail=\"12514\"  data-thumbnail-class=\"MTI1MTQ=\"\/><\/a><\/dt>\n\t\t\t\t\t<\/dl>\n\t\t\t\t\t<dl class='gallery-item col-3'>\n\t\t\t\t\t\t<dt class='gallery-icon gallery_image_12'><a href=\"https:\/\/www.workman.se\/wp-content\/uploads\/2024\/03\/Jarvaveckan-Informationsskylt-Workman-Event-produktionspartner.webp\" class=\"lightbox image_icon_zoom gallery-image-wrap\" title=\"\" rel=\"image-gallery-group-13377-548\" alt=\"\" data-fittoview=\"true\"><img decoding=\"async\" src=\"https:\/\/www.workman.se\/wp-content\/uploads\/strikingr\/images\/12516_Jarvaveckan-Informationsskylt-Workman-Event-produktionspartner-292x190.webp\" alt=\"J\u00e4rvaveckan Informationsskylt Workman Event produktionspartner\" class=\"gallery-image theme-gallery-image attachment-Full\" width =\"292\" height =\"190\"  data-thumbnail=\"12516\"  data-thumbnail-class=\"MTI1MTY=\"\/><\/a><\/dt>\n\t\t\t\t\t<\/dl>\n\t\t\t<\/div><!-- .gallery -->\n\n","protected":false},"excerpt":{"rendered":"<p>Event partner and comprehensive Event solutions provider at J\u00e4rvaveckan Workman Event is a proud event partner and full service supplier to J\u00e4rvaveckan, an important meeting place for open conversations and broadened horizons. Our collaboration with J\u00e4rvaveckan started in 2018 and since then we have been involved in developing the event in its physical form. Optimal &#8230;<\/p>\n","protected":false},"author":2,"featured_media":0,"parent":0,"menu_order":0,"comment_status":"closed","ping_status":"closed","template":"","meta":{"footnotes":""},"class_list":["post-13377","page","type-page","status-publish","hentry"],"yoast_head":"<!-- This site is optimized with the Yoast SEO plugin v26.4 - https:\/\/yoast.com\/wordpress\/plugins\/seo\/ -->\n<title>Event partner and Event supplier at J\u00e4rvaveckan - Workman Event AB<\/title>\n<meta name=\"robots\" content=\"index, follow, max-snippet:-1, max-image-preview:large, max-video-preview:-1\" \/>\n<link rel=\"canonical\" href=\"https:\/\/www.workman.se\/en\/event-partner-and-event-supplier-at-jarvaveckan\/\" \/>\n<meta property=\"og:locale\" content=\"en_US\" \/>\n<meta property=\"og:type\" content=\"article\" \/>\n<meta property=\"og:title\" content=\"Event partner and Event supplier at J\u00e4rvaveckan - Workman Event AB\" \/>\n<meta property=\"og:description\" content=\"Event partner and comprehensive Event solutions provider at J\u00e4rvaveckan Workman Event is a proud event partner and full service supplier to J\u00e4rvaveckan, an important meeting place for open conversations and broadened horizons. Our collaboration with J\u00e4rvaveckan started in 2018 and since then we have been involved in developing the event in its physical form. Optimal ...\" \/>\n<meta property=\"og:url\" content=\"https:\/\/www.workman.se\/en\/event-partner-and-event-supplier-at-jarvaveckan\/\" \/>\n<meta property=\"og:site_name\" content=\"Workman Event AB\" \/>\n<meta property=\"article:publisher\" content=\"https:\/\/www.facebook.com\/workmanevent\/\" \/>\n<meta property=\"article:modified_time\" content=\"2024-06-17T11:14:09+00:00\" \/>\n<meta property=\"og:image\" content=\"https:\/\/www.workman.se\/wp-content\/uploads\/2024\/03\/Jarvaveckan-besokare-7.webp\" \/>\n<meta name=\"twitter:card\" content=\"summary_large_image\" \/>\n<meta name=\"twitter:label1\" content=\"Est. reading time\" \/>\n\t<meta name=\"twitter:data1\" content=\"2 minutes\" \/>\n<script type=\"application\/ld+json\" class=\"yoast-schema-graph\">{\"@context\":\"https:\/\/schema.org\",\"@graph\":[{\"@type\":\"WebPage\",\"@id\":\"https:\/\/www.workman.se\/en\/event-partner-and-event-supplier-at-jarvaveckan\/\",\"url\":\"https:\/\/www.workman.se\/en\/event-partner-and-event-supplier-at-jarvaveckan\/\",\"name\":\"Event partner and Event supplier at J\u00e4rvaveckan - Workman Event AB\",\"isPartOf\":{\"@id\":\"https:\/\/www.workman.se\/en\/#website\"},\"datePublished\":\"2024-03-08T15:25:42+00:00\",\"dateModified\":\"2024-06-17T11:14:09+00:00\",\"inLanguage\":\"en-US\",\"potentialAction\":[{\"@type\":\"ReadAction\",\"target\":[\"https:\/\/www.workman.se\/en\/event-partner-and-event-supplier-at-jarvaveckan\/\"]}]},{\"@type\":\"WebSite\",\"@id\":\"https:\/\/www.workman.se\/en\/#website\",\"url\":\"https:\/\/www.workman.se\/en\/\",\"name\":\"Workman Event\",\"description\":\"Om ni kan t\u00e4nka det s\u00e5 kan vi skapa det...\",\"publisher\":{\"@id\":\"https:\/\/www.workman.se\/en\/#organization\"},\"potentialAction\":[{\"@type\":\"SearchAction\",\"target\":{\"@type\":\"EntryPoint\",\"urlTemplate\":\"https:\/\/www.workman.se\/en\/?s={search_term_string}\"},\"query-input\":{\"@type\":\"PropertyValueSpecification\",\"valueRequired\":true,\"valueName\":\"search_term_string\"}}],\"inLanguage\":\"en-US\"},{\"@type\":\"Organization\",\"@id\":\"https:\/\/www.workman.se\/en\/#organization\",\"name\":\"Workman Event AB\",\"url\":\"https:\/\/www.workman.se\/en\/\",\"logo\":{\"@type\":\"ImageObject\",\"inLanguage\":\"en-US\",\"@id\":\"https:\/\/www.workman.se\/en\/#\/schema\/logo\/image\/\",\"url\":\"https:\/\/www.workman.se\/wp-content\/uploads\/2024\/01\/Workman-Logotyp-svart-text-1-1.webp\",\"contentUrl\":\"https:\/\/www.workman.se\/wp-content\/uploads\/2024\/01\/Workman-Logotyp-svart-text-1-1.webp\",\"width\":150,\"height\":111,\"caption\":\"Workman Event AB\"},\"image\":{\"@id\":\"https:\/\/www.workman.se\/en\/#\/schema\/logo\/image\/\"},\"sameAs\":[\"https:\/\/www.facebook.com\/workmanevent\/\",\"https:\/\/www.instagram.com\/workman.se\/\",\"https:\/\/www.linkedin.com\/company\/workman-event-ab\"]}]}<\/script>\n<!-- \/ Yoast SEO plugin. -->","yoast_head_json":{"title":"Event partner and Event supplier at J\u00e4rvaveckan - Workman Event AB","robots":{"index":"index","follow":"follow","max-snippet":"max-snippet:-1","max-image-preview":"max-image-preview:large","max-video-preview":"max-video-preview:-1"},"canonical":"https:\/\/www.workman.se\/en\/event-partner-and-event-supplier-at-jarvaveckan\/","og_locale":"en_US","og_type":"article","og_title":"Event partner and Event supplier at J\u00e4rvaveckan - Workman Event AB","og_description":"Event partner and comprehensive Event solutions provider at J\u00e4rvaveckan Workman Event is a proud event partner and full service supplier to J\u00e4rvaveckan, an important meeting place for open conversations and broadened horizons. Our collaboration with J\u00e4rvaveckan started in 2018 and since then we have been involved in developing the event in its physical form. Optimal ...","og_url":"https:\/\/www.workman.se\/en\/event-partner-and-event-supplier-at-jarvaveckan\/","og_site_name":"Workman Event AB","article_publisher":"https:\/\/www.facebook.com\/workmanevent\/","article_modified_time":"2024-06-17T11:14:09+00:00","og_image":[{"url":"https:\/\/www.workman.se\/wp-content\/uploads\/2024\/03\/Jarvaveckan-besokare-7.webp","type":"","width":"","height":""}],"twitter_card":"summary_large_image","twitter_misc":{"Est. reading time":"2 minutes"},"schema":{"@context":"https:\/\/schema.org","@graph":[{"@type":"WebPage","@id":"https:\/\/www.workman.se\/en\/event-partner-and-event-supplier-at-jarvaveckan\/","url":"https:\/\/www.workman.se\/en\/event-partner-and-event-supplier-at-jarvaveckan\/","name":"Event partner and Event supplier at J\u00e4rvaveckan - Workman Event AB","isPartOf":{"@id":"https:\/\/www.workman.se\/en\/#website"},"datePublished":"2024-03-08T15:25:42+00:00","dateModified":"2024-06-17T11:14:09+00:00","inLanguage":"en-US","potentialAction":[{"@type":"ReadAction","target":["https:\/\/www.workman.se\/en\/event-partner-and-event-supplier-at-jarvaveckan\/"]}]},{"@type":"WebSite","@id":"https:\/\/www.workman.se\/en\/#website","url":"https:\/\/www.workman.se\/en\/","name":"Workman Event","description":"Om ni kan t\u00e4nka det s\u00e5 kan vi skapa det...","publisher":{"@id":"https:\/\/www.workman.se\/en\/#organization"},"potentialAction":[{"@type":"SearchAction","target":{"@type":"EntryPoint","urlTemplate":"https:\/\/www.workman.se\/en\/?s={search_term_string}"},"query-input":{"@type":"PropertyValueSpecification","valueRequired":true,"valueName":"search_term_string"}}],"inLanguage":"en-US"},{"@type":"Organization","@id":"https:\/\/www.workman.se\/en\/#organization","name":"Workman Event AB","url":"https:\/\/www.workman.se\/en\/","logo":{"@type":"ImageObject","inLanguage":"en-US","@id":"https:\/\/www.workman.se\/en\/#\/schema\/logo\/image\/","url":"https:\/\/www.workman.se\/wp-content\/uploads\/2024\/01\/Workman-Logotyp-svart-text-1-1.webp","contentUrl":"https:\/\/www.workman.se\/wp-content\/uploads\/2024\/01\/Workman-Logotyp-svart-text-1-1.webp","width":150,"height":111,"caption":"Workman Event AB"},"image":{"@id":"https:\/\/www.workman.se\/en\/#\/schema\/logo\/image\/"},"sameAs":["https:\/\/www.facebook.com\/workmanevent\/","https:\/\/www.instagram.com\/workman.se\/","https:\/\/www.linkedin.com\/company\/workman-event-ab"]}]}},"_links":{"self":[{"href":"https:\/\/www.workman.se\/en\/wp-json\/wp\/v2\/pages\/13377","targetHints":{"allow":["GET"]}}],"collection":[{"href":"https:\/\/www.workman.se\/en\/wp-json\/wp\/v2\/pages"}],"about":[{"href":"https:\/\/www.workman.se\/en\/wp-json\/wp\/v2\/types\/page"}],"author":[{"embeddable":true,"href":"https:\/\/www.workman.se\/en\/wp-json\/wp\/v2\/users\/2"}],"replies":[{"embeddable":true,"href":"https:\/\/www.workman.se\/en\/wp-json\/wp\/v2\/comments?post=13377"}],"version-history":[{"count":0,"href":"https:\/\/www.workman.se\/en\/wp-json\/wp\/v2\/pages\/13377\/revisions"}],"wp:attachment":[{"href":"https:\/\/www.workman.se\/en\/wp-json\/wp\/v2\/media?parent=13377"}],"curies":[{"name":"wp","href":"https:\/\/api.w.org\/{rel}","templated":true}]}}