{"id":13383,"date":"2024-01-19T09:41:32","date_gmt":"2024-01-19T08:41:32","guid":{"rendered":"https:\/\/www.workman.se\/\/organizing-partner-and-full-service-provider\/"},"modified":"2025-10-09T14:43:35","modified_gmt":"2025-10-09T12:43:35","slug":"event-partner-and-event-provider","status":"publish","type":"page","link":"https:\/\/www.workman.se\/en\/event-partner-and-event-provider\/","title":{"rendered":"Event partner and event provider"},"content":{"rendered":"<h1><strong>Event partner and first-class event supplier<\/strong><\/h1>\n<p>We specialize in creating fairs\/exhibitions or events in various venues, from giant stadiums to conference rooms. As your <strong>full-service provider<\/strong>, we take care of everything from production, logistics to installation services for your exhibitors. Our flexible and resourceful organization allows for quick adaptation to meet the specific wishes of the client.<\/p>\n<h2><strong>Scandinavia&#8217;s reliable full-service supplier for fairs, exhibitions, events and other arrangements<br \/>\n<\/strong><\/h2>\n<p>With establishments in several locations in Sweden and Norway, we are a leader in event production and complete solutions for fairs, events and interior design production in Scandinavia.<\/p>\n<h2><strong>Impressive portfolio of over 200 events and fairs annually!<\/strong><\/h2>\n<p>We have extensive experience and expertise in all large and small stadiums and different types of venues. It is a great advantage that we know how arenas in Sweden and Norway work and their conditions. This way, we ensure to deliver exceptional events, whether it is an arena, event venue, exhibition center, conference venue, outdoor sports venue.<\/p>\n<h2><a href=\"https:\/\/www.workman.se\/en\/event-partner-and-event-supplier-at-svenska-maskinmassan\/\"><strong>For example, we are an Event partner of the 2024 Machinery Fair<\/strong><\/a><\/h2>\n<p>We are proud to have been selected as the main partner and <strong>full-scale event supplier for the Machinery Fair 2024<\/strong>. As a full-service provider, we cover every detail, from planning and design to production and implementation. Our aim is to create an unrivaled event experience where every aspect, from logistics to presentation, reflects the highest quality and precision. With our wide range of expertise and experience, we are ready to make the Machinery Fair 2024 a memorable and successful event.<\/p>\n<h2><strong>Yes, Workman can even turn a trotting track into an outstanding fair!<\/strong><\/h2>\n<div class=\"one_third\"><h2><a href=\"https:\/\/www.workman.se\/en\/event-partner-and-event-supplier-at-svenska-maskinmassan\/\">A giant fair at Solvalla<\/a> <i class=\"iconfont theme-icon icon-arrow-right theme-icon-1x\" style=\"color:#E4BB29\"><\/i><\/h2><\/div> <div class=\"two_third last\"><div id=\"image_527\" class=\"easy_image_wrapper  image_fit_mobile\" style=\"width:100%\"><div class=\"easy_image\"><a class=\"\"  title=\"\" href=\"https:\/\/www.workman.se\/en\/event-partner-and-event-supplier-at-svenska-maskinmassan\/\"><img decoding=\"async\" id=\"image_527\" class=\"easy-image\" width=\"100%\" height=\"599\" alt=\"Workman Event Arrang\u00f6rspartner Solvalla\" src=\"https:\/\/www.workman.se\/wp-content\/uploads\/2024\/02\/Workman-Event-Arrangorspartner-Solvalla-1.webp\" data-theme-retina-image=\"false\"  data-thumbnail=\"11087\" data-thumbnail-class=\"IjExMDg3Ig==\" \/><\/a><\/div><\/div><\/div><div class=\"clearboth\"><\/div>\n<h2><\/h2>\n<h2><strong>A great building system for fairs and exhibitions<br \/>\n<\/strong><\/h2>\n<div class=\"one_third\"><h2><a href=\"https:\/\/www.workman.se\/en\/event-partner-and-event-supplier-at-waterfront\/\">Full-service provider, a fair at Waterfront <\/a><i class=\"iconfont theme-icon icon-arrow-right theme-icon-1x\" style=\"color:#E4BB29\"><\/i><\/h2><\/div> <div class=\"two_third last\"><div id=\"image_708\" class=\"easy_image_wrapper  image_fit_mobile\" style=\"width:100%\"><div class=\"easy_image\"><a class=\"\"  title=\"\" href=\"https:\/\/www.workman.se\/en\/event-partner-and-event-supplier-at-waterfront\/\"><img decoding=\"async\" id=\"image_708\" class=\"easy-image\" width=\"100%\" height=\"2252\" alt=\"Workman Event Evenemangsleverant\u00f6r Waterfront (8)\" src=\"https:\/\/www.workman.se\/wp-content\/uploads\/2024\/02\/Workman-Event-Evenemangsleverantor-Waterfront-8-1.jpg\" data-theme-retina-image=\"false\"  data-thumbnail=\"11857\" data-thumbnail-class=\"IjExODU3Ig==\" \/><\/a><\/div><\/div><\/div><div class=\"clearboth\"><\/div>\n<h2><\/h2>\n<h2><strong>Our collaboration with J\u00e4rvaveckan since 2018<\/strong><\/h2>\n<div class=\"one_third\"><h2><a href=\"https:\/\/www.workman.se\/en\/event-partner-and-event-supplier-at-jarvaveckan\/\">Organizing partner and full-service provider at J\u00e4rvaveckan<\/a><i class=\"iconfont theme-icon icon-arrow-right theme-icon-1x\" style=\"color:#E4BB29\"><\/i><\/h2>\n<h4><\/h4><\/div> <div class=\"two_third last\"><h4><\/h4>\n<div id=\"image_523\" class=\"easy_image_wrapper  image_fit_mobile\" style=\"width:100%\"><div class=\"easy_image\"><a class=\"\"  title=\"\" href=\"https:\/\/www.workman.se\/en\/event-partner-and-event-supplier-at-jarvaveckan\/\"><img decoding=\"async\" id=\"image_523\" class=\"easy-image\" width=\"100%\" height=\"518\" alt=\"J\u00e4rvaveckan Workman Event Totalleverant\u00f6r\" src=\"https:\/\/www.workman.se\/wp-content\/uploads\/2024\/02\/Jarvaveckan-Workman-Event-Totalleverantor.jpg\" data-theme-retina-image=\"false\"  data-thumbnail=\"11960\" data-thumbnail-class=\"IjExOTYwIg==\" \/><\/a><\/div><\/div><\/div><div class=\"clearboth\"><\/div>\n<h2><strong>Why Workman Event?<\/strong><\/h2>\n<p>We go beyond basic solutions to offer a total delivery. Our experienced team of specialists takes care of everything, from production to, for example, installation services, making the ordering process easy and smooth for exhibitors. All in all, this makes us the perfect organizing partner for your project. As a full-service provider, our experienced team takes care of everything! <strong>Stands for trade fairs &#8211; We really do deliver everything!<\/strong><\/p>\n<h4><strong><span class=\"theme_text_icon\"><i class=\"text_icon  icon_check-circle black text_icon_theme\"><\/i>Experience<\/span><\/strong><\/h4>\n<p>With over 25 years of experience, Workman Event has established itself as a reliable player in the industry, giving you in-depth expertise and understanding of the technical and logistical aspects of trade show production.<\/p>\n<h4><strong><span class=\"theme_text_icon\"><i class=\"text_icon  icon_check-circle black text_icon_theme\"><\/i>Operational fair production<\/span><\/strong><\/h4>\n<p>We have demonstrated our expertise in operational trade fair production by acting as a responsible subcontractor and organizing partner at well-known venues such as Kistam\u00e4ssan, Scandinavian XPO, Stockholmsm\u00e4ssan, Elmiam\u00e4ssan in Gothenburg and Quben in Norway. It demonstrates our ability to implement and run large events successfully.<\/p>\n<h4><strong><span class=\"theme_text_icon\"><i class=\"text_icon  icon_check-circle black text_icon_theme\"><\/i>Rental of equipment<\/span><\/strong><\/h4>\n<p>Our huge rental range, including furniture, technology and other trade show related products, positions us as a complete supplier that can provide everything required for a successful trade show or event.<\/p>\n<h4><strong><span class=\"theme_text_icon\"><i class=\"text_icon  icon_check-circle black text_icon_theme\"><\/i>Logistics management<\/span><\/strong><\/h4>\n<p>As we take responsibility for logistics, freight reception and stand services to all exhibitors, it demonstrates our ability to effectively manage and coordinate all aspects of the exhibition production.<\/p>\n<h4><strong><span class=\"theme_text_icon\"><i class=\"text_icon  icon_check-circle black text_icon_theme\"><\/i>Flexible cooperation<\/span><\/strong><\/h4>\n<p>We are used to working flexibly and collaboratively with different stakeholders such as event companies, PR agencies, interior design companies and architects. We have experience and great ability to adapt to different customer needs and requirements.<\/p>\n","protected":false},"excerpt":{"rendered":"<p>Event partner and first-class event supplier We specialize in creating fairs\/exhibitions or events in various venues, from giant stadiums to conference rooms. As your full-service provider, we take care of everything from production, logistics to installation services for your exhibitors. Our flexible and resourceful organization allows for quick adaptation to meet the specific wishes of &#8230;<\/p>\n","protected":false},"author":2,"featured_media":0,"parent":0,"menu_order":0,"comment_status":"closed","ping_status":"closed","template":"","meta":{"footnotes":""},"class_list":["post-13383","page","type-page","status-publish","hentry"],"yoast_head":"<!-- This site is optimized with the Yoast SEO plugin v27.4 - https:\/\/yoast.com\/product\/yoast-seo-wordpress\/ -->\n<title>Event partner and event provider - Workman Event AB<\/title>\n<meta name=\"robots\" content=\"index, follow, max-snippet:-1, max-image-preview:large, max-video-preview:-1\" \/>\n<link rel=\"canonical\" href=\"https:\/\/www.workman.se\/en\/event-partner-and-event-provider\/\" \/>\n<meta property=\"og:locale\" content=\"en_US\" \/>\n<meta property=\"og:type\" content=\"article\" \/>\n<meta property=\"og:title\" content=\"Event partner and event provider - Workman Event AB\" \/>\n<meta property=\"og:description\" content=\"Event partner and first-class event supplier We specialize in creating fairs\/exhibitions or events in various venues, from giant stadiums to conference rooms. As your full-service provider, we take care of everything from production, logistics to installation services for your exhibitors. Our flexible and resourceful organization allows for quick adaptation to meet the specific wishes of ...\" \/>\n<meta property=\"og:url\" content=\"https:\/\/www.workman.se\/en\/event-partner-and-event-provider\/\" \/>\n<meta property=\"og:site_name\" content=\"Workman Event AB\" \/>\n<meta property=\"article:publisher\" content=\"https:\/\/www.facebook.com\/workmanevent\/\" \/>\n<meta property=\"article:modified_time\" content=\"2025-10-09T12:43:35+00:00\" \/>\n<meta name=\"twitter:card\" content=\"summary_large_image\" \/>\n<meta name=\"twitter:label1\" content=\"Est. reading time\" \/>\n\t<meta name=\"twitter:data1\" content=\"3 minutes\" \/>\n<script type=\"application\/ld+json\" class=\"yoast-schema-graph\">{\"@context\":\"https:\\\/\\\/schema.org\",\"@graph\":[{\"@type\":\"WebPage\",\"@id\":\"https:\\\/\\\/www.workman.se\\\/en\\\/event-partner-and-event-provider\\\/\",\"url\":\"https:\\\/\\\/www.workman.se\\\/en\\\/event-partner-and-event-provider\\\/\",\"name\":\"Event partner and event provider - Workman Event AB\",\"isPartOf\":{\"@id\":\"https:\\\/\\\/www.workman.se\\\/en\\\/#website\"},\"datePublished\":\"2024-01-19T08:41:32+00:00\",\"dateModified\":\"2025-10-09T12:43:35+00:00\",\"inLanguage\":\"en-US\",\"potentialAction\":[{\"@type\":\"ReadAction\",\"target\":[\"https:\\\/\\\/www.workman.se\\\/en\\\/event-partner-and-event-provider\\\/\"]}]},{\"@type\":\"WebSite\",\"@id\":\"https:\\\/\\\/www.workman.se\\\/en\\\/#website\",\"url\":\"https:\\\/\\\/www.workman.se\\\/en\\\/\",\"name\":\"Workman Event\",\"description\":\"Om ni kan t\u00e4nka det s\u00e5 kan vi skapa det...\",\"publisher\":{\"@id\":\"https:\\\/\\\/www.workman.se\\\/en\\\/#organization\"},\"potentialAction\":[{\"@type\":\"SearchAction\",\"target\":{\"@type\":\"EntryPoint\",\"urlTemplate\":\"https:\\\/\\\/www.workman.se\\\/en\\\/?s={search_term_string}\"},\"query-input\":{\"@type\":\"PropertyValueSpecification\",\"valueRequired\":true,\"valueName\":\"search_term_string\"}}],\"inLanguage\":\"en-US\"},{\"@type\":\"Organization\",\"@id\":\"https:\\\/\\\/www.workman.se\\\/en\\\/#organization\",\"name\":\"Workman Event AB\",\"url\":\"https:\\\/\\\/www.workman.se\\\/en\\\/\",\"logo\":{\"@type\":\"ImageObject\",\"inLanguage\":\"en-US\",\"@id\":\"https:\\\/\\\/www.workman.se\\\/en\\\/#\\\/schema\\\/logo\\\/image\\\/\",\"url\":\"https:\\\/\\\/www.workman.se\\\/wp-content\\\/uploads\\\/2024\\\/01\\\/Workman-Logotyp-svart-text-1-1.webp\",\"contentUrl\":\"https:\\\/\\\/www.workman.se\\\/wp-content\\\/uploads\\\/2024\\\/01\\\/Workman-Logotyp-svart-text-1-1.webp\",\"width\":150,\"height\":111,\"caption\":\"Workman Event AB\"},\"image\":{\"@id\":\"https:\\\/\\\/www.workman.se\\\/en\\\/#\\\/schema\\\/logo\\\/image\\\/\"},\"sameAs\":[\"https:\\\/\\\/www.facebook.com\\\/workmanevent\\\/\",\"https:\\\/\\\/www.instagram.com\\\/workman.se\\\/\",\"https:\\\/\\\/www.linkedin.com\\\/company\\\/workman-event-ab\"]}]}<\/script>\n<!-- \/ Yoast SEO plugin. -->","yoast_head_json":{"title":"Event partner and event provider - Workman Event AB","robots":{"index":"index","follow":"follow","max-snippet":"max-snippet:-1","max-image-preview":"max-image-preview:large","max-video-preview":"max-video-preview:-1"},"canonical":"https:\/\/www.workman.se\/en\/event-partner-and-event-provider\/","og_locale":"en_US","og_type":"article","og_title":"Event partner and event provider - Workman Event AB","og_description":"Event partner and first-class event supplier We specialize in creating fairs\/exhibitions or events in various venues, from giant stadiums to conference rooms. As your full-service provider, we take care of everything from production, logistics to installation services for your exhibitors. Our flexible and resourceful organization allows for quick adaptation to meet the specific wishes of ...","og_url":"https:\/\/www.workman.se\/en\/event-partner-and-event-provider\/","og_site_name":"Workman Event AB","article_publisher":"https:\/\/www.facebook.com\/workmanevent\/","article_modified_time":"2025-10-09T12:43:35+00:00","twitter_card":"summary_large_image","twitter_misc":{"Est. reading time":"3 minutes"},"schema":{"@context":"https:\/\/schema.org","@graph":[{"@type":"WebPage","@id":"https:\/\/www.workman.se\/en\/event-partner-and-event-provider\/","url":"https:\/\/www.workman.se\/en\/event-partner-and-event-provider\/","name":"Event partner and event provider - Workman Event AB","isPartOf":{"@id":"https:\/\/www.workman.se\/en\/#website"},"datePublished":"2024-01-19T08:41:32+00:00","dateModified":"2025-10-09T12:43:35+00:00","inLanguage":"en-US","potentialAction":[{"@type":"ReadAction","target":["https:\/\/www.workman.se\/en\/event-partner-and-event-provider\/"]}]},{"@type":"WebSite","@id":"https:\/\/www.workman.se\/en\/#website","url":"https:\/\/www.workman.se\/en\/","name":"Workman Event","description":"Om ni kan t\u00e4nka det s\u00e5 kan vi skapa det...","publisher":{"@id":"https:\/\/www.workman.se\/en\/#organization"},"potentialAction":[{"@type":"SearchAction","target":{"@type":"EntryPoint","urlTemplate":"https:\/\/www.workman.se\/en\/?s={search_term_string}"},"query-input":{"@type":"PropertyValueSpecification","valueRequired":true,"valueName":"search_term_string"}}],"inLanguage":"en-US"},{"@type":"Organization","@id":"https:\/\/www.workman.se\/en\/#organization","name":"Workman Event AB","url":"https:\/\/www.workman.se\/en\/","logo":{"@type":"ImageObject","inLanguage":"en-US","@id":"https:\/\/www.workman.se\/en\/#\/schema\/logo\/image\/","url":"https:\/\/www.workman.se\/wp-content\/uploads\/2024\/01\/Workman-Logotyp-svart-text-1-1.webp","contentUrl":"https:\/\/www.workman.se\/wp-content\/uploads\/2024\/01\/Workman-Logotyp-svart-text-1-1.webp","width":150,"height":111,"caption":"Workman Event AB"},"image":{"@id":"https:\/\/www.workman.se\/en\/#\/schema\/logo\/image\/"},"sameAs":["https:\/\/www.facebook.com\/workmanevent\/","https:\/\/www.instagram.com\/workman.se\/","https:\/\/www.linkedin.com\/company\/workman-event-ab"]}]}},"_links":{"self":[{"href":"https:\/\/www.workman.se\/en\/wp-json\/wp\/v2\/pages\/13383","targetHints":{"allow":["GET"]}}],"collection":[{"href":"https:\/\/www.workman.se\/en\/wp-json\/wp\/v2\/pages"}],"about":[{"href":"https:\/\/www.workman.se\/en\/wp-json\/wp\/v2\/types\/page"}],"author":[{"embeddable":true,"href":"https:\/\/www.workman.se\/en\/wp-json\/wp\/v2\/users\/2"}],"replies":[{"embeddable":true,"href":"https:\/\/www.workman.se\/en\/wp-json\/wp\/v2\/comments?post=13383"}],"version-history":[{"count":1,"href":"https:\/\/www.workman.se\/en\/wp-json\/wp\/v2\/pages\/13383\/revisions"}],"predecessor-version":[{"id":14181,"href":"https:\/\/www.workman.se\/en\/wp-json\/wp\/v2\/pages\/13383\/revisions\/14181"}],"wp:attachment":[{"href":"https:\/\/www.workman.se\/en\/wp-json\/wp\/v2\/media?parent=13383"}],"curies":[{"name":"wp","href":"https:\/\/api.w.org\/{rel}","templated":true}]}}