{"id":13400,"date":"2012-02-07T09:55:23","date_gmt":"2012-02-07T08:55:23","guid":{"rendered":"https:\/\/www.workman.se\/\/about-us-at-workman-event\/"},"modified":"2024-09-10T11:42:12","modified_gmt":"2024-09-10T09:42:12","slug":"about-us-at-workman-event","status":"publish","type":"page","link":"https:\/\/www.workman.se\/en\/about-us-at-workman-event\/","title":{"rendered":"About us at Workman Event"},"content":{"rendered":"<h1><strong>Workman &#8211; Sweden&#8217;s leading company in fairs, exhibitions and events!<\/strong><\/h1>\n<h2><strong>We cover all of Sweden and are also established in Norway<\/strong><\/h2>\n<p>Our extensive range of rental furniture includes 3000 units of the same chair, kilometers of walls for exhibitions and an impressive range of furniture, sofas, podiums, counters and chairs. We offer expertise in fairs, exhibitions, events and other arrangements. Our joinery is fully equipped with modern machinery for furniture and interior design production. In graphic production, we can create everything from small decals to fully wallpapered walls and large banners.<\/p>\n<p>Our warehousing and logistics service includes the production, assembly and disassembly of trade fair and exhibition equipment. We also handle the delivery and return of rental products. In light, sound and image, we have a complete studio for streaming and video recordings. We also offer ropes, lamps, lighting solutions, LED walls and conference technology.<\/p>\n<p>Our skilled production staff set up fairs, stands and exhibitions all over the country. For each project, you will have a dedicated project manager who will act as your contact and coordinate all communications to deliver a &#8216;turnkey&#8217; project.<\/p>\n<h1><strong>Workman Event: Reliability, Creativity, Quality and Capacity<\/strong><\/h1>\n<p>These values are more than just words to us &#8211; they are our compass needles that guide us through every project and interaction. They represent our commitment to creating meaningful and sustainable solutions for our customers.<\/p>\n<h3>Reliability<\/h3>\n<h4><strong>Workman Event pioneers end-to-end solutions in the the fair and exhibition industry.<br \/>\n<\/strong><\/h4>\n<p>In the dynamic world of fairs, exhibitions, events and other arrangements, Workman Event has emerged as a leading force with over two decades of experience and pioneering end-to-end solutions in the fair and exhibition industry. We have become synonymous with Reliability, Creativity, Quality, Capacity and generous service. You can rely on your project manager to guide you confidently through the whole process.<\/p>\n<h3>Creativity<\/h3>\n<h4><strong>We don&#8217;t just create stands and interiors &#8211; we create memorable brand experiences<\/strong><\/h4>\n<p>By offering customized end-to-end solutions, we cover everything from concept and design to joinery production, graphic production, logistics and assembly. Sit back and watch your brand flourish while we take care of every detail. Our dedicated team of project managers, designers and architects work in strong teams to realize each client&#8217;s vision.<\/p>\n<h3>Quality<\/h3>\n<h4><strong>We prioritize not only quality in our deliveries, but also in how we build and maintain our partnerships<\/strong><\/h4>\n<p>Through our long experience, we have developed a reliable and high-quality approach to implementing projects. We always strive to use sustainable options and practices both in our work process and with our services and products. Through long-term business relationships and collaborations spanning 10-15 years, we have created strong ties with various industry players. We are convinced that only by delivering high quality can we maintain and strengthen these relationships. <strong>This is one of the most compelling aspects of our approach to quality!<\/strong><\/p>\n<h3>Capacity<\/h3>\n<h4><strong>All-in-one production hub: Carpentry, Woodworking facility with lacquering capabilities, and Graphics coordinated by your project manager<br \/>\n<\/strong><\/h4>\n<p>Our capacity in carpentry production, with a fully equipped facility and lacquering capabilities, forms a crucial part of the hub for creating unique and high-quality stands and interior details. Additionally, our fully equipped graphic production can deliver everything from printed materials to digital screens. We also offer a comprehensive range of rental products tailored for fairs, exhibitions, and events.<\/p>\n<p>Our expertise extends across Sweden and Norway, providing a nationwide presence and flexibility for our customers.<\/p>\n<h2><strong>With our unique fair expertise, we also act as technical suppliers at these sites:<\/strong> <\/h2>\n<ul class=\"list_arrow-circle list_color_black list_outside\">\n<li>Scandinavian XPO<\/li>\n<li>Eriksbergshallen in Gothenburg<\/li>\n<li>Quben in Norway<\/li>\n<\/ul> <strong>We are established subcontractors at Kistam\u00e4ssan, Stockholmsm\u00e4ssan and Elmiam\u00e4ssan.<\/strong><br \/>\nThere is no doubt that Workman Event is the natural choice for companies looking to make a lasting impression in the competitive world of fairs and events.<\/p>\n<hr \/>\n<div class=\"one_third\"><h2><strong>Stand design, production and layout<\/strong><\/h2>\n<p>For us, no request is too &#8216;small&#8217; or too &#8216;big&#8217;. We are happy to produce stands of all sizes, from simple constructions to two-level stand. Workman Event takes responsibility for ensuring that the stand (regardless of size) is built according to regulations and applicable requirements.<\/p><\/div>\n<div class=\"one_third\"><h2><strong>Adapting to your conditions<\/strong><\/h2>\n<p>We are well aware that different conditions apply to different customers and therefore we work a lot with innovative solutions to try to meet your expectations, whatever your budget. This is to give you the most professional exposure possible, whether it is an entire stand or individual exhibition materials.<\/p>\n<p>&nbsp;<\/p><\/div>\n<div class=\"one_third last\"><h2><strong>Flexible forms of cooperation<\/strong><\/h2>\n<p>We are aware that different forms of cooperation can arise. Therefore, at Workman Event we are flexible and can work with both overall responsibility for a project, responsibility for individual stands, or as a complement to already existing stands. When it comes to the production of an entire fair, we can also take on the role of a total supplier, where we are responsible for everything from production to installation service for all exhibitors. Workman can offer an entire event team at your disposal!<br \/><\/div><div class=\"clearboth\"><\/div>\n<p>&nbsp;<\/p>\n<div class=\"process_steps process_steps_horizontal process_steps_small process_steps_4\"><ul><li><a class=\"process_step_icon\" href=\"\" target=\"_blank\"  alt=\"\"><i class=\"theme-icon icon-check\" style=\"color:#E4BB29\"><\/i><\/a><div class=\"process_step_detail\"><h3 class=\"process_step_title\">Reliability<\/h3><\/div><\/li><li><a class=\"process_step_icon\" href=\"\" alt=\"\"><i class=\"theme-icon icon-check\" style=\"color:#E4BB29\"><\/i><\/a><div class=\"process_step_detail\"><h3 class=\"process_step_title\">Creativity<\/h3><\/div><\/li><li><a class=\"process_step_icon\" href=\"\" alt=\"\"><i class=\"theme-icon icon-check\" style=\"color:#E4BB29\"><\/i><\/a><div class=\"process_step_detail\"><h3 class=\"process_step_title\">Quality<\/h3><\/div><\/li><li><a class=\"process_step_icon\" href=\"\" alt=\"\"><i class=\"theme-icon icon-check\" style=\"color:#E4BB29\"><\/i><\/a><div class=\"process_step_detail\"><h3 class=\"process_step_title\">Capacity<\/h3><\/div><\/li><\/ul><\/div>\n<p>&nbsp;<\/p>\n","protected":false},"excerpt":{"rendered":"<p>Workman &#8211; Sweden&#8217;s leading company in fairs, exhibitions and events! We cover all of Sweden and are also established in Norway Our extensive range of rental furniture includes 3000 units of the same chair, kilometers of walls for exhibitions and an impressive range of furniture, sofas, podiums, counters and chairs. We offer expertise in fairs, &#8230;<\/p>\n","protected":false},"author":2,"featured_media":0,"parent":0,"menu_order":0,"comment_status":"closed","ping_status":"closed","template":"template_fullwidth.php","meta":{"footnotes":""},"class_list":["post-13400","page","type-page","status-publish","hentry"],"yoast_head":"<!-- This site is optimized with the Yoast SEO plugin v27.4 - https:\/\/yoast.com\/product\/yoast-seo-wordpress\/ -->\n<title>About Workman Event<\/title>\n<meta name=\"description\" content=\"Workman Event is primarily a production company. We project manage, design and produce fairs, stands, exhibitions and other types of events.\" \/>\n<meta name=\"robots\" content=\"index, follow, max-snippet:-1, max-image-preview:large, max-video-preview:-1\" \/>\n<link rel=\"canonical\" href=\"https:\/\/www.workman.se\/en\/about-us-at-workman-event\/\" \/>\n<meta property=\"og:locale\" content=\"en_US\" \/>\n<meta property=\"og:type\" content=\"article\" \/>\n<meta property=\"og:title\" content=\"About Workman Event\" \/>\n<meta property=\"og:description\" content=\"Workman Event is primarily a production company. We project manage, design and produce fairs, stands, exhibitions and other types of events.\" \/>\n<meta property=\"og:url\" content=\"https:\/\/www.workman.se\/en\/about-us-at-workman-event\/\" \/>\n<meta property=\"og:site_name\" content=\"Workman Event AB\" \/>\n<meta property=\"article:publisher\" content=\"https:\/\/www.facebook.com\/workmanevent\/\" \/>\n<meta property=\"article:modified_time\" content=\"2024-09-10T09:42:12+00:00\" \/>\n<meta name=\"twitter:card\" content=\"summary_large_image\" \/>\n<meta name=\"twitter:label1\" content=\"Est. reading time\" \/>\n\t<meta name=\"twitter:data1\" content=\"5 minutes\" \/>\n<script type=\"application\/ld+json\" class=\"yoast-schema-graph\">{\"@context\":\"https:\\\/\\\/schema.org\",\"@graph\":[{\"@type\":\"WebPage\",\"@id\":\"https:\\\/\\\/www.workman.se\\\/en\\\/about-us-at-workman-event\\\/\",\"url\":\"https:\\\/\\\/www.workman.se\\\/en\\\/about-us-at-workman-event\\\/\",\"name\":\"About Workman Event\",\"isPartOf\":{\"@id\":\"https:\\\/\\\/www.workman.se\\\/en\\\/#website\"},\"datePublished\":\"2012-02-07T08:55:23+00:00\",\"dateModified\":\"2024-09-10T09:42:12+00:00\",\"description\":\"Workman Event is primarily a production company. We project manage, design and produce fairs, stands, exhibitions and other types of events.\",\"inLanguage\":\"en-US\",\"potentialAction\":[{\"@type\":\"ReadAction\",\"target\":[\"https:\\\/\\\/www.workman.se\\\/en\\\/about-us-at-workman-event\\\/\"]}]},{\"@type\":\"WebSite\",\"@id\":\"https:\\\/\\\/www.workman.se\\\/en\\\/#website\",\"url\":\"https:\\\/\\\/www.workman.se\\\/en\\\/\",\"name\":\"Workman Event\",\"description\":\"Om ni kan t\u00e4nka det s\u00e5 kan vi skapa det...\",\"publisher\":{\"@id\":\"https:\\\/\\\/www.workman.se\\\/en\\\/#organization\"},\"potentialAction\":[{\"@type\":\"SearchAction\",\"target\":{\"@type\":\"EntryPoint\",\"urlTemplate\":\"https:\\\/\\\/www.workman.se\\\/en\\\/?s={search_term_string}\"},\"query-input\":{\"@type\":\"PropertyValueSpecification\",\"valueRequired\":true,\"valueName\":\"search_term_string\"}}],\"inLanguage\":\"en-US\"},{\"@type\":\"Organization\",\"@id\":\"https:\\\/\\\/www.workman.se\\\/en\\\/#organization\",\"name\":\"Workman Event AB\",\"url\":\"https:\\\/\\\/www.workman.se\\\/en\\\/\",\"logo\":{\"@type\":\"ImageObject\",\"inLanguage\":\"en-US\",\"@id\":\"https:\\\/\\\/www.workman.se\\\/en\\\/#\\\/schema\\\/logo\\\/image\\\/\",\"url\":\"https:\\\/\\\/www.workman.se\\\/wp-content\\\/uploads\\\/2024\\\/01\\\/Workman-Logotyp-svart-text-1-1.webp\",\"contentUrl\":\"https:\\\/\\\/www.workman.se\\\/wp-content\\\/uploads\\\/2024\\\/01\\\/Workman-Logotyp-svart-text-1-1.webp\",\"width\":150,\"height\":111,\"caption\":\"Workman Event AB\"},\"image\":{\"@id\":\"https:\\\/\\\/www.workman.se\\\/en\\\/#\\\/schema\\\/logo\\\/image\\\/\"},\"sameAs\":[\"https:\\\/\\\/www.facebook.com\\\/workmanevent\\\/\",\"https:\\\/\\\/www.instagram.com\\\/workman.se\\\/\",\"https:\\\/\\\/www.linkedin.com\\\/company\\\/workman-event-ab\"]}]}<\/script>\n<!-- \/ Yoast SEO plugin. -->","yoast_head_json":{"title":"About Workman Event","description":"Workman Event is primarily a production company. We project manage, design and produce fairs, stands, exhibitions and other types of events.","robots":{"index":"index","follow":"follow","max-snippet":"max-snippet:-1","max-image-preview":"max-image-preview:large","max-video-preview":"max-video-preview:-1"},"canonical":"https:\/\/www.workman.se\/en\/about-us-at-workman-event\/","og_locale":"en_US","og_type":"article","og_title":"About Workman Event","og_description":"Workman Event is primarily a production company. We project manage, design and produce fairs, stands, exhibitions and other types of events.","og_url":"https:\/\/www.workman.se\/en\/about-us-at-workman-event\/","og_site_name":"Workman Event AB","article_publisher":"https:\/\/www.facebook.com\/workmanevent\/","article_modified_time":"2024-09-10T09:42:12+00:00","twitter_card":"summary_large_image","twitter_misc":{"Est. reading time":"5 minutes"},"schema":{"@context":"https:\/\/schema.org","@graph":[{"@type":"WebPage","@id":"https:\/\/www.workman.se\/en\/about-us-at-workman-event\/","url":"https:\/\/www.workman.se\/en\/about-us-at-workman-event\/","name":"About Workman Event","isPartOf":{"@id":"https:\/\/www.workman.se\/en\/#website"},"datePublished":"2012-02-07T08:55:23+00:00","dateModified":"2024-09-10T09:42:12+00:00","description":"Workman Event is primarily a production company. We project manage, design and produce fairs, stands, exhibitions and other types of events.","inLanguage":"en-US","potentialAction":[{"@type":"ReadAction","target":["https:\/\/www.workman.se\/en\/about-us-at-workman-event\/"]}]},{"@type":"WebSite","@id":"https:\/\/www.workman.se\/en\/#website","url":"https:\/\/www.workman.se\/en\/","name":"Workman Event","description":"Om ni kan t\u00e4nka det s\u00e5 kan vi skapa det...","publisher":{"@id":"https:\/\/www.workman.se\/en\/#organization"},"potentialAction":[{"@type":"SearchAction","target":{"@type":"EntryPoint","urlTemplate":"https:\/\/www.workman.se\/en\/?s={search_term_string}"},"query-input":{"@type":"PropertyValueSpecification","valueRequired":true,"valueName":"search_term_string"}}],"inLanguage":"en-US"},{"@type":"Organization","@id":"https:\/\/www.workman.se\/en\/#organization","name":"Workman Event AB","url":"https:\/\/www.workman.se\/en\/","logo":{"@type":"ImageObject","inLanguage":"en-US","@id":"https:\/\/www.workman.se\/en\/#\/schema\/logo\/image\/","url":"https:\/\/www.workman.se\/wp-content\/uploads\/2024\/01\/Workman-Logotyp-svart-text-1-1.webp","contentUrl":"https:\/\/www.workman.se\/wp-content\/uploads\/2024\/01\/Workman-Logotyp-svart-text-1-1.webp","width":150,"height":111,"caption":"Workman Event AB"},"image":{"@id":"https:\/\/www.workman.se\/en\/#\/schema\/logo\/image\/"},"sameAs":["https:\/\/www.facebook.com\/workmanevent\/","https:\/\/www.instagram.com\/workman.se\/","https:\/\/www.linkedin.com\/company\/workman-event-ab"]}]}},"_links":{"self":[{"href":"https:\/\/www.workman.se\/en\/wp-json\/wp\/v2\/pages\/13400","targetHints":{"allow":["GET"]}}],"collection":[{"href":"https:\/\/www.workman.se\/en\/wp-json\/wp\/v2\/pages"}],"about":[{"href":"https:\/\/www.workman.se\/en\/wp-json\/wp\/v2\/types\/page"}],"author":[{"embeddable":true,"href":"https:\/\/www.workman.se\/en\/wp-json\/wp\/v2\/users\/2"}],"replies":[{"embeddable":true,"href":"https:\/\/www.workman.se\/en\/wp-json\/wp\/v2\/comments?post=13400"}],"version-history":[{"count":0,"href":"https:\/\/www.workman.se\/en\/wp-json\/wp\/v2\/pages\/13400\/revisions"}],"wp:attachment":[{"href":"https:\/\/www.workman.se\/en\/wp-json\/wp\/v2\/media?parent=13400"}],"curies":[{"name":"wp","href":"https:\/\/api.w.org\/{rel}","templated":true}]}}