{"id":9294,"date":"2023-12-21T14:47:15","date_gmt":"2023-12-21T13:47:15","guid":{"rendered":"https:\/\/www.workman.se\/shop-event\/?page_id=9294"},"modified":"2024-01-09T11:34:55","modified_gmt":"2024-01-09T10:34:55","slug":"motesplats-samhallssakerhet-2024","status":"publish","type":"page","link":"https:\/\/www.workman.se\/shop-event\/en\/motesplats-samhallssakerhet-2024\/","title":{"rendered":"M\u00f6tesplats Samh\u00e4llss\u00e4kerhet 2024"},"content":{"rendered":"<h1>M\u00f6tesplats Samh\u00e4llss\u00e4kerhet 2024<\/h1>\n<p><strong><u>Venue<\/u><\/strong>\u00a0 <a href=\"https:\/\/www.kistamassan.se\/en\/\" target=\"_blank\" rel=\"noopener\">https:\/\/www.kistamassan.se\/en\/<\/a><br \/>\n<strong><u>Organizer<\/u><\/strong> <a href=\"https:\/\/www.samhallssakerhet.se\/\" target=\"_blank\" rel=\"noopener\">https:\/\/www.samhallssakerhet.se\/<\/a><br \/>\n<strong><u>Exhibitor information<\/u><\/strong>\u00a0 <a href=\"https:\/\/service.workman.se\/ExternPub\/2013\/TekniskService\/PM\/PM-Motesplats_Samhallssakerhet-2024-ENG.pdf\" target=\"_blank\" rel=\"noopener\"><u>Click here<\/u><\/a><\/p>\n<p><strong><u>Last day to order<\/u><\/strong>: Friday 16\/2<\/p>\n<p><strong>Moving in<\/strong>: \u00a0\u00a0\u00a0\u00a0\u00a0\u00a0\u00a0\u00a0\u00a0\u00a0 Monday 18\/3, 7am \u2013 8pm<br \/>\n<strong>Moving out<\/strong>: \u00a0\u00a0\u00a0\u00a0\u00a0\u00a0\u00a0 Wednesday 20\/3, 4.30pm \u2013 8pm<\/p>\n<p><strong>Goods handling: <\/strong>Costs for unloading, loading and handling of your incoming and outgoing goods are added according to applicable tariff at Workman Event.<\/p>\n<p><strong>Incoming<\/strong>: \u00a0\u00a0\u00a0\u00a0\u00a0\u00a0\u00a0\u00a0\u00a0\u00a0\u00a0 Friday 15\/3, 7am \u2013 4pm<br \/>\n<strong>Outgoing<\/strong>:\u00a0\u00a0\u00a0\u00a0\u00a0\u00a0\u00a0\u00a0\u00a0\u00a0\u00a0\u00a0 Monday 18\/3, 7am \u2013 4pm<\/p>\n<p><strong>Height exposure:<br \/>\n<\/strong>This event does allow height exposure but it needs to be approved by Workman. Further information can be found in the exhibitorinformation.<\/p>\n<p><strong>Delivery address:<\/strong><br \/>\nKistam\u00e4ssan<br \/>\nYour company name, stand number and phone number<br \/>\nV\u00e5g\u00f6gatan 3<br \/>\n164 40 Kista<\/p>\n<p><strong>Workman Event Project Manager:<\/strong><br \/>\nHenrik Axberg<br \/>\n<a href=\"mailto:henrik.axberg@workman.se\">henrik.axberg@workman.se<\/a><br \/>\n+46 (0)72\u00a0600 63 67 Direct<br \/>\n+46 (0)8-410\u00a0356 60 Exchange<\/p>\n","protected":false},"excerpt":{"rendered":"<p>M\u00f6tesplats Samh\u00e4llss\u00e4kerhet 2024 Venue\u00a0 https:\/\/www.kistamassan.se\/en\/ Organizer https:\/\/www.samhallssakerhet.se\/ Exhibitor information\u00a0 Click here Last day to order: Friday 16\/2 Moving in: \u00a0\u00a0\u00a0\u00a0\u00a0\u00a0\u00a0\u00a0\u00a0\u00a0 Monday 18\/3, 7am \u2013 8pm Moving out: \u00a0\u00a0\u00a0\u00a0\u00a0\u00a0\u00a0 Wednesday 20\/3, 4.30pm \u2013 8pm Goods handling: Costs for unloading, loading and handling of your incoming and outgoing goods are added according to applicable tariff at Workman [&hellip;]<\/p>\n","protected":false},"author":1,"featured_media":0,"parent":0,"menu_order":0,"comment_status":"closed","ping_status":"closed","template":"","meta":{"footnotes":""},"class_list":["post-9294","page","type-page","status-publish","hentry"],"_links":{"self":[{"href":"https:\/\/www.workman.se\/shop-event\/en\/wp-json\/wp\/v2\/pages\/9294","targetHints":{"allow":["GET"]}}],"collection":[{"href":"https:\/\/www.workman.se\/shop-event\/en\/wp-json\/wp\/v2\/pages"}],"about":[{"href":"https:\/\/www.workman.se\/shop-event\/en\/wp-json\/wp\/v2\/types\/page"}],"author":[{"embeddable":true,"href":"https:\/\/www.workman.se\/shop-event\/en\/wp-json\/wp\/v2\/users\/1"}],"replies":[{"embeddable":true,"href":"https:\/\/www.workman.se\/shop-event\/en\/wp-json\/wp\/v2\/comments?post=9294"}],"version-history":[{"count":4,"href":"https:\/\/www.workman.se\/shop-event\/en\/wp-json\/wp\/v2\/pages\/9294\/revisions"}],"predecessor-version":[{"id":9382,"href":"https:\/\/www.workman.se\/shop-event\/en\/wp-json\/wp\/v2\/pages\/9294\/revisions\/9382"}],"wp:attachment":[{"href":"https:\/\/www.workman.se\/shop-event\/en\/wp-json\/wp\/v2\/media?parent=9294"}],"curies":[{"name":"wp","href":"https:\/\/api.w.org\/{rel}","templated":true}]}}