{"id":3788,"date":"2018-03-23T17:06:17","date_gmt":"2018-03-23T16:06:17","guid":{"rendered":"https:\/\/www.workman.se\/shop-event\/?page_id=3788"},"modified":"2024-11-12T09:16:27","modified_gmt":"2024-11-12T08:16:27","slug":"kopvillkor","status":"publish","type":"page","link":"https:\/\/www.workman.se\/shop-event\/kopvillkor\/","title":{"rendered":"K\u00f6pvillkor"},"content":{"rendered":"<p class=\"auto-style1\"><strong>H\u00e4r finner ni v\u00e5r (PDF) dokument l\u00e4nk: <\/strong> <a href=\"https:\/\/www.workman.se\/shop-event\/wp-content\/uploads\/Betalvillkor-och-Hyresvillkor_SVE_06.pdf\" rel=\"noopener\">Workman Event AB Uthyrnings, Betalvillkor och Leveransvillkor<\/a>.<br \/>\nVi uppmanar er att ta del av ovanst\u00e5ende. Ett godk\u00e4nnande kr\u00e4vs av best\u00e4llaren \/ k\u00f6paren vid slutf\u00f6randet av k\u00f6p \/ best\u00e4llning.<br \/>\n<span id=\"result_box0\" lang=\"sv\"> <\/span><\/p>\n","protected":false},"excerpt":{"rendered":"<p>H\u00e4r finner ni v\u00e5r (PDF) dokument l\u00e4nk: Workman Event AB Uthyrnings, Betalvillkor och Leveransvillkor. Vi uppmanar er att ta del av ovanst\u00e5ende. Ett godk\u00e4nnande kr\u00e4vs av best\u00e4llaren \/ k\u00f6paren vid slutf\u00f6randet av k\u00f6p \/ best\u00e4llning.<\/p>\n","protected":false},"author":1,"featured_media":0,"parent":0,"menu_order":0,"comment_status":"closed","ping_status":"closed","template":"","meta":{"footnotes":""},"class_list":["post-3788","page","type-page","status-publish","hentry"],"_links":{"self":[{"href":"https:\/\/www.workman.se\/shop-event\/wp-json\/wp\/v2\/pages\/3788","targetHints":{"allow":["GET"]}}],"collection":[{"href":"https:\/\/www.workman.se\/shop-event\/wp-json\/wp\/v2\/pages"}],"about":[{"href":"https:\/\/www.workman.se\/shop-event\/wp-json\/wp\/v2\/types\/page"}],"author":[{"embeddable":true,"href":"https:\/\/www.workman.se\/shop-event\/wp-json\/wp\/v2\/users\/1"}],"replies":[{"embeddable":true,"href":"https:\/\/www.workman.se\/shop-event\/wp-json\/wp\/v2\/comments?post=3788"}],"version-history":[{"count":7,"href":"https:\/\/www.workman.se\/shop-event\/wp-json\/wp\/v2\/pages\/3788\/revisions"}],"predecessor-version":[{"id":10141,"href":"https:\/\/www.workman.se\/shop-event\/wp-json\/wp\/v2\/pages\/3788\/revisions\/10141"}],"wp:attachment":[{"href":"https:\/\/www.workman.se\/shop-event\/wp-json\/wp\/v2\/media?parent=3788"}],"curies":[{"name":"wp","href":"https:\/\/api.w.org\/{rel}","templated":true}]}}