{"id":3952,"date":"2018-04-10T10:38:41","date_gmt":"2018-04-10T08:38:41","guid":{"rendered":"https:\/\/www.workman.se\/shop-event\/?page_id=3952"},"modified":"2018-04-24T11:05:56","modified_gmt":"2018-04-24T09:05:56","slug":"cookie-information","status":"publish","type":"page","link":"https:\/\/www.workman.se\/shop-event\/cookie-information\/","title":{"rendered":"Cookie information"},"content":{"rendered":"<p>Denna site anv\u00e4nder cookies &#8211; sm\u00e5 textfiler som placeras p\u00e5 din maskin f\u00f6r att hj\u00e4lpa webbplatsen att ge dig en bra anv\u00e4ndarupplevelse.<\/p>\n<p>Vi anv\u00e4nder cookies f\u00f6r f\u00f6ljande syften<\/p>\n<ul>\n<li>Hantering av vilket spr\u00e5k som valts p\u00e5 webbplatsen<\/li>\n<li>Lagring av sessionsdata f\u00f6r hantering av varukorgen<\/li>\n<li>Statistik i form av anonymiserad sp\u00e5rningsdata som skickas till Google Analytics<\/li>\n<li>F\u00f6r att komma ih\u00e5g ifall cookies har accepterats<\/li>\n<\/ul>\n<p><span class=\"text fgColor_333333 fontStyleRegular\">Om du inte till\u00e5ter anv\u00e4ndning av cookies kan vissa funktioner och sidor inte fungera som de ska.<br \/>\n<\/span><span class=\"text fgColor_333333 fontStyleRegular\">Om du vill radera cookies som redan finns p\u00e5 din dator: se instruktionerna i din webbl\u00e4sare genom att klicka p\u00e5 \u201dHj\u00e4lp\u201d i menyn<\/span><\/p>\n<div id=\"cookieMsgBlock\">\n<div id=\"cookies_legislation\">\n<div id=\"topMsgBlock\">\n<div class=\"msgblock\">Om du forts\u00e4tter utan att \u00e4ndra dina inst\u00e4llningar s\u00e5 att cookies st\u00e4ngs av s\u00e5 ger du ditt medgivande till att cookies fr\u00e5n denna webbplats anv\u00e4nds.<\/div>\n<\/div>\n<\/div>\n<\/div>\n","protected":false},"excerpt":{"rendered":"<p>Denna site anv\u00e4nder cookies &#8211; sm\u00e5 textfiler som placeras p\u00e5 din maskin f\u00f6r att hj\u00e4lpa webbplatsen att ge dig en bra anv\u00e4ndarupplevelse. Vi anv\u00e4nder cookies f\u00f6r f\u00f6ljande syften Hantering av vilket spr\u00e5k som valts p\u00e5 webbplatsen Lagring av sessionsdata f\u00f6r hantering av varukorgen Statistik i form av anonymiserad sp\u00e5rningsdata som skickas till Google Analytics F\u00f6r [&hellip;]<\/p>\n","protected":false},"author":1,"featured_media":0,"parent":0,"menu_order":0,"comment_status":"closed","ping_status":"closed","template":"","meta":{"footnotes":""},"class_list":["post-3952","page","type-page","status-publish","hentry"],"_links":{"self":[{"href":"https:\/\/www.workman.se\/shop-event\/wp-json\/wp\/v2\/pages\/3952","targetHints":{"allow":["GET"]}}],"collection":[{"href":"https:\/\/www.workman.se\/shop-event\/wp-json\/wp\/v2\/pages"}],"about":[{"href":"https:\/\/www.workman.se\/shop-event\/wp-json\/wp\/v2\/types\/page"}],"author":[{"embeddable":true,"href":"https:\/\/www.workman.se\/shop-event\/wp-json\/wp\/v2\/users\/1"}],"replies":[{"embeddable":true,"href":"https:\/\/www.workman.se\/shop-event\/wp-json\/wp\/v2\/comments?post=3952"}],"version-history":[{"count":7,"href":"https:\/\/www.workman.se\/shop-event\/wp-json\/wp\/v2\/pages\/3952\/revisions"}],"predecessor-version":[{"id":3972,"href":"https:\/\/www.workman.se\/shop-event\/wp-json\/wp\/v2\/pages\/3952\/revisions\/3972"}],"wp:attachment":[{"href":"https:\/\/www.workman.se\/shop-event\/wp-json\/wp\/v2\/media?parent=3952"}],"curies":[{"name":"wp","href":"https:\/\/api.w.org\/{rel}","templated":true}]}}