{"id":4074,"date":"2018-06-04T10:50:19","date_gmt":"2018-06-04T08:50:19","guid":{"rendered":"https:\/\/www.workman.se\/shop-event\/?page_id=4074"},"modified":"2020-05-11T12:22:50","modified_gmt":"2020-05-11T10:22:50","slug":"monterritning","status":"publish","type":"page","link":"https:\/\/www.workman.se\/shop-event\/monterritning\/","title":{"rendered":"Monterritning"},"content":{"rendered":"<p>N\u00e4r du best\u00e4ller en produkt som kr\u00e4ver ritning t.ex. Tross\/Vajer, VVS, Tryckluft. S\u00e5 beh\u00f6ver du bifoga en ritning tillsammans med din order. Det g\u00e5r bra att skriva ut och fylla i skissbladet f\u00f6r hand och sedan scanna in resultatet.<\/p>\n<p>Fyll i formul\u00e4r och skiss (Monterritning VAJER) om du har best\u00e4llt n\u00e5gon av f\u00f6ljande produkter:<br \/>\n<a href=\"https:\/\/www.workman.se\/shop-event\/produkt\/vajerpunkt-inklusive-lasning-fran-taket-maxbelastning-150-kg\/\">3601 &#8211; Vajerpunkt Inklusive: L\u00e5sning fr\u00e5n taket. Maxbelastning 150 kg.<\/a><br \/>\n<a href=\"https:\/\/www.workman.se\/shop-event\/produkt\/vajerpunkt-inklusive-handtelfer-fran-taket-maxbelastning-150-kg\/\">3603 &#8211; Vajerpunkt Inklusive: Handtelfer fr\u00e5n taket. Maxbelastning 150 kg.<\/a><br \/>\n<a href=\"https:\/\/www.workman.se\/shop-event\/produkt\/vajerpunkt-med-tunnvajer-inkl-lasning-fran-taket-maxbelastning-35kg\/\">3606 &#8211; Vajerpunkt med tunnvajer inkl l\u00e5sning fr\u00e5n taket. Maxbelastning 35kg.<\/a><\/p>\n<p><a href=\"https:\/\/www.workman.se\/shop-event\/wp-content\/uploads\/Monterritning_VAJER.pdf\">Skissblad Monterritning VAJER<\/a><\/p>\n<p>F\u00f6r \u00f6vriga produkter som kr\u00e4ver skiss fyll i detta formul\u00e4r och skiss:<\/p>\n<p><a href=\"https:\/\/www.workman.se\/shop-event\/wp-content\/uploads\/Monterritning.pdf\">Skissblad Monterritning<\/a><\/p>\n<p>Bifoga sedan denna ritning eller din egen ritning. (Max filstorlek 20MB)<\/p>\n","protected":false},"excerpt":{"rendered":"<p>N\u00e4r du best\u00e4ller en produkt som kr\u00e4ver ritning t.ex. Tross\/Vajer, VVS, Tryckluft. S\u00e5 beh\u00f6ver du bifoga en ritning tillsammans med din order. Det g\u00e5r bra att skriva ut och fylla i skissbladet f\u00f6r hand och sedan scanna in resultatet. Fyll i formul\u00e4r och skiss (Monterritning VAJER) om du har best\u00e4llt n\u00e5gon av f\u00f6ljande produkter: 3601 [&hellip;]<\/p>\n","protected":false},"author":1,"featured_media":0,"parent":0,"menu_order":0,"comment_status":"closed","ping_status":"closed","template":"","meta":{"footnotes":""},"class_list":["post-4074","page","type-page","status-publish","hentry"],"_links":{"self":[{"href":"https:\/\/www.workman.se\/shop-event\/wp-json\/wp\/v2\/pages\/4074","targetHints":{"allow":["GET"]}}],"collection":[{"href":"https:\/\/www.workman.se\/shop-event\/wp-json\/wp\/v2\/pages"}],"about":[{"href":"https:\/\/www.workman.se\/shop-event\/wp-json\/wp\/v2\/types\/page"}],"author":[{"embeddable":true,"href":"https:\/\/www.workman.se\/shop-event\/wp-json\/wp\/v2\/users\/1"}],"replies":[{"embeddable":true,"href":"https:\/\/www.workman.se\/shop-event\/wp-json\/wp\/v2\/comments?post=4074"}],"version-history":[{"count":12,"href":"https:\/\/www.workman.se\/shop-event\/wp-json\/wp\/v2\/pages\/4074\/revisions"}],"predecessor-version":[{"id":6322,"href":"https:\/\/www.workman.se\/shop-event\/wp-json\/wp\/v2\/pages\/4074\/revisions\/6322"}],"wp:attachment":[{"href":"https:\/\/www.workman.se\/shop-event\/wp-json\/wp\/v2\/media?parent=4074"}],"curies":[{"name":"wp","href":"https:\/\/api.w.org\/{rel}","templated":true}]}}