{"id":9004,"date":"2023-10-11T15:00:12","date_gmt":"2023-10-11T13:00:12","guid":{"rendered":"https:\/\/www.workman.se\/shop-event\/?page_id=9004"},"modified":"2023-10-13T10:33:46","modified_gmt":"2023-10-13T08:33:46","slug":"ffcr-stockholm-2024","status":"publish","type":"page","link":"https:\/\/www.workman.se\/shop-event\/ffcr-stockholm-2024\/","title":{"rendered":"FFCR Stockholm 2024"},"content":{"rendered":"<h1>FFCR Stockholm 2024<\/h1>\n<p><img loading=\"lazy\" decoding=\"async\" class=\"alignnone size-full\" src=\"https:\/\/service.workman.se\/ExternPub\/2013\/TekniskService\/HTML_Mallar\/images\/FFCR-2024-logotype.png\" width=\"264\" height=\"264\" \/><\/p>\n<p><strong><u>Plats<\/u><\/strong>\u00a0 <a href=\"https:\/\/www.kistamassan.se\/\" target=\"_blank\" rel=\"noopener\">https:\/\/www.kistamassan.se\/<\/a><br \/>\n<strong><u>Arrang\u00f6r<\/u><\/strong> <a href=\"https:\/\/www.ffcr-stockholm.com\/\" target=\"_blank\" rel=\"noopener\">https:\/\/www.ffcr-stockholm.com\/<\/a><br \/>\n<strong><u>Utst\u00e4llarinformation<\/u><\/strong>\u00a0 <a href=\"https:\/\/service.workman.se\/ExternPub\/2013\/TekniskService\/PM\/PM-FFCR-Sthlm-2024-SVE.pdf\" target=\"_blank\" rel=\"noopener\">Klicka h\u00e4r<\/a><\/p>\n<p><strong><u>Sista best\u00e4llningsdag<\/u><\/strong>: Tisdag 2\/1<\/p>\n<p><strong>Inflyttning<\/strong>: \u00a0\u00a0\u00a0\u00a0\u00a0\u00a0\u00a0\u00a0\u00a0\u00a0\u00a0\u00a0\u00a0\u00a0\u00a0\u00a0\u00a0\u00a0\u00a0\u00a0\u00a0\u00a0\u00a0\u00a0\u00a0\u00a0\u00a0\u00a0\u00a0\u00a0\u00a0\u00a0\u00a0\u00a0\u00a0 M\u00e5ndag 29\/1 kl. 07.00 \u2013 20.00 &amp; Tisdag 30\/1 kl. 07.00 \u2013 20.00<br \/>\n<strong>Utflyttning<\/strong>: \u00a0\u00a0\u00a0\u00a0\u00a0\u00a0\u00a0\u00a0\u00a0\u00a0\u00a0\u00a0\u00a0\u00a0\u00a0\u00a0\u00a0\u00a0\u00a0\u00a0\u00a0\u00a0\u00a0\u00a0\u00a0\u00a0\u00a0\u00a0\u00a0\u00a0\u00a0\u00a0\u00a0\u00a0 Torsdag 1\/2 kl. 17.30 \u2013 00.00<\/p>\n<p><strong>Godshantering: <\/strong>Kostnad f\u00f6r lossning, lastning och hantering av ert ankommande och avg\u00e5ende gods tillkommer enl. g\u00e4llande tariff hos Workman Event<strong>.<\/strong><\/p>\n<p><strong>Ankommande<\/strong>: \u00a0\u00a0\u00a0\u00a0\u00a0\u00a0\u00a0\u00a0\u00a0\u00a0\u00a0\u00a0\u00a0\u00a0\u00a0\u00a0\u00a0\u00a0\u00a0\u00a0\u00a0\u00a0\u00a0\u00a0\u00a0\u00a0\u00a0 Onsdag 24\/1 \u2013\u00a0 Fredag 26\/1 kl. 08.00 \u2013 16.00<br \/>\n<strong>Avg\u00e5ende<\/strong>:\u00a0\u00a0\u00a0\u00a0\u00a0\u00a0\u00a0\u00a0\u00a0\u00a0\u00a0\u00a0\u00a0\u00a0\u00a0\u00a0\u00a0\u00a0\u00a0\u00a0\u00a0\u00a0\u00a0\u00a0\u00a0\u00a0\u00a0\u00a0\u00a0\u00a0\u00a0\u00a0\u00a0 \u00a0 \u00a0 Fredag 2\/2 kl. 07.15 \u2013 15.00<br \/>\n<strong>Avg\u00e5ende kyl\/frysvaror<\/strong>:\u00a0\u00a0\u00a0\u00a0\u00a0\u00a0\u00a0\u00a0 Torsdag\u00a0 1\/2 kl. 17.30 \u2013 22.00<\/p>\n<p><strong>Information g\u00e4llande kyl- och fryscontainer:<br \/>\n<\/strong><strong>Vill ni boka kyl och\/eller frysplats kontakta Henrik Axberg p\u00e5 Workman f\u00f6r priser och bokning.<\/strong><\/p>\n<p><strong>H\u00f6jdexponering:<br \/>\n<\/strong><strong>Denna m\u00e4ssa till\u00e5ter inte h\u00f6jdexponering, till\u00e5ten byggh\u00f6jd \u00e4r 2,5 meter. Mer information finner ni i utst\u00e4llarinformationen.<\/strong><\/p>\n<p><strong>Leveransadress:<\/strong><br \/>\nKistam\u00e4ssan<br \/>\nErt f\u00f6retagsnamn, monternummer och telefonnummer<br \/>\nV\u00e5g\u00f6gatan 3<br \/>\n164 40 Kista<\/p>\n<p><strong>Workman Event Projektledare:<\/strong><br \/>\nHenrik Axberg<br \/>\n<a href=\"mailto:henrik.axberg@workman.se\">henrik.axberg@workman.se<\/a><br \/>\n072\u00a0600 63 67 Direkt<br \/>\n08-410\u00a0356 60 V\u00e4xel<\/p>\n","protected":false},"excerpt":{"rendered":"<p>FFCR Stockholm 2024 Plats\u00a0 https:\/\/www.kistamassan.se\/ Arrang\u00f6r https:\/\/www.ffcr-stockholm.com\/ Utst\u00e4llarinformation\u00a0 Klicka h\u00e4r Sista best\u00e4llningsdag: Tisdag 2\/1 Inflyttning: \u00a0\u00a0\u00a0\u00a0\u00a0\u00a0\u00a0\u00a0\u00a0\u00a0\u00a0\u00a0\u00a0\u00a0\u00a0\u00a0\u00a0\u00a0\u00a0\u00a0\u00a0\u00a0\u00a0\u00a0\u00a0\u00a0\u00a0\u00a0\u00a0\u00a0\u00a0\u00a0\u00a0\u00a0\u00a0 M\u00e5ndag 29\/1 kl. 07.00 \u2013 20.00 &amp; Tisdag 30\/1 kl. 07.00 \u2013 20.00 Utflyttning: \u00a0\u00a0\u00a0\u00a0\u00a0\u00a0\u00a0\u00a0\u00a0\u00a0\u00a0\u00a0\u00a0\u00a0\u00a0\u00a0\u00a0\u00a0\u00a0\u00a0\u00a0\u00a0\u00a0\u00a0\u00a0\u00a0\u00a0\u00a0\u00a0\u00a0\u00a0\u00a0\u00a0\u00a0 Torsdag 1\/2 kl. 17.30 \u2013 00.00 Godshantering: Kostnad f\u00f6r lossning, lastning och hantering av ert ankommande och avg\u00e5ende gods tillkommer enl. g\u00e4llande tariff hos [&hellip;]<\/p>\n","protected":false},"author":1,"featured_media":0,"parent":0,"menu_order":0,"comment_status":"closed","ping_status":"closed","template":"","meta":{"footnotes":""},"class_list":["post-9004","page","type-page","status-publish","hentry"],"_links":{"self":[{"href":"https:\/\/www.workman.se\/shop-event\/wp-json\/wp\/v2\/pages\/9004","targetHints":{"allow":["GET"]}}],"collection":[{"href":"https:\/\/www.workman.se\/shop-event\/wp-json\/wp\/v2\/pages"}],"about":[{"href":"https:\/\/www.workman.se\/shop-event\/wp-json\/wp\/v2\/types\/page"}],"author":[{"embeddable":true,"href":"https:\/\/www.workman.se\/shop-event\/wp-json\/wp\/v2\/users\/1"}],"replies":[{"embeddable":true,"href":"https:\/\/www.workman.se\/shop-event\/wp-json\/wp\/v2\/comments?post=9004"}],"version-history":[{"count":4,"href":"https:\/\/www.workman.se\/shop-event\/wp-json\/wp\/v2\/pages\/9004\/revisions"}],"predecessor-version":[{"id":9025,"href":"https:\/\/www.workman.se\/shop-event\/wp-json\/wp\/v2\/pages\/9004\/revisions\/9025"}],"wp:attachment":[{"href":"https:\/\/www.workman.se\/shop-event\/wp-json\/wp\/v2\/media?parent=9004"}],"curies":[{"name":"wp","href":"https:\/\/api.w.org\/{rel}","templated":true}]}}