{"id":9204,"date":"2023-12-07T14:08:47","date_gmt":"2023-12-07T13:08:47","guid":{"rendered":"https:\/\/www.workman.se\/shop-event\/?page_id=9204"},"modified":"2024-01-09T11:28:36","modified_gmt":"2024-01-09T10:28:36","slug":"optikmassan-2024","status":"publish","type":"page","link":"https:\/\/www.workman.se\/shop-event\/optikmassan-2024\/","title":{"rendered":"Optikm\u00e4ssan 2024"},"content":{"rendered":"<h1>Optikm\u00e4ssan 2024<\/h1>\n<p><strong><u>Plats<\/u><\/strong>\u00a0 <a href=\"https:\/\/stockholmwaterfront.com\/\" target=\"_blank\" rel=\"noopener\">https:\/\/stockholmwaterfront.com\/<\/a><br \/>\n<strong><u>Arrang\u00f6r<\/u><\/strong> <a href=\"https:\/\/atevent.se\/\" target=\"_blank\" rel=\"noopener\">https:\/\/atevent.se\/<\/a><br \/>\n<strong><u>Utst\u00e4llarinformation<\/u><\/strong> <a href=\"https:\/\/service.workman.se\/ExternPub\/2013\/TekniskService\/PM\/PM-Optikmassan-2024.pdf\" target=\"_blank\" rel=\"noopener\">Klicka h\u00e4r<\/a><\/p>\n<p><strong><u>Sista best\u00e4llningsdag<\/u><\/strong>: Tor 5 Jan 2024<\/p>\n<p><strong>Inflyttning<\/strong>: \u00a0\u00a0\u00a0\u00a0\u00a0\u00a0\u00a0\u00a0\u00a0\u00a0\u00a0\u00a0\u00a0\u00a0\u00a0\u00a0\u00a0\u00a0\u00a0\u00a0\u00a0\u00a0 Tor 18 Jan 07:00-21:00<br \/>\n<strong>Utflyttning<\/strong>: \u00a0\u00a0\u00a0\u00a0\u00a0\u00a0\u00a0\u00a0\u00a0\u00a0\u00a0\u00a0\u00a0\u00a0\u00a0\u00a0\u00a0\u00a0\u00a0\u00a0\u00a0 L\u00f6r 20 Jan 13:00-20:00<\/p>\n<p><strong>Godshantering: <\/strong>Alla transporter hanteras av utst\u00e4llaren sj\u00e4lv. Inlastning sker via lastkajen p\u00e5 Waterfront<strong>.<\/strong><\/p>\n<p><strong>Ankommande<\/strong>: \u00a0Under inflyttningstiderna.<\/p>\n<p><strong>H\u00f6jdexponering:<br \/>\n<\/strong>Denna m\u00e4ssa till\u00e5ter h\u00f6jdexponering och h\u00f6jdbyggnation, kontakta Workman Event f\u00f6r godk\u00e4nnande.<\/p>\n<p><strong>Leveransadress:<\/strong><br \/>\nStockholm Waterfront Congress Centre<br \/>\nErt f\u00f6retagsnamn, monternummer och telefonnummer<br \/>\nNils Ericsons Plan 4<br \/>\n111 64 stockholm<\/p>\n<p><strong>Workman Event Projektledare:<\/strong><br \/>\nMagnus Toren<br \/>\n<a href=\"mailto:magnus.toren@workman.se\">magnus.toren@workman.se<\/a><br \/>\n070\u00a077 25 250 Direkt<\/p>\n","protected":false},"excerpt":{"rendered":"<p>Optikm\u00e4ssan 2024 Plats\u00a0 https:\/\/stockholmwaterfront.com\/ Arrang\u00f6r https:\/\/atevent.se\/ Utst\u00e4llarinformation Klicka h\u00e4r Sista best\u00e4llningsdag: Tor 5 Jan 2024 Inflyttning: \u00a0\u00a0\u00a0\u00a0\u00a0\u00a0\u00a0\u00a0\u00a0\u00a0\u00a0\u00a0\u00a0\u00a0\u00a0\u00a0\u00a0\u00a0\u00a0\u00a0\u00a0\u00a0 Tor 18 Jan 07:00-21:00 Utflyttning: \u00a0\u00a0\u00a0\u00a0\u00a0\u00a0\u00a0\u00a0\u00a0\u00a0\u00a0\u00a0\u00a0\u00a0\u00a0\u00a0\u00a0\u00a0\u00a0\u00a0\u00a0 L\u00f6r 20 Jan 13:00-20:00 Godshantering: Alla transporter hanteras av utst\u00e4llaren sj\u00e4lv. Inlastning sker via lastkajen p\u00e5 Waterfront. Ankommande: \u00a0Under inflyttningstiderna. H\u00f6jdexponering: Denna m\u00e4ssa till\u00e5ter h\u00f6jdexponering och h\u00f6jdbyggnation, kontakta Workman Event f\u00f6r godk\u00e4nnande. [&hellip;]<\/p>\n","protected":false},"author":1,"featured_media":0,"parent":0,"menu_order":0,"comment_status":"closed","ping_status":"closed","template":"","meta":{"footnotes":""},"class_list":["post-9204","page","type-page","status-publish","hentry"],"_links":{"self":[{"href":"https:\/\/www.workman.se\/shop-event\/wp-json\/wp\/v2\/pages\/9204","targetHints":{"allow":["GET"]}}],"collection":[{"href":"https:\/\/www.workman.se\/shop-event\/wp-json\/wp\/v2\/pages"}],"about":[{"href":"https:\/\/www.workman.se\/shop-event\/wp-json\/wp\/v2\/types\/page"}],"author":[{"embeddable":true,"href":"https:\/\/www.workman.se\/shop-event\/wp-json\/wp\/v2\/users\/1"}],"replies":[{"embeddable":true,"href":"https:\/\/www.workman.se\/shop-event\/wp-json\/wp\/v2\/comments?post=9204"}],"version-history":[{"count":2,"href":"https:\/\/www.workman.se\/shop-event\/wp-json\/wp\/v2\/pages\/9204\/revisions"}],"predecessor-version":[{"id":9373,"href":"https:\/\/www.workman.se\/shop-event\/wp-json\/wp\/v2\/pages\/9204\/revisions\/9373"}],"wp:attachment":[{"href":"https:\/\/www.workman.se\/shop-event\/wp-json\/wp\/v2\/media?parent=9204"}],"curies":[{"name":"wp","href":"https:\/\/api.w.org\/{rel}","templated":true}]}}