{"id":9291,"date":"2023-12-21T14:41:58","date_gmt":"2023-12-21T13:41:58","guid":{"rendered":"https:\/\/www.workman.se\/shop-event\/?page_id=9291"},"modified":"2024-01-09T11:34:29","modified_gmt":"2024-01-09T10:34:29","slug":"motesplats-samhallssakerhet-2024","status":"publish","type":"page","link":"https:\/\/www.workman.se\/shop-event\/motesplats-samhallssakerhet-2024\/","title":{"rendered":"M\u00f6tesplats Samh\u00e4llss\u00e4kerhet 2024"},"content":{"rendered":"<h1>M\u00f6tesplats Samh\u00e4llss\u00e4kerhet 2024<\/h1>\n<p><strong><u>Plats<\/u><\/strong>\u00a0 <a href=\"https:\/\/www.kistamassan.se\/\" target=\"_blank\" rel=\"noopener\">https:\/\/www.kistamassan.se\/<\/a><br \/>\n<strong><u>Arrang\u00f6r<\/u><\/strong> <a href=\"https:\/\/www.samhallssakerhet.se\/\" target=\"_blank\" rel=\"noopener\">https:\/\/www.samhallssakerhet.se\/<\/a><br \/>\n<strong><u>Utst\u00e4llarinformation<\/u><\/strong>\u00a0 <a href=\"https:\/\/service.workman.se\/ExternPub\/2013\/TekniskService\/PM\/PM-Motesplats_Samhallssakerhet-2024-SVE.pdf\" target=\"_blank\" rel=\"noopener\"><u>Klicka h\u00e4r<\/u><\/a><\/p>\n<p><strong><u>Sista best\u00e4llningsdag<\/u><\/strong>: Fredag 16\/2<\/p>\n<p><strong>Inflyttning<\/strong>: \u00a0\u00a0\u00a0\u00a0\u00a0\u00a0\u00a0\u00a0\u00a0\u00a0\u00a0\u00a0 M\u00e5ndag 18\/3 kl. 07.00 \u2013 20.00<br \/>\n<strong>Utflyttning<\/strong>: \u00a0\u00a0\u00a0\u00a0\u00a0\u00a0\u00a0\u00a0\u00a0\u00a0\u00a0 Onsdag 20\/3 kl. 16.30 \u2013 20.00<\/p>\n<p><strong>Godshantering: <\/strong>Kostnad f\u00f6r lossning, lastning och hantering av ert ankommande och avg\u00e5ende gods tillkommer enl. g\u00e4llande tariff hos Workman Event<strong>.<\/strong><\/p>\n<p><strong>Ankommande<\/strong>: \u00a0\u00a0\u00a0\u00a0\u00a0 Fredag 15\/3 kl. 07.00 \u2013 16.00<br \/>\n<strong>Avg\u00e5ende<\/strong>:\u00a0\u00a0\u00a0\u00a0\u00a0\u00a0\u00a0\u00a0\u00a0\u00a0\u00a0\u00a0\u00a0\u00a0\u00a0 M\u00e5ndag 18\/3 kl. 07.00 \u2013 16.00<\/p>\n<p><strong>H\u00f6jdexponering:<br \/>\n<\/strong>Denna m\u00e4ssa till\u00e5ter h\u00f6jdexponering, godk\u00e4nnande kr\u00e4vs av Workman. Mer information finner ni i utst\u00e4llarinformationen.<\/p>\n<p><strong>Leveransadress:<\/strong><br \/>\nKistam\u00e4ssan<br \/>\nErt f\u00f6retagsnamn, monternummer och telefonnummer<br \/>\nV\u00e5g\u00f6gatan 3<br \/>\n164 40 Kista<\/p>\n<p><strong>Workman Event Projektledare:<\/strong><br \/>\nHenrik Axberg<br \/>\n<a href=\"mailto:henrik.axberg@workman.se\">henrik.axberg@workman.se<\/a><br \/>\n072\u00a0600 63 67 Direkt<br \/>\n08-410\u00a0356 60 V\u00e4xel<\/p>\n","protected":false},"excerpt":{"rendered":"<p>M\u00f6tesplats Samh\u00e4llss\u00e4kerhet 2024 Plats\u00a0 https:\/\/www.kistamassan.se\/ Arrang\u00f6r https:\/\/www.samhallssakerhet.se\/ Utst\u00e4llarinformation\u00a0 Klicka h\u00e4r Sista best\u00e4llningsdag: Fredag 16\/2 Inflyttning: \u00a0\u00a0\u00a0\u00a0\u00a0\u00a0\u00a0\u00a0\u00a0\u00a0\u00a0\u00a0 M\u00e5ndag 18\/3 kl. 07.00 \u2013 20.00 Utflyttning: \u00a0\u00a0\u00a0\u00a0\u00a0\u00a0\u00a0\u00a0\u00a0\u00a0\u00a0 Onsdag 20\/3 kl. 16.30 \u2013 20.00 Godshantering: Kostnad f\u00f6r lossning, lastning och hantering av ert ankommande och avg\u00e5ende gods tillkommer enl. g\u00e4llande tariff hos Workman Event. Ankommande: \u00a0\u00a0\u00a0\u00a0\u00a0 Fredag 15\/3 kl. [&hellip;]<\/p>\n","protected":false},"author":1,"featured_media":0,"parent":0,"menu_order":0,"comment_status":"closed","ping_status":"closed","template":"","meta":{"footnotes":""},"class_list":["post-9291","page","type-page","status-publish","hentry"],"_links":{"self":[{"href":"https:\/\/www.workman.se\/shop-event\/wp-json\/wp\/v2\/pages\/9291","targetHints":{"allow":["GET"]}}],"collection":[{"href":"https:\/\/www.workman.se\/shop-event\/wp-json\/wp\/v2\/pages"}],"about":[{"href":"https:\/\/www.workman.se\/shop-event\/wp-json\/wp\/v2\/types\/page"}],"author":[{"embeddable":true,"href":"https:\/\/www.workman.se\/shop-event\/wp-json\/wp\/v2\/users\/1"}],"replies":[{"embeddable":true,"href":"https:\/\/www.workman.se\/shop-event\/wp-json\/wp\/v2\/comments?post=9291"}],"version-history":[{"count":4,"href":"https:\/\/www.workman.se\/shop-event\/wp-json\/wp\/v2\/pages\/9291\/revisions"}],"predecessor-version":[{"id":9381,"href":"https:\/\/www.workman.se\/shop-event\/wp-json\/wp\/v2\/pages\/9291\/revisions\/9381"}],"wp:attachment":[{"href":"https:\/\/www.workman.se\/shop-event\/wp-json\/wp\/v2\/media?parent=9291"}],"curies":[{"name":"wp","href":"https:\/\/api.w.org\/{rel}","templated":true}]}}