{"id":9406,"date":"2024-01-11T15:02:31","date_gmt":"2024-01-11T14:02:31","guid":{"rendered":"https:\/\/www.workman.se\/shop-event\/?page_id=9406"},"modified":"2024-01-11T15:14:09","modified_gmt":"2024-01-11T14:14:09","slug":"sett-2024","status":"publish","type":"page","link":"https:\/\/www.workman.se\/shop-event\/sett-2024\/","title":{"rendered":"SETT 2024"},"content":{"rendered":"<h1>SETT 2024<\/h1>\n<p><strong><u>Plats<\/u><\/strong>\u00a0 <a href=\"https:\/\/www.kistamassan.se\/\" target=\"_blank\" rel=\"noopener\">https:\/\/www.kistamassan.se\/<\/a><br \/>\n<strong><u>Arrang\u00f6r<\/u><\/strong> <a href=\"https:\/\/www.settdagarna.se\/sv\/\" target=\"_blank\" rel=\"noopener\">https:\/\/www.settdagarna.se\/sv\/<\/a><br \/>\n<strong><u>Utst\u00e4llarinformation<\/u><\/strong>\u00a0 <a href=\"https:\/\/service.workman.se\/ExternPub\/2013\/TekniskService\/PM\/PM-SETT-2024-SVE.pdf\" target=\"_blank\" rel=\"noopener\"><u>Klicka h\u00e4r<\/u><\/a><\/p>\n<p><strong><u>Sista best\u00e4llningsdag<\/u><\/strong>: Fredag 15\/3<\/p>\n<p><strong>Inflyttning<\/strong>: \u00a0\u00a0\u00a0\u00a0 S\u00f6ndag 14\/4 kl. 07.00 \u2013 18.00 &amp; M\u00e5ndag 15\/4 kl. 07.00 \u2013 22.00<br \/>\n<strong>Utflyttning<\/strong>: \u00a0\u00a0\u00a0 Torsdag 18\/4 kl. 16.00 \u2013 22.00<\/p>\n<p><strong>Godshantering: <\/strong>Kostnad f\u00f6r lossning, lastning och hantering av ert ankommande och avg\u00e5ende gods tillkommer enl. g\u00e4llande tariff hos Workman Event<strong>.<\/strong><\/p>\n<p><strong>Ankommande<\/strong>:<br \/>\nFredag 12\/4 kl. 08.00 \u2013 16.00<br \/>\nS\u00f6ndag 14\/4 kl. 08.00 \u2013 16.00<br \/>\nM\u00e5ndag 15\/4 kl. 08.00 \u2013 16.00<br \/>\n<strong><br \/>\nAvg\u00e5ende<\/strong>:<br \/>\nFredag 19\/4 kl. 08.00 \u2013 15.00<\/p>\n<p><strong>H\u00f6jdexponering:<br \/>\n<\/strong>H\u00f6jdexponering avser h\u00f6jd \u00f6ver 2,5 meter. Skicka er ans\u00f6kan med skiss till ansvarig projektledare p\u00e5 Workman Event. Mer information finner ni i utst\u00e4llarinformationen.<\/p>\n<p><strong>Leveransadress:<\/strong><br \/>\nKistam\u00e4ssan<br \/>\nErt f\u00f6retagsnamn, monternummer och telefonnummer<br \/>\nV\u00e5g\u00f6gatan 3<br \/>\n164 40 Kista<\/p>\n<p><strong>Workman Event Projektledare:<\/strong><br \/>\nHenrik Axberg<br \/>\n<a href=\"mailto:henrik.axberg@workman.se\">henrik.axberg@workman.se<\/a><br \/>\n072\u00a0600 63 67 Direkt<br \/>\n08-410\u00a0356 60 V\u00e4xel<\/p>\n","protected":false},"excerpt":{"rendered":"<p>SETT 2024 Plats\u00a0 https:\/\/www.kistamassan.se\/ Arrang\u00f6r https:\/\/www.settdagarna.se\/sv\/ Utst\u00e4llarinformation\u00a0 Klicka h\u00e4r Sista best\u00e4llningsdag: Fredag 15\/3 Inflyttning: \u00a0\u00a0\u00a0\u00a0 S\u00f6ndag 14\/4 kl. 07.00 \u2013 18.00 &amp; M\u00e5ndag 15\/4 kl. 07.00 \u2013 22.00 Utflyttning: \u00a0\u00a0\u00a0 Torsdag 18\/4 kl. 16.00 \u2013 22.00 Godshantering: Kostnad f\u00f6r lossning, lastning och hantering av ert ankommande och avg\u00e5ende gods tillkommer enl. g\u00e4llande tariff hos Workman [&hellip;]<\/p>\n","protected":false},"author":1,"featured_media":0,"parent":0,"menu_order":0,"comment_status":"closed","ping_status":"closed","template":"","meta":{"footnotes":""},"class_list":["post-9406","page","type-page","status-publish","hentry"],"_links":{"self":[{"href":"https:\/\/www.workman.se\/shop-event\/wp-json\/wp\/v2\/pages\/9406","targetHints":{"allow":["GET"]}}],"collection":[{"href":"https:\/\/www.workman.se\/shop-event\/wp-json\/wp\/v2\/pages"}],"about":[{"href":"https:\/\/www.workman.se\/shop-event\/wp-json\/wp\/v2\/types\/page"}],"author":[{"embeddable":true,"href":"https:\/\/www.workman.se\/shop-event\/wp-json\/wp\/v2\/users\/1"}],"replies":[{"embeddable":true,"href":"https:\/\/www.workman.se\/shop-event\/wp-json\/wp\/v2\/comments?post=9406"}],"version-history":[{"count":2,"href":"https:\/\/www.workman.se\/shop-event\/wp-json\/wp\/v2\/pages\/9406\/revisions"}],"predecessor-version":[{"id":9411,"href":"https:\/\/www.workman.se\/shop-event\/wp-json\/wp\/v2\/pages\/9406\/revisions\/9411"}],"wp:attachment":[{"href":"https:\/\/www.workman.se\/shop-event\/wp-json\/wp\/v2\/media?parent=9406"}],"curies":[{"name":"wp","href":"https:\/\/api.w.org\/{rel}","templated":true}]}}