{"id":10127,"date":"2024-11-11T11:12:54","date_gmt":"2024-11-11T10:12:54","guid":{"rendered":"https:\/\/www.workman.se\/shop-event\/?post_type=product&#038;p=10127"},"modified":"2024-11-11T11:13:55","modified_gmt":"2024-11-11T10:13:55","slug":"starkstrom-380v-63a-max-416kw-scandinavian-xpo","status":"publish","type":"product","link":"https:\/\/www.workman.se\/shop-event\/produkt\/starkstrom-380v-63a-max-416kw-scandinavian-xpo\/","title":{"rendered":"Starkstr\u00f6m 380V 63A  max 41,6KW (Scandinavian XPO)"},"content":{"rendered":"<p>Scandinavian XPO placerar elanslutningen p\u00e5 n\u00e4rmast tillg\u00e4nglig plats om ej annat anges. Alla 3-fas kraftuttag som inte \u00e4r best\u00e4llda som nattstr\u00f6m, st\u00e4ngs av under natten.<\/p>\n","protected":false},"excerpt":{"rendered":"<p>Scandinavian XPO placerar elanslutningen p\u00e5 n\u00e4rmast tillg\u00e4nglig plats om ej annat anges. Alla 3-fas kraftuttag som inte \u00e4r best\u00e4llda som nattstr\u00f6m, st\u00e4ngs av under natten.<\/p>\n","protected":false},"featured_media":392,"template":"","meta":[],"product_brand":[],"product_cat":[1919],"product_tag":[],"class_list":{"0":"post-10127","1":"product","2":"type-product","3":"status-publish","4":"has-post-thumbnail","6":"product_cat-el-scandinavian-xpo","8":"first","9":"instock","10":"taxable","11":"shipping-taxable","12":"purchasable","13":"product-type-simple"},"_links":{"self":[{"href":"https:\/\/www.workman.se\/shop-event\/wp-json\/wp\/v2\/product\/10127","targetHints":{"allow":["GET"]}}],"collection":[{"href":"https:\/\/www.workman.se\/shop-event\/wp-json\/wp\/v2\/product"}],"about":[{"href":"https:\/\/www.workman.se\/shop-event\/wp-json\/wp\/v2\/types\/product"}],"wp:featuredmedia":[{"embeddable":true,"href":"https:\/\/www.workman.se\/shop-event\/wp-json\/wp\/v2\/media\/392"}],"wp:attachment":[{"href":"https:\/\/www.workman.se\/shop-event\/wp-json\/wp\/v2\/media?parent=10127"}],"wp:term":[{"taxonomy":"product_brand","embeddable":true,"href":"https:\/\/www.workman.se\/shop-event\/wp-json\/wp\/v2\/product_brand?post=10127"},{"taxonomy":"product_cat","embeddable":true,"href":"https:\/\/www.workman.se\/shop-event\/wp-json\/wp\/v2\/product_cat?post=10127"},{"taxonomy":"product_tag","embeddable":true,"href":"https:\/\/www.workman.se\/shop-event\/wp-json\/wp\/v2\/product_tag?post=10127"}],"curies":[{"name":"wp","href":"https:\/\/api.w.org\/{rel}","templated":true}]}}