{"id":10409,"date":"2025-02-19T15:25:40","date_gmt":"2025-02-19T14:25:40","guid":{"rendered":"https:\/\/www.workman.se\/shop-event\/?post_type=product&#038;p=10409"},"modified":"2025-02-19T15:28:15","modified_gmt":"2025-02-19T14:28:15","slug":"print-pa-tygvepa-for-massvagg-med-kardborre-25m-hogt1x25m","status":"publish","type":"product","link":"https:\/\/www.workman.se\/shop-event\/produkt\/print-pa-tygvepa-for-massvagg-med-kardborre-25m-hogt1x25m\/","title":{"rendered":"Print p\u00e5 tygvepa f\u00f6r m\u00e4ssv\u00e4gg med kardborre 2,5m h\u00f6gt(1&#215;2,5m)"},"content":{"rendered":"","protected":false},"excerpt":{"rendered":"","protected":false},"featured_media":0,"template":"","meta":[],"product_brand":[],"product_cat":[1755],"product_tag":[],"class_list":{"0":"post-10409","1":"product","2":"type-product","3":"status-publish","5":"product_cat-print-pa-massvagg","7":"first","8":"instock","9":"taxable","10":"shipping-taxable","11":"purchasable","12":"product-type-simple"},"_links":{"self":[{"href":"https:\/\/www.workman.se\/shop-event\/wp-json\/wp\/v2\/product\/10409","targetHints":{"allow":["GET"]}}],"collection":[{"href":"https:\/\/www.workman.se\/shop-event\/wp-json\/wp\/v2\/product"}],"about":[{"href":"https:\/\/www.workman.se\/shop-event\/wp-json\/wp\/v2\/types\/product"}],"wp:attachment":[{"href":"https:\/\/www.workman.se\/shop-event\/wp-json\/wp\/v2\/media?parent=10409"}],"wp:term":[{"taxonomy":"product_brand","embeddable":true,"href":"https:\/\/www.workman.se\/shop-event\/wp-json\/wp\/v2\/product_brand?post=10409"},{"taxonomy":"product_cat","embeddable":true,"href":"https:\/\/www.workman.se\/shop-event\/wp-json\/wp\/v2\/product_cat?post=10409"},{"taxonomy":"product_tag","embeddable":true,"href":"https:\/\/www.workman.se\/shop-event\/wp-json\/wp\/v2\/product_tag?post=10409"}],"curies":[{"name":"wp","href":"https:\/\/api.w.org\/{rel}","templated":true}]}}