{"id":10413,"date":"2025-02-19T15:25:42","date_gmt":"2025-02-19T14:25:42","guid":{"rendered":"https:\/\/www.workman.se\/shop-event\/?post_type=product&#038;p=10413"},"modified":"2025-02-19T15:28:16","modified_gmt":"2025-02-19T14:28:16","slug":"print-pa-infackningsskiva-for-bematrix-dorr-25m-hogt1x25m","status":"publish","type":"product","link":"https:\/\/www.workman.se\/shop-event\/produkt\/print-pa-infackningsskiva-for-bematrix-dorr-25m-hogt1x25m\/","title":{"rendered":"Print p\u00e5 infackningsskiva f\u00f6r BeMatrix d\u00f6rr 2,5m h\u00f6gt(1&#215;2,5m)"},"content":{"rendered":"","protected":false},"excerpt":{"rendered":"","protected":false},"featured_media":0,"template":"","meta":[],"product_brand":[],"product_cat":[1929],"product_tag":[],"class_list":{"0":"post-10413","1":"product","2":"type-product","3":"status-publish","5":"product_cat-print-pa-bematrix","7":"first","8":"instock","9":"taxable","10":"shipping-taxable","11":"purchasable","12":"product-type-simple"},"_links":{"self":[{"href":"https:\/\/www.workman.se\/shop-event\/wp-json\/wp\/v2\/product\/10413","targetHints":{"allow":["GET"]}}],"collection":[{"href":"https:\/\/www.workman.se\/shop-event\/wp-json\/wp\/v2\/product"}],"about":[{"href":"https:\/\/www.workman.se\/shop-event\/wp-json\/wp\/v2\/types\/product"}],"wp:attachment":[{"href":"https:\/\/www.workman.se\/shop-event\/wp-json\/wp\/v2\/media?parent=10413"}],"wp:term":[{"taxonomy":"product_brand","embeddable":true,"href":"https:\/\/www.workman.se\/shop-event\/wp-json\/wp\/v2\/product_brand?post=10413"},{"taxonomy":"product_cat","embeddable":true,"href":"https:\/\/www.workman.se\/shop-event\/wp-json\/wp\/v2\/product_cat?post=10413"},{"taxonomy":"product_tag","embeddable":true,"href":"https:\/\/www.workman.se\/shop-event\/wp-json\/wp\/v2\/product_tag?post=10413"}],"curies":[{"name":"wp","href":"https:\/\/api.w.org\/{rel}","templated":true}]}}