{"id":10494,"date":"2025-03-21T09:54:06","date_gmt":"2025-03-21T08:54:06","guid":{"rendered":"https:\/\/www.workman.se\/shop-event\/?post_type=product&#038;p=10494"},"modified":"2025-03-21T09:55:07","modified_gmt":"2025-03-21T08:55:07","slug":"32-skarm-4k-bordsskarm-bildingang-hdmi-sladd-ingar","status":"publish","type":"product","link":"https:\/\/www.workman.se\/shop-event\/produkt\/32-skarm-4k-bordsskarm-bildingang-hdmi-sladd-ingar\/","title":{"rendered":"32&#8243; Sk\u00e4rm 4K Bordssk\u00e4rm, Bilding\u00e5ng: HDMI (sladd ing\u00e5r)"},"content":{"rendered":"<p>V\u00e4ggf\u00e4ste ing\u00e5r &#8211; kontakta oss f\u00f6re montering! Finns \u00e4ven USB ing\u00e5ng. OBS! T\u00e4nk p\u00e5 att en TV inte klarar av att spela upp <strong>PowerPoint\/PDF<\/strong> presentationer fr\u00e5n USB, utan m\u00e5ste styras fr\u00e5n en dator via HDMI-sladden. Om man \u00f6nskar spela upp en film fr\u00e5n USB skall det vara MP4-format. Om man vill visa bilder fr\u00e5n USB skall det vara .jpeg bilder och i RGB-f\u00e4rger, ej CMYK.<\/p>\n","protected":false},"excerpt":{"rendered":"<p>V\u00e4ggf\u00e4ste ing\u00e5r &#8211; kontakta oss f\u00f6re montering! Finns \u00e4ven USB ing\u00e5ng. OBS! T\u00e4nk p\u00e5 att en TV inte klarar av att spela upp PowerPoint\/PDF presentationer fr\u00e5n USB, utan m\u00e5ste styras fr\u00e5n en dator via HDMI-sladden. Om man \u00f6nskar spela upp en film fr\u00e5n USB skall det vara MP4-format. Om man vill visa bilder fr\u00e5n USB [&hellip;]<\/p>\n","protected":false},"featured_media":464,"template":"","meta":[],"product_brand":[],"product_cat":[1723],"product_tag":[],"class_list":{"0":"post-10494","1":"product","2":"type-product","3":"status-publish","4":"has-post-thumbnail","6":"product_cat-bild-skarmar","8":"first","9":"instock","10":"taxable","11":"shipping-taxable","12":"purchasable","13":"product-type-simple"},"_links":{"self":[{"href":"https:\/\/www.workman.se\/shop-event\/wp-json\/wp\/v2\/product\/10494","targetHints":{"allow":["GET"]}}],"collection":[{"href":"https:\/\/www.workman.se\/shop-event\/wp-json\/wp\/v2\/product"}],"about":[{"href":"https:\/\/www.workman.se\/shop-event\/wp-json\/wp\/v2\/types\/product"}],"wp:featuredmedia":[{"embeddable":true,"href":"https:\/\/www.workman.se\/shop-event\/wp-json\/wp\/v2\/media\/464"}],"wp:attachment":[{"href":"https:\/\/www.workman.se\/shop-event\/wp-json\/wp\/v2\/media?parent=10494"}],"wp:term":[{"taxonomy":"product_brand","embeddable":true,"href":"https:\/\/www.workman.se\/shop-event\/wp-json\/wp\/v2\/product_brand?post=10494"},{"taxonomy":"product_cat","embeddable":true,"href":"https:\/\/www.workman.se\/shop-event\/wp-json\/wp\/v2\/product_cat?post=10494"},{"taxonomy":"product_tag","embeddable":true,"href":"https:\/\/www.workman.se\/shop-event\/wp-json\/wp\/v2\/product_tag?post=10494"}],"curies":[{"name":"wp","href":"https:\/\/api.w.org\/{rel}","templated":true}]}}