{"id":10722,"date":"2025-09-09T11:46:42","date_gmt":"2025-09-09T09:46:42","guid":{"rendered":"https:\/\/www.workman.se\/shop-event\/?post_type=product&#038;p=10722"},"modified":"2026-02-04T19:28:54","modified_gmt":"2026-02-04T18:28:54","slug":"event-container","status":"publish","type":"product","link":"https:\/\/www.workman.se\/shop-event\/produkt\/event-container\/","title":{"rendered":"Event Container"},"content":{"rendered":"<p>Kontakta s\u00e4ljavdelningen f\u00f6r att best\u00e4lla\u00a0<a href=\"mailto:sales@workman.se\">sales@workman.se<\/a><\/p>\n<p><a href=\"https:\/\/www.workman.se\/shop-event\/wp-content\/uploads\/Event-Container_Info_Sv.pdf\" target=\"_blank\" rel=\"noopener\">Informationsblad<\/a><\/p>\n","protected":false},"excerpt":{"rendered":"<p><a href=\"https:\/\/www.workman.se\/shop-event\/wp-content\/uploads\/Event-Container_Info_Sv.pdf\" target=\"_blank\" rel=\"noopener\">Informationsblad<\/a><\/p>\n","protected":false},"featured_media":10721,"template":"","meta":[],"product_brand":[],"product_cat":[1947],"product_tag":[],"class_list":{"0":"post-10722","1":"product","2":"type-product","3":"status-publish","4":"has-post-thumbnail","6":"product_cat-event-container","8":"first","9":"instock","10":"taxable","11":"shipping-taxable","12":"product-type-simple"},"_links":{"self":[{"href":"https:\/\/www.workman.se\/shop-event\/wp-json\/wp\/v2\/product\/10722","targetHints":{"allow":["GET"]}}],"collection":[{"href":"https:\/\/www.workman.se\/shop-event\/wp-json\/wp\/v2\/product"}],"about":[{"href":"https:\/\/www.workman.se\/shop-event\/wp-json\/wp\/v2\/types\/product"}],"wp:featuredmedia":[{"embeddable":true,"href":"https:\/\/www.workman.se\/shop-event\/wp-json\/wp\/v2\/media\/10721"}],"wp:attachment":[{"href":"https:\/\/www.workman.se\/shop-event\/wp-json\/wp\/v2\/media?parent=10722"}],"wp:term":[{"taxonomy":"product_brand","embeddable":true,"href":"https:\/\/www.workman.se\/shop-event\/wp-json\/wp\/v2\/product_brand?post=10722"},{"taxonomy":"product_cat","embeddable":true,"href":"https:\/\/www.workman.se\/shop-event\/wp-json\/wp\/v2\/product_cat?post=10722"},{"taxonomy":"product_tag","embeddable":true,"href":"https:\/\/www.workman.se\/shop-event\/wp-json\/wp\/v2\/product_tag?post=10722"}],"curies":[{"name":"wp","href":"https:\/\/api.w.org\/{rel}","templated":true}]}}