{"id":11268,"date":"2026-02-10T08:33:29","date_gmt":"2026-02-10T07:33:29","guid":{"rendered":"https:\/\/www.workman.se\/shop-event\/?post_type=product&#038;p=11268"},"modified":"2026-02-10T08:33:29","modified_gmt":"2026-02-10T07:33:29","slug":"barbord-venus-svart-med-vaskhallare-och-fotring-o70-h105-cm","status":"publish","type":"product","link":"https:\/\/www.workman.se\/shop-event\/produkt\/barbord-venus-svart-med-vaskhallare-och-fotring-o70-h105-cm\/","title":{"rendered":"Barbord Venus Svart med v\u00e4skh\u00e5llare och fotring. \u00d8=70 H=105 cm"},"content":{"rendered":"","protected":false},"excerpt":{"rendered":"","protected":false},"featured_media":11264,"template":"","meta":[],"product_brand":[],"product_cat":[1653],"product_tag":[],"class_list":{"0":"post-11268","1":"product","2":"type-product","3":"status-publish","4":"has-post-thumbnail","6":"product_cat-barbord","8":"first","9":"instock","10":"taxable","11":"shipping-taxable","12":"purchasable","13":"product-type-simple"},"_links":{"self":[{"href":"https:\/\/www.workman.se\/shop-event\/wp-json\/wp\/v2\/product\/11268","targetHints":{"allow":["GET"]}}],"collection":[{"href":"https:\/\/www.workman.se\/shop-event\/wp-json\/wp\/v2\/product"}],"about":[{"href":"https:\/\/www.workman.se\/shop-event\/wp-json\/wp\/v2\/types\/product"}],"wp:featuredmedia":[{"embeddable":true,"href":"https:\/\/www.workman.se\/shop-event\/wp-json\/wp\/v2\/media\/11264"}],"wp:attachment":[{"href":"https:\/\/www.workman.se\/shop-event\/wp-json\/wp\/v2\/media?parent=11268"}],"wp:term":[{"taxonomy":"product_brand","embeddable":true,"href":"https:\/\/www.workman.se\/shop-event\/wp-json\/wp\/v2\/product_brand?post=11268"},{"taxonomy":"product_cat","embeddable":true,"href":"https:\/\/www.workman.se\/shop-event\/wp-json\/wp\/v2\/product_cat?post=11268"},{"taxonomy":"product_tag","embeddable":true,"href":"https:\/\/www.workman.se\/shop-event\/wp-json\/wp\/v2\/product_tag?post=11268"}],"curies":[{"name":"wp","href":"https:\/\/api.w.org\/{rel}","templated":true}]}}