{"id":11305,"date":"2026-02-26T08:28:26","date_gmt":"2026-02-26T07:28:26","guid":{"rendered":"https:\/\/www.workman.se\/shop-event\/?post_type=product&#038;p=11305"},"modified":"2026-02-26T08:28:26","modified_gmt":"2026-02-26T07:28:26","slug":"lasbar-disk-med-skjutdorrar-vitlack-stal-lxdxh-80x55x110cm","status":"publish","type":"product","link":"https:\/\/www.workman.se\/shop-event\/produkt\/lasbar-disk-med-skjutdorrar-vitlack-stal-lxdxh-80x55x110cm\/","title":{"rendered":"L\u00e5sbar disk med skjutd\u00f6rrar, vitlack (st\u00e5l) LxDxH 80x55x110cm"},"content":{"rendered":"","protected":false},"excerpt":{"rendered":"","protected":false},"featured_media":11299,"template":"","meta":[],"product_brand":[],"product_cat":[1637,1647],"product_tag":[],"class_list":{"0":"post-11305","1":"product","2":"type-product","3":"status-publish","4":"has-post-thumbnail","6":"product_cat-disk-tra","7":"product_cat-skap","9":"first","10":"instock","11":"taxable","12":"shipping-taxable","13":"purchasable","14":"product-type-simple"},"_links":{"self":[{"href":"https:\/\/www.workman.se\/shop-event\/wp-json\/wp\/v2\/product\/11305","targetHints":{"allow":["GET"]}}],"collection":[{"href":"https:\/\/www.workman.se\/shop-event\/wp-json\/wp\/v2\/product"}],"about":[{"href":"https:\/\/www.workman.se\/shop-event\/wp-json\/wp\/v2\/types\/product"}],"wp:featuredmedia":[{"embeddable":true,"href":"https:\/\/www.workman.se\/shop-event\/wp-json\/wp\/v2\/media\/11299"}],"wp:attachment":[{"href":"https:\/\/www.workman.se\/shop-event\/wp-json\/wp\/v2\/media?parent=11305"}],"wp:term":[{"taxonomy":"product_brand","embeddable":true,"href":"https:\/\/www.workman.se\/shop-event\/wp-json\/wp\/v2\/product_brand?post=11305"},{"taxonomy":"product_cat","embeddable":true,"href":"https:\/\/www.workman.se\/shop-event\/wp-json\/wp\/v2\/product_cat?post=11305"},{"taxonomy":"product_tag","embeddable":true,"href":"https:\/\/www.workman.se\/shop-event\/wp-json\/wp\/v2\/product_tag?post=11305"}],"curies":[{"name":"wp","href":"https:\/\/api.w.org\/{rel}","templated":true}]}}