{"id":2995,"date":"2018-03-18T13:15:34","date_gmt":"2018-03-18T12:15:34","guid":{"rendered":"https:\/\/www.workman.se\/shop-event\/produkt\/barbord-venus-bok-med-vaskhallare-och-fotring-o60-cm-h105-cm\/"},"modified":"2018-03-18T13:15:34","modified_gmt":"2018-03-18T12:15:34","slug":"barbord-venus-bok-med-vaskhallare-och-fotring-o60-cm-h105-cm","status":"publish","type":"product","link":"https:\/\/www.workman.se\/shop-event\/produkt\/barbord-venus-bok-med-vaskhallare-och-fotring-o60-cm-h105-cm\/","title":{"rendered":"Barbord Venus Bok med v\u00e4skh\u00e5llare och fotring. \u00d8=60 cm H=105 cm"},"content":{"rendered":"","protected":false},"excerpt":{"rendered":"","protected":false},"featured_media":64,"template":"","meta":[],"product_brand":[],"product_cat":[1653],"product_tag":[],"class_list":{"0":"post-2995","1":"product","2":"type-product","3":"status-publish","4":"has-post-thumbnail","6":"product_cat-barbord","8":"first","9":"instock","10":"taxable","11":"shipping-taxable","12":"purchasable","13":"product-type-simple"},"_links":{"self":[{"href":"https:\/\/www.workman.se\/shop-event\/wp-json\/wp\/v2\/product\/2995","targetHints":{"allow":["GET"]}}],"collection":[{"href":"https:\/\/www.workman.se\/shop-event\/wp-json\/wp\/v2\/product"}],"about":[{"href":"https:\/\/www.workman.se\/shop-event\/wp-json\/wp\/v2\/types\/product"}],"wp:featuredmedia":[{"embeddable":true,"href":"https:\/\/www.workman.se\/shop-event\/wp-json\/wp\/v2\/media\/64"}],"wp:attachment":[{"href":"https:\/\/www.workman.se\/shop-event\/wp-json\/wp\/v2\/media?parent=2995"}],"wp:term":[{"taxonomy":"product_brand","embeddable":true,"href":"https:\/\/www.workman.se\/shop-event\/wp-json\/wp\/v2\/product_brand?post=2995"},{"taxonomy":"product_cat","embeddable":true,"href":"https:\/\/www.workman.se\/shop-event\/wp-json\/wp\/v2\/product_cat?post=2995"},{"taxonomy":"product_tag","embeddable":true,"href":"https:\/\/www.workman.se\/shop-event\/wp-json\/wp\/v2\/product_tag?post=2995"}],"curies":[{"name":"wp","href":"https:\/\/api.w.org\/{rel}","templated":true}]}}