{"id":3030,"date":"2018-03-18T13:15:51","date_gmt":"2018-03-18T12:15:51","guid":{"rendered":"https:\/\/www.workman.se\/shop-event\/produkt\/cafegrupp-exclusiv-svart-3-stolar-och-1-bord\/"},"modified":"2026-01-23T12:10:40","modified_gmt":"2026-01-23T11:10:40","slug":"cafegrupp-exclusiv-svart-3-stolar-och-1-bord","status":"publish","type":"product","link":"https:\/\/www.workman.se\/shop-event\/produkt\/cafegrupp-exclusiv-svart-3-stolar-och-1-bord\/","title":{"rendered":"Caf\u00e9grupp Exclusiv. Svart, 3 stolar och 1 bord."},"content":{"rendered":"<p>Hyr en hel grupp &#8211; det blir billigare. F\u00f6r att se bild p\u00e5 enbart stol se Art.nr. 1104<\/p>\n","protected":false},"excerpt":{"rendered":"<p>Hyr en hel grupp &#8211; det blir billigare. F\u00f6r att se bild p\u00e5 enbart stol se Art.nr. 1104<\/p>\n","protected":false},"featured_media":11225,"template":"","meta":[],"product_brand":[],"product_cat":[1782],"product_tag":[],"class_list":{"0":"post-3030","1":"product","2":"type-product","3":"status-publish","4":"has-post-thumbnail","6":"product_cat-cafegrupp","8":"first","9":"instock","10":"taxable","11":"shipping-taxable","12":"purchasable","13":"product-type-simple"},"_links":{"self":[{"href":"https:\/\/www.workman.se\/shop-event\/wp-json\/wp\/v2\/product\/3030","targetHints":{"allow":["GET"]}}],"collection":[{"href":"https:\/\/www.workman.se\/shop-event\/wp-json\/wp\/v2\/product"}],"about":[{"href":"https:\/\/www.workman.se\/shop-event\/wp-json\/wp\/v2\/types\/product"}],"wp:featuredmedia":[{"embeddable":true,"href":"https:\/\/www.workman.se\/shop-event\/wp-json\/wp\/v2\/media\/11225"}],"wp:attachment":[{"href":"https:\/\/www.workman.se\/shop-event\/wp-json\/wp\/v2\/media?parent=3030"}],"wp:term":[{"taxonomy":"product_brand","embeddable":true,"href":"https:\/\/www.workman.se\/shop-event\/wp-json\/wp\/v2\/product_brand?post=3030"},{"taxonomy":"product_cat","embeddable":true,"href":"https:\/\/www.workman.se\/shop-event\/wp-json\/wp\/v2\/product_cat?post=3030"},{"taxonomy":"product_tag","embeddable":true,"href":"https:\/\/www.workman.se\/shop-event\/wp-json\/wp\/v2\/product_tag?post=3030"}],"curies":[{"name":"wp","href":"https:\/\/api.w.org\/{rel}","templated":true}]}}