{"id":3037,"date":"2018-03-18T13:15:51","date_gmt":"2018-03-18T12:15:51","guid":{"rendered":"https:\/\/www.workman.se\/shop-event\/produkt\/bautakudden-ar-den-helskona-saccosacken-farg-gra-strl175-x140-cm\/"},"modified":"2018-06-21T13:10:52","modified_gmt":"2018-06-21T11:10:52","slug":"bautakudden-ar-den-helskona-saccosacken-farg-gra-strl175-x140-cm","status":"publish","type":"product","link":"https:\/\/www.workman.se\/shop-event\/produkt\/bautakudden-ar-den-helskona-saccosacken-farg-gra-strl175-x140-cm\/","title":{"rendered":"Bautakudden \u00e4r den helsk\u00f6na saccos\u00e4cken. F\u00e4rg: GR\u00c5. Strl=175 x140 cm"},"content":{"rendered":"<p>Tillverkad i det mjuka och t\u00e5liga materialet B\u00e4vernylon.<\/p>\n","protected":false},"excerpt":{"rendered":"<p>Tillverkad i det mjuka och t\u00e5liga materialet B\u00e4vernylon.<\/p>\n","protected":false},"featured_media":158,"template":"","meta":[],"product_brand":[],"product_cat":[1774],"product_tag":[],"class_list":{"0":"post-3037","1":"product","2":"type-product","3":"status-publish","4":"has-post-thumbnail","6":"product_cat-puffar-pallar","8":"first","9":"instock","10":"taxable","11":"shipping-taxable","12":"purchasable","13":"product-type-simple"},"_links":{"self":[{"href":"https:\/\/www.workman.se\/shop-event\/wp-json\/wp\/v2\/product\/3037","targetHints":{"allow":["GET"]}}],"collection":[{"href":"https:\/\/www.workman.se\/shop-event\/wp-json\/wp\/v2\/product"}],"about":[{"href":"https:\/\/www.workman.se\/shop-event\/wp-json\/wp\/v2\/types\/product"}],"wp:featuredmedia":[{"embeddable":true,"href":"https:\/\/www.workman.se\/shop-event\/wp-json\/wp\/v2\/media\/158"}],"wp:attachment":[{"href":"https:\/\/www.workman.se\/shop-event\/wp-json\/wp\/v2\/media?parent=3037"}],"wp:term":[{"taxonomy":"product_brand","embeddable":true,"href":"https:\/\/www.workman.se\/shop-event\/wp-json\/wp\/v2\/product_brand?post=3037"},{"taxonomy":"product_cat","embeddable":true,"href":"https:\/\/www.workman.se\/shop-event\/wp-json\/wp\/v2\/product_cat?post=3037"},{"taxonomy":"product_tag","embeddable":true,"href":"https:\/\/www.workman.se\/shop-event\/wp-json\/wp\/v2\/product_tag?post=3037"}],"curies":[{"name":"wp","href":"https:\/\/api.w.org\/{rel}","templated":true}]}}