{"id":3069,"date":"2018-03-18T13:16:09","date_gmt":"2018-03-18T12:16:09","guid":{"rendered":"https:\/\/www.workman.se\/shop-event\/produkt\/broschyrstall-zic-zac-i-tra-5-fack\/"},"modified":"2018-03-18T13:16:09","modified_gmt":"2018-03-18T12:16:09","slug":"broschyrstall-zic-zac-i-tra-5-fack","status":"publish","type":"product","link":"https:\/\/www.workman.se\/shop-event\/produkt\/broschyrstall-zic-zac-i-tra-5-fack\/","title":{"rendered":"Broschyrst\u00e4ll Zic-Zac i tr\u00e4 5 fack"},"content":{"rendered":"<p>Tr\u00e4, stabilt och plats f\u00f6r m\u00e5nga broschyrer.<\/p>\n","protected":false},"excerpt":{"rendered":"<p>Tr\u00e4, stabilt och plats f\u00f6r m\u00e5nga broschyrer.<\/p>\n","protected":false},"featured_media":232,"template":"","meta":[],"product_brand":[],"product_cat":[1669],"product_tag":[],"class_list":{"0":"post-3069","1":"product","2":"type-product","3":"status-publish","4":"has-post-thumbnail","6":"product_cat-golv","8":"first","9":"instock","10":"taxable","11":"shipping-taxable","12":"purchasable","13":"product-type-simple"},"_links":{"self":[{"href":"https:\/\/www.workman.se\/shop-event\/wp-json\/wp\/v2\/product\/3069","targetHints":{"allow":["GET"]}}],"collection":[{"href":"https:\/\/www.workman.se\/shop-event\/wp-json\/wp\/v2\/product"}],"about":[{"href":"https:\/\/www.workman.se\/shop-event\/wp-json\/wp\/v2\/types\/product"}],"wp:featuredmedia":[{"embeddable":true,"href":"https:\/\/www.workman.se\/shop-event\/wp-json\/wp\/v2\/media\/232"}],"wp:attachment":[{"href":"https:\/\/www.workman.se\/shop-event\/wp-json\/wp\/v2\/media?parent=3069"}],"wp:term":[{"taxonomy":"product_brand","embeddable":true,"href":"https:\/\/www.workman.se\/shop-event\/wp-json\/wp\/v2\/product_brand?post=3069"},{"taxonomy":"product_cat","embeddable":true,"href":"https:\/\/www.workman.se\/shop-event\/wp-json\/wp\/v2\/product_cat?post=3069"},{"taxonomy":"product_tag","embeddable":true,"href":"https:\/\/www.workman.se\/shop-event\/wp-json\/wp\/v2\/product_tag?post=3069"}],"curies":[{"name":"wp","href":"https:\/\/api.w.org\/{rel}","templated":true}]}}