{"id":3083,"date":"2018-03-18T13:16:09","date_gmt":"2018-03-18T12:16:09","guid":{"rendered":"https:\/\/www.workman.se\/shop-event\/produkt\/vitrinskap-hyllplan-hardat-glas-d34-cm-b40-cm-h175-cm\/"},"modified":"2018-03-18T13:16:09","modified_gmt":"2018-03-18T12:16:09","slug":"vitrinskap-hyllplan-hardat-glas-d34-cm-b40-cm-h175-cm","status":"publish","type":"product","link":"https:\/\/www.workman.se\/shop-event\/produkt\/vitrinskap-hyllplan-hardat-glas-d34-cm-b40-cm-h175-cm\/","title":{"rendered":"Vitrinsk\u00e5p Hyllplan h\u00e4rdat glas. D=34 cm B=40 cm H=175 cm"},"content":{"rendered":"<p>Hyllplan h\u00e4rdat glas D=34 cm B=40 cm H=175 cm<\/p>\n","protected":false},"excerpt":{"rendered":"<p>Hyllplan h\u00e4rdat glas D=34 cm B=40 cm H=175 cm<\/p>\n","protected":false},"featured_media":268,"template":"","meta":[],"product_brand":[],"product_cat":[1649],"product_tag":[],"class_list":{"0":"post-3083","1":"product","2":"type-product","3":"status-publish","4":"has-post-thumbnail","6":"product_cat-vitrinskap","8":"first","9":"instock","10":"taxable","11":"shipping-taxable","12":"purchasable","13":"product-type-simple"},"_links":{"self":[{"href":"https:\/\/www.workman.se\/shop-event\/wp-json\/wp\/v2\/product\/3083","targetHints":{"allow":["GET"]}}],"collection":[{"href":"https:\/\/www.workman.se\/shop-event\/wp-json\/wp\/v2\/product"}],"about":[{"href":"https:\/\/www.workman.se\/shop-event\/wp-json\/wp\/v2\/types\/product"}],"wp:featuredmedia":[{"embeddable":true,"href":"https:\/\/www.workman.se\/shop-event\/wp-json\/wp\/v2\/media\/268"}],"wp:attachment":[{"href":"https:\/\/www.workman.se\/shop-event\/wp-json\/wp\/v2\/media?parent=3083"}],"wp:term":[{"taxonomy":"product_brand","embeddable":true,"href":"https:\/\/www.workman.se\/shop-event\/wp-json\/wp\/v2\/product_brand?post=3083"},{"taxonomy":"product_cat","embeddable":true,"href":"https:\/\/www.workman.se\/shop-event\/wp-json\/wp\/v2\/product_cat?post=3083"},{"taxonomy":"product_tag","embeddable":true,"href":"https:\/\/www.workman.se\/shop-event\/wp-json\/wp\/v2\/product_tag?post=3083"}],"curies":[{"name":"wp","href":"https:\/\/api.w.org\/{rel}","templated":true}]}}