{"id":3085,"date":"2018-03-18T13:16:19","date_gmt":"2018-03-18T12:16:19","guid":{"rendered":"https:\/\/www.workman.se\/shop-event\/produkt\/hylla-expo-glas-med-fyra-fasta-hyllplan-i-glas-svart-stal-stomme-d36-cm-b100-cm-h175-cm\/"},"modified":"2018-03-19T13:43:14","modified_gmt":"2018-03-19T12:43:14","slug":"hylla-expo-glas-med-fyra-fasta-hyllplan-i-glas-svart-stal-stomme-d36-cm-b100-cm-h175-cm","status":"publish","type":"product","link":"https:\/\/www.workman.se\/shop-event\/produkt\/hylla-expo-glas-med-fyra-fasta-hyllplan-i-glas-svart-stal-stomme-d36-cm-b100-cm-h175-cm\/","title":{"rendered":"Hylla Expo Glas med fyra fasta hyllplan i glas. Svart st\u00e5l stomme D=36 cm B=100 cm H=175 cm"},"content":{"rendered":"<p>H\u00e4rdat glas och metall. Max. belastning per hyllplan: 30 kg. 4 fasta hyllplan. M\u00e5tt mellan hyllplan=39 cm<\/p>\n","protected":false},"excerpt":{"rendered":"<p>H\u00e4rdat glas och metall. Max. belastning per hyllplan: 30 kg. 4 fasta hyllplan. M\u00e5tt mellan hyllplan=39 cm<\/p>\n","protected":false},"featured_media":278,"template":"","meta":[],"product_brand":[],"product_cat":[1697],"product_tag":[],"class_list":{"0":"post-3085","1":"product","2":"type-product","3":"status-publish","4":"has-post-thumbnail","6":"product_cat-fristaende","8":"first","9":"instock","10":"taxable","11":"shipping-taxable","12":"purchasable","13":"product-type-simple"},"_links":{"self":[{"href":"https:\/\/www.workman.se\/shop-event\/wp-json\/wp\/v2\/product\/3085","targetHints":{"allow":["GET"]}}],"collection":[{"href":"https:\/\/www.workman.se\/shop-event\/wp-json\/wp\/v2\/product"}],"about":[{"href":"https:\/\/www.workman.se\/shop-event\/wp-json\/wp\/v2\/types\/product"}],"wp:featuredmedia":[{"embeddable":true,"href":"https:\/\/www.workman.se\/shop-event\/wp-json\/wp\/v2\/media\/278"}],"wp:attachment":[{"href":"https:\/\/www.workman.se\/shop-event\/wp-json\/wp\/v2\/media?parent=3085"}],"wp:term":[{"taxonomy":"product_brand","embeddable":true,"href":"https:\/\/www.workman.se\/shop-event\/wp-json\/wp\/v2\/product_brand?post=3085"},{"taxonomy":"product_cat","embeddable":true,"href":"https:\/\/www.workman.se\/shop-event\/wp-json\/wp\/v2\/product_cat?post=3085"},{"taxonomy":"product_tag","embeddable":true,"href":"https:\/\/www.workman.se\/shop-event\/wp-json\/wp\/v2\/product_tag?post=3085"}],"curies":[{"name":"wp","href":"https:\/\/api.w.org\/{rel}","templated":true}]}}