{"id":3088,"date":"2018-03-18T13:16:19","date_gmt":"2018-03-18T12:16:19","guid":{"rendered":"https:\/\/www.workman.se\/shop-event\/produkt\/lasbart-skap-i-vit-lack-stal-b119-cm-d40-cm-h63-cm-maxlast-60-kg\/"},"modified":"2018-09-13T09:09:37","modified_gmt":"2018-09-13T07:09:37","slug":"lasbart-skap-i-vit-lack-stal-b119-cm-d40-cm-h63-cm-maxlast-60-kg","status":"publish","type":"product","link":"https:\/\/www.workman.se\/shop-event\/produkt\/lasbart-skap-i-vit-lack-stal-b119-cm-d40-cm-h63-cm-maxlast-60-kg\/","title":{"rendered":"L\u00e5sbart sk\u00e5p i VIT-lack (st\u00e5l)  B=119 cm D=40 cm H=63 cm. Maxlast: 60 kg."},"content":{"rendered":"<p>L\u00e5sbara d\u00f6rrar; f\u00f6rvara saker du \u00e4r extra r\u00e4dd om t.ex b\u00e4rbar dator, DVD etc. Sladduttag undertill.<\/p>\n","protected":false},"excerpt":{"rendered":"<p>L\u00e5sbara d\u00f6rrar; f\u00f6rvara saker du \u00e4r extra r\u00e4dd om t.ex b\u00e4rbar dator, DVD etc. Sladduttag undertill.<\/p>\n","protected":false},"featured_media":296,"template":"","meta":[],"product_brand":[],"product_cat":[1647],"product_tag":[],"class_list":{"0":"post-3088","1":"product","2":"type-product","3":"status-publish","4":"has-post-thumbnail","6":"product_cat-skap","8":"first","9":"instock","10":"taxable","11":"shipping-taxable","12":"purchasable","13":"product-type-simple"},"_links":{"self":[{"href":"https:\/\/www.workman.se\/shop-event\/wp-json\/wp\/v2\/product\/3088","targetHints":{"allow":["GET"]}}],"collection":[{"href":"https:\/\/www.workman.se\/shop-event\/wp-json\/wp\/v2\/product"}],"about":[{"href":"https:\/\/www.workman.se\/shop-event\/wp-json\/wp\/v2\/types\/product"}],"wp:featuredmedia":[{"embeddable":true,"href":"https:\/\/www.workman.se\/shop-event\/wp-json\/wp\/v2\/media\/296"}],"wp:attachment":[{"href":"https:\/\/www.workman.se\/shop-event\/wp-json\/wp\/v2\/media?parent=3088"}],"wp:term":[{"taxonomy":"product_brand","embeddable":true,"href":"https:\/\/www.workman.se\/shop-event\/wp-json\/wp\/v2\/product_brand?post=3088"},{"taxonomy":"product_cat","embeddable":true,"href":"https:\/\/www.workman.se\/shop-event\/wp-json\/wp\/v2\/product_cat?post=3088"},{"taxonomy":"product_tag","embeddable":true,"href":"https:\/\/www.workman.se\/shop-event\/wp-json\/wp\/v2\/product_tag?post=3088"}],"curies":[{"name":"wp","href":"https:\/\/api.w.org\/{rel}","templated":true}]}}