{"id":3127,"date":"2018-03-18T13:16:38","date_gmt":"2018-03-18T12:16:38","guid":{"rendered":"https:\/\/www.workman.se\/shop-event\/produkt\/arbetsstrom-galler-endast-tidigare-inflytt-10a-230-bestalls-separat-till-extra-kostnad\/"},"modified":"2018-06-15T15:45:06","modified_gmt":"2018-06-15T13:45:06","slug":"arbetsstrom-galler-endast-tidigare-inflytt-10a-230-bestalls-separat-till-extra-kostnad","status":"publish","type":"product","link":"https:\/\/www.workman.se\/shop-event\/produkt\/arbetsstrom-galler-endast-tidigare-inflytt-10a-230-bestalls-separat-till-extra-kostnad\/","title":{"rendered":"Arbetsstr\u00f6m g\u00e4ller endast tidigare inflytt! 10A\/230, best\u00e4lls separat till extra kostnad."},"content":{"rendered":"<p>OBS! Denna El-anslutning g\u00e4ller endast tidigare inflytt art. Nr () . Vid ordinarie inflytt \u00e4r str\u00f6m framdraget.<\/p>\n","protected":false},"excerpt":{"rendered":"<p>OBS! Denna El-anslutning g\u00e4ller endast tidigare inflytt art. Nr () . Vid ordinarie inflytt \u00e4r str\u00f6m framdraget.<\/p>\n","protected":false},"featured_media":378,"template":"","meta":[],"product_brand":[],"product_cat":[1683],"product_tag":[],"class_list":{"0":"post-3127","1":"product","2":"type-product","3":"status-publish","4":"has-post-thumbnail","6":"product_cat-el-kistamassan","8":"first","9":"instock","10":"taxable","11":"shipping-taxable","12":"purchasable","13":"product-type-simple"},"_links":{"self":[{"href":"https:\/\/www.workman.se\/shop-event\/wp-json\/wp\/v2\/product\/3127","targetHints":{"allow":["GET"]}}],"collection":[{"href":"https:\/\/www.workman.se\/shop-event\/wp-json\/wp\/v2\/product"}],"about":[{"href":"https:\/\/www.workman.se\/shop-event\/wp-json\/wp\/v2\/types\/product"}],"wp:featuredmedia":[{"embeddable":true,"href":"https:\/\/www.workman.se\/shop-event\/wp-json\/wp\/v2\/media\/378"}],"wp:attachment":[{"href":"https:\/\/www.workman.se\/shop-event\/wp-json\/wp\/v2\/media?parent=3127"}],"wp:term":[{"taxonomy":"product_brand","embeddable":true,"href":"https:\/\/www.workman.se\/shop-event\/wp-json\/wp\/v2\/product_brand?post=3127"},{"taxonomy":"product_cat","embeddable":true,"href":"https:\/\/www.workman.se\/shop-event\/wp-json\/wp\/v2\/product_cat?post=3127"},{"taxonomy":"product_tag","embeddable":true,"href":"https:\/\/www.workman.se\/shop-event\/wp-json\/wp\/v2\/product_tag?post=3127"}],"curies":[{"name":"wp","href":"https:\/\/api.w.org\/{rel}","templated":true}]}}