{"id":3129,"date":"2018-03-18T13:16:38","date_gmt":"2018-03-18T12:16:38","guid":{"rendered":"https:\/\/www.workman.se\/shop-event\/produkt\/starkstrom-380v-16a\/"},"modified":"2018-06-15T15:41:18","modified_gmt":"2018-06-15T13:41:18","slug":"starkstrom-380v-16a","status":"publish","type":"product","link":"https:\/\/www.workman.se\/shop-event\/produkt\/starkstrom-380v-16a\/","title":{"rendered":"Starkstr\u00f6m 380V 16A"},"content":{"rendered":"<p>Kistam\u00e4ssan placerar elanslutningen p\u00e5 n\u00e4rmast tillg\u00e4nglig plats om ej annat anges. Alla 3-fas kraftuttag som inte \u00e4r best\u00e4llda som nattstr\u00f6m, st\u00e4ngs av under natten<\/p>\n","protected":false},"excerpt":{"rendered":"<p>Kistam\u00e4ssan placerar elanslutningen p\u00e5 n\u00e4rmast tillg\u00e4nglig plats om ej annat anges. Alla 3-fas kraftuttag som inte \u00e4r best\u00e4llda som nattstr\u00f6m, st\u00e4ngs av under natten<\/p>\n","protected":false},"featured_media":392,"template":"","meta":[],"product_brand":[],"product_cat":[1683],"product_tag":[],"class_list":{"0":"post-3129","1":"product","2":"type-product","3":"status-publish","4":"has-post-thumbnail","6":"product_cat-el-kistamassan","8":"first","9":"instock","10":"taxable","11":"shipping-taxable","12":"purchasable","13":"product-type-simple"},"_links":{"self":[{"href":"https:\/\/www.workman.se\/shop-event\/wp-json\/wp\/v2\/product\/3129","targetHints":{"allow":["GET"]}}],"collection":[{"href":"https:\/\/www.workman.se\/shop-event\/wp-json\/wp\/v2\/product"}],"about":[{"href":"https:\/\/www.workman.se\/shop-event\/wp-json\/wp\/v2\/types\/product"}],"wp:featuredmedia":[{"embeddable":true,"href":"https:\/\/www.workman.se\/shop-event\/wp-json\/wp\/v2\/media\/392"}],"wp:attachment":[{"href":"https:\/\/www.workman.se\/shop-event\/wp-json\/wp\/v2\/media?parent=3129"}],"wp:term":[{"taxonomy":"product_brand","embeddable":true,"href":"https:\/\/www.workman.se\/shop-event\/wp-json\/wp\/v2\/product_brand?post=3129"},{"taxonomy":"product_cat","embeddable":true,"href":"https:\/\/www.workman.se\/shop-event\/wp-json\/wp\/v2\/product_cat?post=3129"},{"taxonomy":"product_tag","embeddable":true,"href":"https:\/\/www.workman.se\/shop-event\/wp-json\/wp\/v2\/product_tag?post=3129"}],"curies":[{"name":"wp","href":"https:\/\/api.w.org\/{rel}","templated":true}]}}