{"id":3146,"date":"2018-03-18T13:16:46","date_gmt":"2018-03-18T12:16:46","guid":{"rendered":"https:\/\/www.workman.se\/shop-event\/produkt\/diskbank-inklusive-va\/"},"modified":"2018-06-15T15:38:41","modified_gmt":"2018-06-15T13:38:41","slug":"diskbank-inklusive-va","status":"publish","type":"product","link":"https:\/\/www.workman.se\/shop-event\/produkt\/diskbank-inklusive-va\/","title":{"rendered":"Diskb\u00e4nk inklusive VA."},"content":{"rendered":"<p>Rostfri diskb\u00e4nk med vatten och avlopp. M\u00e5tt: B=100 cm D=60 cm H=82 cm. Special: kan best\u00e4llas med varmvattenberedare.<\/p>\n","protected":false},"excerpt":{"rendered":"<p>Rostfri diskb\u00e4nk med vatten och avlopp. M\u00e5tt: B=100 cm D=60 cm H=82 cm. Special: kan best\u00e4llas med varmvattenberedare.<\/p>\n","protected":false},"featured_media":432,"template":"","meta":[],"product_brand":[],"product_cat":[1820],"product_tag":[],"class_list":{"0":"post-3146","1":"product","2":"type-product","3":"status-publish","4":"has-post-thumbnail","6":"product_cat-vatten","8":"first","9":"instock","10":"taxable","11":"shipping-taxable","12":"purchasable","13":"product-type-simple"},"_links":{"self":[{"href":"https:\/\/www.workman.se\/shop-event\/wp-json\/wp\/v2\/product\/3146","targetHints":{"allow":["GET"]}}],"collection":[{"href":"https:\/\/www.workman.se\/shop-event\/wp-json\/wp\/v2\/product"}],"about":[{"href":"https:\/\/www.workman.se\/shop-event\/wp-json\/wp\/v2\/types\/product"}],"wp:featuredmedia":[{"embeddable":true,"href":"https:\/\/www.workman.se\/shop-event\/wp-json\/wp\/v2\/media\/432"}],"wp:attachment":[{"href":"https:\/\/www.workman.se\/shop-event\/wp-json\/wp\/v2\/media?parent=3146"}],"wp:term":[{"taxonomy":"product_brand","embeddable":true,"href":"https:\/\/www.workman.se\/shop-event\/wp-json\/wp\/v2\/product_brand?post=3146"},{"taxonomy":"product_cat","embeddable":true,"href":"https:\/\/www.workman.se\/shop-event\/wp-json\/wp\/v2\/product_cat?post=3146"},{"taxonomy":"product_tag","embeddable":true,"href":"https:\/\/www.workman.se\/shop-event\/wp-json\/wp\/v2\/product_tag?post=3146"}],"curies":[{"name":"wp","href":"https:\/\/api.w.org\/{rel}","templated":true}]}}