{"id":3150,"date":"2018-03-18T13:16:46","date_gmt":"2018-03-18T12:16:46","guid":{"rendered":"https:\/\/www.workman.se\/shop-event\/produkt\/vatten-avlopp\/"},"modified":"2018-06-15T15:39:46","modified_gmt":"2018-06-15T13:39:46","slug":"vatten-avlopp","status":"publish","type":"product","link":"https:\/\/www.workman.se\/shop-event\/produkt\/vatten-avlopp\/","title":{"rendered":"Vatten &#038; avlopp"},"content":{"rendered":"<p>Vatten ansluts via taket med 1\/2&#8243; armerad plastslang. Avloppet ansluts och pumpas upp via taket med 1\/2&#8243; plastslang.<br \/>\nOBS! Vattnet \u00e4r endast p\u00e5slaget inom \u00f6ppettiderna.<\/p>\n","protected":false},"excerpt":{"rendered":"<p>Vatten ansluts via taket med 1\/2&#8243; armerad plastslang. Avloppet ansluts och pumpas upp via taket med 1\/2&#8243; plastslang. OBS! Vattnet \u00e4r endast p\u00e5slaget inom \u00f6ppettiderna.<\/p>\n","protected":false},"featured_media":440,"template":"","meta":[],"product_brand":[],"product_cat":[1820],"product_tag":[],"class_list":{"0":"post-3150","1":"product","2":"type-product","3":"status-publish","4":"has-post-thumbnail","6":"product_cat-vatten","8":"first","9":"instock","10":"taxable","11":"shipping-taxable","12":"purchasable","13":"product-type-simple"},"_links":{"self":[{"href":"https:\/\/www.workman.se\/shop-event\/wp-json\/wp\/v2\/product\/3150","targetHints":{"allow":["GET"]}}],"collection":[{"href":"https:\/\/www.workman.se\/shop-event\/wp-json\/wp\/v2\/product"}],"about":[{"href":"https:\/\/www.workman.se\/shop-event\/wp-json\/wp\/v2\/types\/product"}],"wp:featuredmedia":[{"embeddable":true,"href":"https:\/\/www.workman.se\/shop-event\/wp-json\/wp\/v2\/media\/440"}],"wp:attachment":[{"href":"https:\/\/www.workman.se\/shop-event\/wp-json\/wp\/v2\/media?parent=3150"}],"wp:term":[{"taxonomy":"product_brand","embeddable":true,"href":"https:\/\/www.workman.se\/shop-event\/wp-json\/wp\/v2\/product_brand?post=3150"},{"taxonomy":"product_cat","embeddable":true,"href":"https:\/\/www.workman.se\/shop-event\/wp-json\/wp\/v2\/product_cat?post=3150"},{"taxonomy":"product_tag","embeddable":true,"href":"https:\/\/www.workman.se\/shop-event\/wp-json\/wp\/v2\/product_tag?post=3150"}],"curies":[{"name":"wp","href":"https:\/\/api.w.org\/{rel}","templated":true}]}}