{"id":3179,"date":"2018-03-18T13:16:53","date_gmt":"2018-03-18T12:16:53","guid":{"rendered":"https:\/\/www.workman.se\/shop-event\/produkt\/projektor-hdx\/"},"modified":"2018-06-29T10:12:32","modified_gmt":"2018-06-29T08:12:32","slug":"projektor-hdx-kontakta-oss-for-offert","status":"publish","type":"product","link":"https:\/\/www.workman.se\/shop-event\/produkt\/projektor-hdx-kontakta-oss-for-offert\/","title":{"rendered":"Projektor HDX (kontakta oss f\u00f6r offert)"},"content":{"rendered":"<p>V\u00e4nligen kontakta oss f\u00f6r offert<\/p>\n","protected":false},"excerpt":{"rendered":"<p>V\u00e4nligen kontakta oss f\u00f6r offert<\/p>\n","protected":false},"featured_media":512,"template":"","meta":[],"product_brand":[],"product_cat":[1723],"product_tag":[],"class_list":{"0":"post-3179","1":"product","2":"type-product","3":"status-publish","4":"has-post-thumbnail","6":"product_cat-bild-skarmar","8":"first","9":"instock","10":"taxable","11":"shipping-taxable","12":"purchasable","13":"product-type-simple"},"_links":{"self":[{"href":"https:\/\/www.workman.se\/shop-event\/wp-json\/wp\/v2\/product\/3179","targetHints":{"allow":["GET"]}}],"collection":[{"href":"https:\/\/www.workman.se\/shop-event\/wp-json\/wp\/v2\/product"}],"about":[{"href":"https:\/\/www.workman.se\/shop-event\/wp-json\/wp\/v2\/types\/product"}],"wp:featuredmedia":[{"embeddable":true,"href":"https:\/\/www.workman.se\/shop-event\/wp-json\/wp\/v2\/media\/512"}],"wp:attachment":[{"href":"https:\/\/www.workman.se\/shop-event\/wp-json\/wp\/v2\/media?parent=3179"}],"wp:term":[{"taxonomy":"product_brand","embeddable":true,"href":"https:\/\/www.workman.se\/shop-event\/wp-json\/wp\/v2\/product_brand?post=3179"},{"taxonomy":"product_cat","embeddable":true,"href":"https:\/\/www.workman.se\/shop-event\/wp-json\/wp\/v2\/product_cat?post=3179"},{"taxonomy":"product_tag","embeddable":true,"href":"https:\/\/www.workman.se\/shop-event\/wp-json\/wp\/v2\/product_tag?post=3179"}],"curies":[{"name":"wp","href":"https:\/\/api.w.org\/{rel}","templated":true}]}}