{"id":3181,"date":"2018-03-18T13:16:53","date_gmt":"2018-03-18T12:16:53","guid":{"rendered":"https:\/\/www.workman.se\/shop-event\/produkt\/skraddarsytt-tradlost-natverk\/"},"modified":"2021-12-14T09:28:00","modified_gmt":"2021-12-14T08:28:00","slug":"tillgang-till-wifi-for-utstallare-pa-kistamassan","status":"publish","type":"product","link":"https:\/\/www.workman.se\/shop-event\/produkt\/tillgang-till-wifi-for-utstallare-pa-kistamassan\/","title":{"rendered":"Tillg\u00e5ng till WiFi f\u00f6r utst\u00e4llare p\u00e5 Kistam\u00e4ssan"},"content":{"rendered":"<p>P\u00e5 Kistam\u00e4ssan finns ett kostnadsfritt WiFi f\u00f6r bes\u00f6kare och utst\u00e4llare. D\u00e5 detta kostnadsfria WiFi kan bli \u00f6verbelastat p\u00e5 grund av m\u00e5nga samtidiga anv\u00e4ndare s\u00e5 finns m\u00f6jlighet att betala f\u00f6r tillg\u00e5ng till ett separat WiFi f\u00f6r utst\u00e4llare.<\/p>\n<p>EGNA TR\u00c5DL\u00d6SA ROUTRAR OCH N\u00c4TVERK SAMT ANNAN S\u00c4NDANDE RADIOUTRUSTNING \u00c4R EJ TILL\u00c5TNA D\u00c5 DESSA KAN ST\u00d6RA KISTAM\u00c4SSANS TR\u00c5DL\u00d6SA N\u00c4TVERK.<\/p>\n","protected":false},"excerpt":{"rendered":"<p>P\u00e5 Kistam\u00e4ssan finns ett kostnadsfritt WiFi f\u00f6r bes\u00f6kare och utst\u00e4llare. D\u00e5 detta kostnadsfria WiFi kan bli \u00f6verbelastat p\u00e5 grund av m\u00e5nga samtidiga anv\u00e4ndare s\u00e5 finns m\u00f6jlighet att betala f\u00f6r tillg\u00e5ng till ett separat WiFi f\u00f6r utst\u00e4llare. EGNA TR\u00c5DL\u00d6SA ROUTRAR OCH N\u00c4TVERK SAMT ANNAN S\u00c4NDANDE RADIOUTRUSTNING \u00c4R EJ TILL\u00c5TNA D\u00c5 DESSA KAN ST\u00d6RA KISTAM\u00c4SSANS TR\u00c5DL\u00d6SA N\u00c4TVERK.<\/p>\n","protected":false},"featured_media":6669,"template":"","meta":[],"product_brand":[],"product_cat":[1715],"product_tag":[],"class_list":{"0":"post-3181","1":"product","2":"type-product","3":"status-publish","4":"has-post-thumbnail","6":"product_cat-kistamassan","8":"first","9":"instock","10":"taxable","11":"shipping-taxable","12":"purchasable","13":"product-type-simple"},"_links":{"self":[{"href":"https:\/\/www.workman.se\/shop-event\/wp-json\/wp\/v2\/product\/3181","targetHints":{"allow":["GET"]}}],"collection":[{"href":"https:\/\/www.workman.se\/shop-event\/wp-json\/wp\/v2\/product"}],"about":[{"href":"https:\/\/www.workman.se\/shop-event\/wp-json\/wp\/v2\/types\/product"}],"wp:featuredmedia":[{"embeddable":true,"href":"https:\/\/www.workman.se\/shop-event\/wp-json\/wp\/v2\/media\/6669"}],"wp:attachment":[{"href":"https:\/\/www.workman.se\/shop-event\/wp-json\/wp\/v2\/media?parent=3181"}],"wp:term":[{"taxonomy":"product_brand","embeddable":true,"href":"https:\/\/www.workman.se\/shop-event\/wp-json\/wp\/v2\/product_brand?post=3181"},{"taxonomy":"product_cat","embeddable":true,"href":"https:\/\/www.workman.se\/shop-event\/wp-json\/wp\/v2\/product_cat?post=3181"},{"taxonomy":"product_tag","embeddable":true,"href":"https:\/\/www.workman.se\/shop-event\/wp-json\/wp\/v2\/product_tag?post=3181"}],"curies":[{"name":"wp","href":"https:\/\/api.w.org\/{rel}","templated":true}]}}