{"id":3201,"date":"2018-03-18T13:17:02","date_gmt":"2018-03-18T12:17:02","guid":{"rendered":"https:\/\/www.workman.se\/shop-event\/produkt\/print-pa-stadur-tjocklek-5mm-50-70-500x700mm\/"},"modified":"2025-03-07T12:22:53","modified_gmt":"2025-03-07T11:22:53","slug":"print-pa-lattviktsskiva-tjocklek-5mm-50-70-500x700mm","status":"publish","type":"product","link":"https:\/\/www.workman.se\/shop-event\/produkt\/print-pa-lattviktsskiva-tjocklek-5mm-50-70-500x700mm\/","title":{"rendered":"Print p\u00e5 L\u00e4ttviktsskiva (tjocklek 5mm)  50\/70 (500x700mm)."},"content":{"rendered":"<p>Inklusive montering p\u00e5 l\u00e4ttviktsskiva (styvt skivmaterial). F\u00f6ruts\u00e4tter f\u00e4rdigt original fr\u00e5n er.<\/p>\n","protected":false},"excerpt":{"rendered":"<p>Inklusive montering p\u00e5 l\u00e4ttviktsskiva (styvt skivmaterial). F\u00f6ruts\u00e4tter f\u00e4rdigt original fr\u00e5n er.<\/p>\n","protected":false},"featured_media":590,"template":"","meta":[],"product_brand":[],"product_cat":[1761],"product_tag":[],"class_list":{"0":"post-3201","1":"product","2":"type-product","3":"status-publish","4":"has-post-thumbnail","6":"product_cat-print-pa-lattviktsskiva","8":"first","9":"instock","10":"taxable","11":"shipping-taxable","12":"purchasable","13":"product-type-simple"},"_links":{"self":[{"href":"https:\/\/www.workman.se\/shop-event\/wp-json\/wp\/v2\/product\/3201","targetHints":{"allow":["GET"]}}],"collection":[{"href":"https:\/\/www.workman.se\/shop-event\/wp-json\/wp\/v2\/product"}],"about":[{"href":"https:\/\/www.workman.se\/shop-event\/wp-json\/wp\/v2\/types\/product"}],"wp:featuredmedia":[{"embeddable":true,"href":"https:\/\/www.workman.se\/shop-event\/wp-json\/wp\/v2\/media\/590"}],"wp:attachment":[{"href":"https:\/\/www.workman.se\/shop-event\/wp-json\/wp\/v2\/media?parent=3201"}],"wp:term":[{"taxonomy":"product_brand","embeddable":true,"href":"https:\/\/www.workman.se\/shop-event\/wp-json\/wp\/v2\/product_brand?post=3201"},{"taxonomy":"product_cat","embeddable":true,"href":"https:\/\/www.workman.se\/shop-event\/wp-json\/wp\/v2\/product_cat?post=3201"},{"taxonomy":"product_tag","embeddable":true,"href":"https:\/\/www.workman.se\/shop-event\/wp-json\/wp\/v2\/product_tag?post=3201"}],"curies":[{"name":"wp","href":"https:\/\/api.w.org\/{rel}","templated":true}]}}