{"id":3208,"date":"2018-03-18T13:17:14","date_gmt":"2018-03-18T12:17:14","guid":{"rendered":"https:\/\/www.workman.se\/shop-event\/produkt\/print-pa-vepa-2x1m-inkl-kop-av-aluminiumlist-ovan-samt-underkant-2000x1000mm\/"},"modified":"2022-05-10T13:00:21","modified_gmt":"2022-05-10T11:00:21","slug":"print-pa-vepa-2x1m-inkl-kop-av-aluminiumlist-ovan-samt-underkant-2000x1000mm","status":"publish","type":"product","link":"https:\/\/www.workman.se\/shop-event\/produkt\/print-pa-vepa-2x1m-inkl-kop-av-aluminiumlist-ovan-samt-underkant-2000x1000mm\/","title":{"rendered":"Print p\u00e5 Vepa 2x1m. Inkl. k\u00f6p av aluminiumlist ovan samt underkant (2000x1000mm)."},"content":{"rendered":"<p>Vepa\/Banner med tryck. Inkl. aluminiumlist ovan samt underkant f\u00f6r upph\u00e4ngning. Vajerpunkter ing\u00e5r ej.<\/p>\n","protected":false},"excerpt":{"rendered":"<p>Vepa\/Banner med tryck. Inkl. aluminiumlist ovan samt underkant f\u00f6r upph\u00e4ngning. Vajerpunkter ing\u00e5r ej.<\/p>\n","protected":false},"featured_media":610,"template":"","meta":[],"product_brand":[],"product_cat":[1763],"product_tag":[],"class_list":{"0":"post-3208","1":"product","2":"type-product","3":"status-publish","4":"has-post-thumbnail","6":"product_cat-print-pa-vepa-banner","8":"first","9":"instock","10":"taxable","11":"shipping-taxable","12":"purchasable","13":"product-type-simple"},"_links":{"self":[{"href":"https:\/\/www.workman.se\/shop-event\/wp-json\/wp\/v2\/product\/3208","targetHints":{"allow":["GET"]}}],"collection":[{"href":"https:\/\/www.workman.se\/shop-event\/wp-json\/wp\/v2\/product"}],"about":[{"href":"https:\/\/www.workman.se\/shop-event\/wp-json\/wp\/v2\/types\/product"}],"wp:featuredmedia":[{"embeddable":true,"href":"https:\/\/www.workman.se\/shop-event\/wp-json\/wp\/v2\/media\/610"}],"wp:attachment":[{"href":"https:\/\/www.workman.se\/shop-event\/wp-json\/wp\/v2\/media?parent=3208"}],"wp:term":[{"taxonomy":"product_brand","embeddable":true,"href":"https:\/\/www.workman.se\/shop-event\/wp-json\/wp\/v2\/product_brand?post=3208"},{"taxonomy":"product_cat","embeddable":true,"href":"https:\/\/www.workman.se\/shop-event\/wp-json\/wp\/v2\/product_cat?post=3208"},{"taxonomy":"product_tag","embeddable":true,"href":"https:\/\/www.workman.se\/shop-event\/wp-json\/wp\/v2\/product_tag?post=3208"}],"curies":[{"name":"wp","href":"https:\/\/api.w.org\/{rel}","templated":true}]}}