{"id":3212,"date":"2018-03-18T13:17:14","date_gmt":"2018-03-18T12:17:14","guid":{"rendered":"https:\/\/www.workman.se\/shop-event\/produkt\/print-pa-sjalvhaftande-folie-for-rund-bordsskiva-o-600-700mm\/"},"modified":"2022-05-10T13:01:07","modified_gmt":"2022-05-10T11:01:07","slug":"print-pa-sjalvhaftande-folie-for-rund-bordsskiva-o-600-700mm","status":"publish","type":"product","link":"https:\/\/www.workman.se\/shop-event\/produkt\/print-pa-sjalvhaftande-folie-for-rund-bordsskiva-o-600-700mm\/","title":{"rendered":"Print p\u00e5 sj\u00e4lvh\u00e4ftande Folie f\u00f6r rund Bordsskiva (\u00d8 600-700mm)."},"content":{"rendered":"<p>Inklusive produktion, material och montering p\u00e5 bordsskiva. Priset f\u00f6ruts\u00e4tter (vektorbaserat) digitalt underlag.<\/p>\n","protected":false},"excerpt":{"rendered":"<p>Inklusive produktion, material och montering p\u00e5 bordsskiva. Priset f\u00f6ruts\u00e4tter (vektorbaserat) digitalt underlag.<\/p>\n","protected":false},"featured_media":632,"template":"","meta":[],"product_brand":[],"product_cat":[1653,1655,1872,1661],"product_tag":[],"class_list":{"0":"post-3212","1":"product","2":"type-product","3":"status-publish","4":"has-post-thumbnail","6":"product_cat-barbord","7":"product_cat-cafe","8":"product_cat-print-pa-folie","9":"product_cat-runda-bord","11":"first","12":"instock","13":"taxable","14":"shipping-taxable","15":"purchasable","16":"product-type-simple"},"_links":{"self":[{"href":"https:\/\/www.workman.se\/shop-event\/wp-json\/wp\/v2\/product\/3212","targetHints":{"allow":["GET"]}}],"collection":[{"href":"https:\/\/www.workman.se\/shop-event\/wp-json\/wp\/v2\/product"}],"about":[{"href":"https:\/\/www.workman.se\/shop-event\/wp-json\/wp\/v2\/types\/product"}],"wp:featuredmedia":[{"embeddable":true,"href":"https:\/\/www.workman.se\/shop-event\/wp-json\/wp\/v2\/media\/632"}],"wp:attachment":[{"href":"https:\/\/www.workman.se\/shop-event\/wp-json\/wp\/v2\/media?parent=3212"}],"wp:term":[{"taxonomy":"product_brand","embeddable":true,"href":"https:\/\/www.workman.se\/shop-event\/wp-json\/wp\/v2\/product_brand?post=3212"},{"taxonomy":"product_cat","embeddable":true,"href":"https:\/\/www.workman.se\/shop-event\/wp-json\/wp\/v2\/product_cat?post=3212"},{"taxonomy":"product_tag","embeddable":true,"href":"https:\/\/www.workman.se\/shop-event\/wp-json\/wp\/v2\/product_tag?post=3212"}],"curies":[{"name":"wp","href":"https:\/\/api.w.org\/{rel}","templated":true}]}}