{"id":3213,"date":"2018-03-18T13:17:14","date_gmt":"2018-03-18T12:17:14","guid":{"rendered":"https:\/\/www.workman.se\/shop-event\/produkt\/print-pa-sjalvhaftande-folie-for-ljuskub-art-nr-1519-1521-pris-per-sida\/"},"modified":"2022-05-10T13:01:21","modified_gmt":"2022-05-10T11:01:21","slug":"print-pa-sjalvhaftande-folie-for-ljuskub-art-nr-1519-1521-pris-per-sida","status":"publish","type":"product","link":"https:\/\/www.workman.se\/shop-event\/produkt\/print-pa-sjalvhaftande-folie-for-ljuskub-art-nr-1519-1521-pris-per-sida\/","title":{"rendered":"Print p\u00e5 sj\u00e4lvh\u00e4ftande Folie f\u00f6r Ljuskub art nr 1519-1521, pris per sida."},"content":{"rendered":"<p>Inklusive produktion, material och montering p\u00e5 ljuskub. Priset f\u00f6ruts\u00e4tter (vektorbaserat) digitalt underlag.<\/p>\n","protected":false},"excerpt":{"rendered":"<p>Inklusive produktion, material och montering p\u00e5 ljuskub. Priset f\u00f6ruts\u00e4tter (vektorbaserat) digitalt underlag.<\/p>\n","protected":false},"featured_media":638,"template":"","meta":[],"product_brand":[],"product_cat":[1639,1872],"product_tag":[],"class_list":{"0":"post-3213","1":"product","2":"type-product","3":"status-publish","4":"has-post-thumbnail","6":"product_cat-ljuskub","7":"product_cat-print-pa-folie","9":"first","10":"instock","11":"taxable","12":"shipping-taxable","13":"purchasable","14":"product-type-simple"},"_links":{"self":[{"href":"https:\/\/www.workman.se\/shop-event\/wp-json\/wp\/v2\/product\/3213","targetHints":{"allow":["GET"]}}],"collection":[{"href":"https:\/\/www.workman.se\/shop-event\/wp-json\/wp\/v2\/product"}],"about":[{"href":"https:\/\/www.workman.se\/shop-event\/wp-json\/wp\/v2\/types\/product"}],"wp:featuredmedia":[{"embeddable":true,"href":"https:\/\/www.workman.se\/shop-event\/wp-json\/wp\/v2\/media\/638"}],"wp:attachment":[{"href":"https:\/\/www.workman.se\/shop-event\/wp-json\/wp\/v2\/media?parent=3213"}],"wp:term":[{"taxonomy":"product_brand","embeddable":true,"href":"https:\/\/www.workman.se\/shop-event\/wp-json\/wp\/v2\/product_brand?post=3213"},{"taxonomy":"product_cat","embeddable":true,"href":"https:\/\/www.workman.se\/shop-event\/wp-json\/wp\/v2\/product_cat?post=3213"},{"taxonomy":"product_tag","embeddable":true,"href":"https:\/\/www.workman.se\/shop-event\/wp-json\/wp\/v2\/product_tag?post=3213"}],"curies":[{"name":"wp","href":"https:\/\/api.w.org\/{rel}","templated":true}]}}