{"id":3248,"date":"2018-03-18T13:17:33","date_gmt":"2018-03-18T12:17:33","guid":{"rendered":"https:\/\/www.workman.se\/shop-event\/produkt\/vaggmodul-octanorm-vit-05-meter-b50-cm-h250-cm-ange-antal-meter-i-bestallningen\/"},"modified":"2018-03-18T13:17:33","modified_gmt":"2018-03-18T12:17:33","slug":"vaggmodul-octanorm-vit-05-meter-b50-cm-h250-cm-ange-antal-meter-i-bestallningen","status":"publish","type":"product","link":"https:\/\/www.workman.se\/shop-event\/produkt\/vaggmodul-octanorm-vit-05-meter-b50-cm-h250-cm-ange-antal-meter-i-bestallningen\/","title":{"rendered":"V\u00e4ggmodul Octanorm VIT  0,5 meter.  B=50 cm  H=250 cm . Ange antal meter i best\u00e4llningen."},"content":{"rendered":"<p>OBS! Endast p\u00e5byggnad till art.nr. 2609.  Kom ih\u00e5g att ange \u00f6nskat antal halvmeter i best\u00e4llningen. Exempel: 1 st = 0,5 Meter.<\/p>\n","protected":false},"excerpt":{"rendered":"<p>OBS! Endast p\u00e5byggnad till art.nr. 2609. Kom ih\u00e5g att ange \u00f6nskat antal halvmeter i best\u00e4llningen. Exempel: 1 st = 0,5 Meter.<\/p>\n","protected":false},"featured_media":722,"template":"","meta":[],"product_brand":[],"product_cat":[1826],"product_tag":[],"class_list":{"0":"post-3248","1":"product","2":"type-product","3":"status-publish","4":"has-post-thumbnail","6":"product_cat-vagg-profil-aluminum","8":"first","9":"instock","10":"taxable","11":"shipping-taxable","12":"purchasable","13":"product-type-simple"},"_links":{"self":[{"href":"https:\/\/www.workman.se\/shop-event\/wp-json\/wp\/v2\/product\/3248","targetHints":{"allow":["GET"]}}],"collection":[{"href":"https:\/\/www.workman.se\/shop-event\/wp-json\/wp\/v2\/product"}],"about":[{"href":"https:\/\/www.workman.se\/shop-event\/wp-json\/wp\/v2\/types\/product"}],"wp:featuredmedia":[{"embeddable":true,"href":"https:\/\/www.workman.se\/shop-event\/wp-json\/wp\/v2\/media\/722"}],"wp:attachment":[{"href":"https:\/\/www.workman.se\/shop-event\/wp-json\/wp\/v2\/media?parent=3248"}],"wp:term":[{"taxonomy":"product_brand","embeddable":true,"href":"https:\/\/www.workman.se\/shop-event\/wp-json\/wp\/v2\/product_brand?post=3248"},{"taxonomy":"product_cat","embeddable":true,"href":"https:\/\/www.workman.se\/shop-event\/wp-json\/wp\/v2\/product_cat?post=3248"},{"taxonomy":"product_tag","embeddable":true,"href":"https:\/\/www.workman.se\/shop-event\/wp-json\/wp\/v2\/product_tag?post=3248"}],"curies":[{"name":"wp","href":"https:\/\/api.w.org\/{rel}","templated":true}]}}