{"id":3250,"date":"2018-03-18T13:17:33","date_gmt":"2018-03-18T12:17:33","guid":{"rendered":"https:\/\/www.workman.se\/shop-event\/produkt\/vaggmodul-sparvagg-octanorm-vit-1-meter-b100-cm-h250-cm\/"},"modified":"2018-06-21T13:54:35","modified_gmt":"2018-06-21T11:54:35","slug":"vaggmodul-sparvagg-octanorm-vit-1-meter-b100-cm-h250-cm","status":"publish","type":"product","link":"https:\/\/www.workman.se\/shop-event\/produkt\/vaggmodul-sparvagg-octanorm-vit-1-meter-b100-cm-h250-cm\/","title":{"rendered":"V\u00e4ggmodul Sp\u00e5rv\u00e4gg Octanorm VIT 1 meter. B=100 cm H=250 cm"},"content":{"rendered":"<p>Ange antal meter i best\u00e4llningen.<\/p>\n","protected":false},"excerpt":{"rendered":"<p>Ange antal meter i best\u00e4llningen.<\/p>\n","protected":false},"featured_media":728,"template":"","meta":[],"product_brand":[],"product_cat":[1826],"product_tag":[],"class_list":{"0":"post-3250","1":"product","2":"type-product","3":"status-publish","4":"has-post-thumbnail","6":"product_cat-vagg-profil-aluminum","8":"first","9":"instock","10":"taxable","11":"shipping-taxable","12":"purchasable","13":"product-type-simple"},"_links":{"self":[{"href":"https:\/\/www.workman.se\/shop-event\/wp-json\/wp\/v2\/product\/3250","targetHints":{"allow":["GET"]}}],"collection":[{"href":"https:\/\/www.workman.se\/shop-event\/wp-json\/wp\/v2\/product"}],"about":[{"href":"https:\/\/www.workman.se\/shop-event\/wp-json\/wp\/v2\/types\/product"}],"wp:featuredmedia":[{"embeddable":true,"href":"https:\/\/www.workman.se\/shop-event\/wp-json\/wp\/v2\/media\/728"}],"wp:attachment":[{"href":"https:\/\/www.workman.se\/shop-event\/wp-json\/wp\/v2\/media?parent=3250"}],"wp:term":[{"taxonomy":"product_brand","embeddable":true,"href":"https:\/\/www.workman.se\/shop-event\/wp-json\/wp\/v2\/product_brand?post=3250"},{"taxonomy":"product_cat","embeddable":true,"href":"https:\/\/www.workman.se\/shop-event\/wp-json\/wp\/v2\/product_cat?post=3250"},{"taxonomy":"product_tag","embeddable":true,"href":"https:\/\/www.workman.se\/shop-event\/wp-json\/wp\/v2\/product_tag?post=3250"}],"curies":[{"name":"wp","href":"https:\/\/api.w.org\/{rel}","templated":true}]}}