{"id":3261,"date":"2018-03-18T13:17:33","date_gmt":"2018-03-18T12:17:33","guid":{"rendered":"https:\/\/www.workman.se\/shop-event\/produkt\/kentiapalm-150-cm-i-priset-ingar-kruka-lattbetong-zink-eller-blank-acryl-svart-vit\/"},"modified":"2018-03-18T13:17:33","modified_gmt":"2018-03-18T12:17:33","slug":"kentiapalm-150-cm-i-priset-ingar-kruka-lattbetong-zink-eller-blank-acryl-svart-vit","status":"publish","type":"product","link":"https:\/\/www.workman.se\/shop-event\/produkt\/kentiapalm-150-cm-i-priset-ingar-kruka-lattbetong-zink-eller-blank-acryl-svart-vit\/","title":{"rendered":"Kentiapalm 150 cm. I priset ing\u00e5r kruka l\u00e4ttbetong zink eller blank acryl svart\/vit."},"content":{"rendered":"<p>F\u00f6r lev. Till \u00f6nskad dag och tid beh\u00f6ver vi ha er best\u00e4llning senast 12.00 dagen f\u00f6re! V\u00e4xter\/Dekorationer som f\u00f6rbest\u00e4lls till Kistam\u00e4ssan lev. Fraktfritt min. 500kr.OBS! Order under 500 kr. tillkommer transportkostnad med 615 kr. \/tim!<\/p>\n","protected":false},"excerpt":{"rendered":"<p>F\u00f6r lev. Till \u00f6nskad dag och tid beh\u00f6ver vi ha er best\u00e4llning senast 12.00 dagen f\u00f6re! V\u00e4xter\/Dekorationer som f\u00f6rbest\u00e4lls till Kistam\u00e4ssan lev. Fraktfritt min. 500kr.OBS! Order under 500 kr. tillkommer transportkostnad med 615 kr. \/tim!<\/p>\n","protected":false},"featured_media":758,"template":"","meta":[],"product_brand":[],"product_cat":[1832],"product_tag":[],"class_list":{"0":"post-3261","1":"product","2":"type-product","3":"status-publish","4":"has-post-thumbnail","6":"product_cat-hyrvaxter","8":"first","9":"instock","10":"taxable","11":"shipping-taxable","12":"purchasable","13":"product-type-simple"},"_links":{"self":[{"href":"https:\/\/www.workman.se\/shop-event\/wp-json\/wp\/v2\/product\/3261","targetHints":{"allow":["GET"]}}],"collection":[{"href":"https:\/\/www.workman.se\/shop-event\/wp-json\/wp\/v2\/product"}],"about":[{"href":"https:\/\/www.workman.se\/shop-event\/wp-json\/wp\/v2\/types\/product"}],"wp:featuredmedia":[{"embeddable":true,"href":"https:\/\/www.workman.se\/shop-event\/wp-json\/wp\/v2\/media\/758"}],"wp:attachment":[{"href":"https:\/\/www.workman.se\/shop-event\/wp-json\/wp\/v2\/media?parent=3261"}],"wp:term":[{"taxonomy":"product_brand","embeddable":true,"href":"https:\/\/www.workman.se\/shop-event\/wp-json\/wp\/v2\/product_brand?post=3261"},{"taxonomy":"product_cat","embeddable":true,"href":"https:\/\/www.workman.se\/shop-event\/wp-json\/wp\/v2\/product_cat?post=3261"},{"taxonomy":"product_tag","embeddable":true,"href":"https:\/\/www.workman.se\/shop-event\/wp-json\/wp\/v2\/product_tag?post=3261"}],"curies":[{"name":"wp","href":"https:\/\/api.w.org\/{rel}","templated":true}]}}