{"id":3309,"date":"2018-03-18T13:18:01","date_gmt":"2018-03-18T12:18:01","guid":{"rendered":"https:\/\/www.workman.se\/shop-event\/produkt\/vajerpunkt-inklusive-lasning-fran-taket-maxbelastning-150-kg\/"},"modified":"2024-11-11T12:29:06","modified_gmt":"2024-11-11T11:29:06","slug":"vajerpunkt-inklusive-lasning-fran-taket-maxbelastning-150-kg","status":"publish","type":"product","link":"https:\/\/www.workman.se\/shop-event\/produkt\/vajerpunkt-inklusive-lasning-fran-taket-maxbelastning-150-kg\/","title":{"rendered":"Vajerpunkt Inklusive: L\u00e5sning fr\u00e5n taket. Maxbelastning 150 kg."},"content":{"rendered":"<p>Maximal belastning per vajerpunkt \u00e4r 150 kg. Exakt placering av vajer kan ej garanteras p\u00e5 grund av takets tekniska konstruktion.<\/p>\n","protected":false},"excerpt":{"rendered":"<p>Maximal belastning per vajerpunkt \u00e4r 150 kg. Exakt placering av vajer kan ej garanteras p\u00e5 grund av takets tekniska konstruktion.<\/p>\n","protected":false},"featured_media":860,"template":"","meta":[],"product_brand":[],"product_cat":[1796,1921],"product_tag":[],"class_list":{"0":"post-3309","1":"product","2":"type-product","3":"status-publish","4":"has-post-thumbnail","6":"product_cat-vajer-kistamassan","7":"product_cat-vajer-scandinavian-xpo","9":"first","10":"instock","11":"taxable","12":"shipping-taxable","13":"purchasable","14":"product-type-simple"},"_links":{"self":[{"href":"https:\/\/www.workman.se\/shop-event\/wp-json\/wp\/v2\/product\/3309","targetHints":{"allow":["GET"]}}],"collection":[{"href":"https:\/\/www.workman.se\/shop-event\/wp-json\/wp\/v2\/product"}],"about":[{"href":"https:\/\/www.workman.se\/shop-event\/wp-json\/wp\/v2\/types\/product"}],"wp:featuredmedia":[{"embeddable":true,"href":"https:\/\/www.workman.se\/shop-event\/wp-json\/wp\/v2\/media\/860"}],"wp:attachment":[{"href":"https:\/\/www.workman.se\/shop-event\/wp-json\/wp\/v2\/media?parent=3309"}],"wp:term":[{"taxonomy":"product_brand","embeddable":true,"href":"https:\/\/www.workman.se\/shop-event\/wp-json\/wp\/v2\/product_brand?post=3309"},{"taxonomy":"product_cat","embeddable":true,"href":"https:\/\/www.workman.se\/shop-event\/wp-json\/wp\/v2\/product_cat?post=3309"},{"taxonomy":"product_tag","embeddable":true,"href":"https:\/\/www.workman.se\/shop-event\/wp-json\/wp\/v2\/product_tag?post=3309"}],"curies":[{"name":"wp","href":"https:\/\/api.w.org\/{rel}","templated":true}]}}