{"id":4934,"date":"2018-11-27T12:25:34","date_gmt":"2018-11-27T11:25:34","guid":{"rendered":"https:\/\/www.workman.se\/shop-event\/?post_type=product&#038;p=4934"},"modified":"2018-12-03T09:51:38","modified_gmt":"2018-12-03T08:51:38","slug":"dryckeskyl-rund-65l-vit-h96-o45cm","status":"publish","type":"product","link":"https:\/\/www.workman.se\/shop-event\/produkt\/dryckeskyl-rund-65l-vit-h96-o45cm\/","title":{"rendered":"Dryckeskyl rund 65L, Vit, H=96, \u00d8=45cm"},"content":{"rendered":"","protected":false},"excerpt":{"rendered":"<p>Tryck ing\u00e5r ej, se art.nr <a href=\"https:\/\/www.workman.se\/shop-event\/produkt\/print-for-dryckeskyl-rund-art-nr-1912-1400x854mm\/\">2261<\/a> f\u00f6r best\u00e4llning av tryck.<\/p>\n<p>Utv\u00e4ndigt m\u00e5tt: H=960, \u00d8=445mm<br \/>\nInv\u00e4ndigt m\u00e5tt: H=617, \u00d8=360mm<\/p>\n<p>Rymmer ca 70-75st 33cl burk eller 20-25st 50cl flaskor.<\/p>\n","protected":false},"featured_media":4938,"template":"","meta":[],"product_brand":[],"product_cat":[1814],"product_tag":[],"class_list":{"0":"post-4934","1":"product","2":"type-product","3":"status-publish","4":"has-post-thumbnail","6":"product_cat-kylskap","8":"first","9":"instock","10":"taxable","11":"shipping-taxable","12":"purchasable","13":"product-type-simple"},"_links":{"self":[{"href":"https:\/\/www.workman.se\/shop-event\/wp-json\/wp\/v2\/product\/4934","targetHints":{"allow":["GET"]}}],"collection":[{"href":"https:\/\/www.workman.se\/shop-event\/wp-json\/wp\/v2\/product"}],"about":[{"href":"https:\/\/www.workman.se\/shop-event\/wp-json\/wp\/v2\/types\/product"}],"wp:featuredmedia":[{"embeddable":true,"href":"https:\/\/www.workman.se\/shop-event\/wp-json\/wp\/v2\/media\/4938"}],"wp:attachment":[{"href":"https:\/\/www.workman.se\/shop-event\/wp-json\/wp\/v2\/media?parent=4934"}],"wp:term":[{"taxonomy":"product_brand","embeddable":true,"href":"https:\/\/www.workman.se\/shop-event\/wp-json\/wp\/v2\/product_brand?post=4934"},{"taxonomy":"product_cat","embeddable":true,"href":"https:\/\/www.workman.se\/shop-event\/wp-json\/wp\/v2\/product_cat?post=4934"},{"taxonomy":"product_tag","embeddable":true,"href":"https:\/\/www.workman.se\/shop-event\/wp-json\/wp\/v2\/product_tag?post=4934"}],"curies":[{"name":"wp","href":"https:\/\/api.w.org\/{rel}","templated":true}]}}