{"id":5031,"date":"2018-11-30T10:38:42","date_gmt":"2018-11-30T09:38:42","guid":{"rendered":"https:\/\/www.workman.se\/shop-event\/?post_type=product&#038;p=5031"},"modified":"2019-12-16T15:04:29","modified_gmt":"2019-12-16T14:04:29","slug":"heltackningsmatta-expo-trend-gul-inkl-plastning","status":"publish","type":"product","link":"https:\/\/www.workman.se\/shop-event\/produkt\/heltackningsmatta-expo-trend-gul-inkl-plastning\/","title":{"rendered":"Helt\u00e4ckningsmatta, Expo Trend, Gul inkl. plastning"},"content":{"rendered":"","protected":false},"excerpt":{"rendered":"<p>Med skyddsplast som g\u00e5r l\u00e4tt att riva bort. Pris g\u00e4ller per m2<\/p>\n","protected":false},"featured_media":4996,"template":"","meta":[],"product_brand":[],"product_cat":[1878],"product_tag":[],"class_list":{"0":"post-5031","1":"product","2":"type-product","3":"status-publish","4":"has-post-thumbnail","6":"product_cat-heltackningsmatta-expo-trend","8":"first","9":"instock","10":"taxable","11":"shipping-taxable","12":"purchasable","13":"product-type-simple"},"_links":{"self":[{"href":"https:\/\/www.workman.se\/shop-event\/wp-json\/wp\/v2\/product\/5031","targetHints":{"allow":["GET"]}}],"collection":[{"href":"https:\/\/www.workman.se\/shop-event\/wp-json\/wp\/v2\/product"}],"about":[{"href":"https:\/\/www.workman.se\/shop-event\/wp-json\/wp\/v2\/types\/product"}],"wp:featuredmedia":[{"embeddable":true,"href":"https:\/\/www.workman.se\/shop-event\/wp-json\/wp\/v2\/media\/4996"}],"wp:attachment":[{"href":"https:\/\/www.workman.se\/shop-event\/wp-json\/wp\/v2\/media?parent=5031"}],"wp:term":[{"taxonomy":"product_brand","embeddable":true,"href":"https:\/\/www.workman.se\/shop-event\/wp-json\/wp\/v2\/product_brand?post=5031"},{"taxonomy":"product_cat","embeddable":true,"href":"https:\/\/www.workman.se\/shop-event\/wp-json\/wp\/v2\/product_cat?post=5031"},{"taxonomy":"product_tag","embeddable":true,"href":"https:\/\/www.workman.se\/shop-event\/wp-json\/wp\/v2\/product_tag?post=5031"}],"curies":[{"name":"wp","href":"https:\/\/api.w.org\/{rel}","templated":true}]}}