{"id":5038,"date":"2018-11-30T10:43:12","date_gmt":"2018-11-30T09:43:12","guid":{"rendered":"https:\/\/www.workman.se\/shop-event\/?post_type=product&#038;p=5038"},"modified":"2019-12-16T15:04:31","modified_gmt":"2019-12-16T14:04:31","slug":"heltackningsmatta-expo-trend-rosa-inkl-plastning","status":"publish","type":"product","link":"https:\/\/www.workman.se\/shop-event\/produkt\/heltackningsmatta-expo-trend-rosa-inkl-plastning\/","title":{"rendered":"Helt\u00e4ckningsmatta, Expo Trend, Rosa inkl. plastning"},"content":{"rendered":"","protected":false},"excerpt":{"rendered":"<p>Med skyddsplast som g\u00e5r l\u00e4tt att riva bort. Pris g\u00e4ller per m2.<\/p>\n","protected":false},"featured_media":5002,"template":"","meta":[],"product_brand":[],"product_cat":[1878],"product_tag":[],"class_list":{"0":"post-5038","1":"product","2":"type-product","3":"status-publish","4":"has-post-thumbnail","6":"product_cat-heltackningsmatta-expo-trend","8":"first","9":"instock","10":"taxable","11":"shipping-taxable","12":"purchasable","13":"product-type-simple"},"_links":{"self":[{"href":"https:\/\/www.workman.se\/shop-event\/wp-json\/wp\/v2\/product\/5038","targetHints":{"allow":["GET"]}}],"collection":[{"href":"https:\/\/www.workman.se\/shop-event\/wp-json\/wp\/v2\/product"}],"about":[{"href":"https:\/\/www.workman.se\/shop-event\/wp-json\/wp\/v2\/types\/product"}],"wp:featuredmedia":[{"embeddable":true,"href":"https:\/\/www.workman.se\/shop-event\/wp-json\/wp\/v2\/media\/5002"}],"wp:attachment":[{"href":"https:\/\/www.workman.se\/shop-event\/wp-json\/wp\/v2\/media?parent=5038"}],"wp:term":[{"taxonomy":"product_brand","embeddable":true,"href":"https:\/\/www.workman.se\/shop-event\/wp-json\/wp\/v2\/product_brand?post=5038"},{"taxonomy":"product_cat","embeddable":true,"href":"https:\/\/www.workman.se\/shop-event\/wp-json\/wp\/v2\/product_cat?post=5038"},{"taxonomy":"product_tag","embeddable":true,"href":"https:\/\/www.workman.se\/shop-event\/wp-json\/wp\/v2\/product_tag?post=5038"}],"curies":[{"name":"wp","href":"https:\/\/api.w.org\/{rel}","templated":true}]}}