{"id":9595,"date":"2024-03-06T09:59:03","date_gmt":"2024-03-06T08:59:03","guid":{"rendered":"https:\/\/www.workman.se\/shop-event\/?post_type=product&#038;p=9595"},"modified":"2024-03-06T10:05:31","modified_gmt":"2024-03-06T09:05:31","slug":"metallskap-forvara-gra-utan-hyllplan-bxdxh-60x35x57cm","status":"publish","type":"product","link":"https:\/\/www.workman.se\/shop-event\/produkt\/metallskap-forvara-gra-utan-hyllplan-bxdxh-60x35x57cm\/","title":{"rendered":"Metallsk\u00e5p F\u00f6rvara, gr\u00e5 utan hyllplan. BxDxH 60x35x57cm"},"content":{"rendered":"","protected":false},"excerpt":{"rendered":"","protected":false},"featured_media":9627,"template":"","meta":[],"product_brand":[],"product_cat":[1647],"product_tag":[],"class_list":{"0":"post-9595","1":"product","2":"type-product","3":"status-publish","4":"has-post-thumbnail","6":"product_cat-skap","8":"first","9":"instock","10":"taxable","11":"shipping-taxable","12":"purchasable","13":"product-type-simple"},"_links":{"self":[{"href":"https:\/\/www.workman.se\/shop-event\/wp-json\/wp\/v2\/product\/9595","targetHints":{"allow":["GET"]}}],"collection":[{"href":"https:\/\/www.workman.se\/shop-event\/wp-json\/wp\/v2\/product"}],"about":[{"href":"https:\/\/www.workman.se\/shop-event\/wp-json\/wp\/v2\/types\/product"}],"wp:featuredmedia":[{"embeddable":true,"href":"https:\/\/www.workman.se\/shop-event\/wp-json\/wp\/v2\/media\/9627"}],"wp:attachment":[{"href":"https:\/\/www.workman.se\/shop-event\/wp-json\/wp\/v2\/media?parent=9595"}],"wp:term":[{"taxonomy":"product_brand","embeddable":true,"href":"https:\/\/www.workman.se\/shop-event\/wp-json\/wp\/v2\/product_brand?post=9595"},{"taxonomy":"product_cat","embeddable":true,"href":"https:\/\/www.workman.se\/shop-event\/wp-json\/wp\/v2\/product_cat?post=9595"},{"taxonomy":"product_tag","embeddable":true,"href":"https:\/\/www.workman.se\/shop-event\/wp-json\/wp\/v2\/product_tag?post=9595"}],"curies":[{"name":"wp","href":"https:\/\/api.w.org\/{rel}","templated":true}]}}