{"id":9600,"date":"2024-03-06T09:59:05","date_gmt":"2024-03-06T08:59:05","guid":{"rendered":"https:\/\/www.workman.se\/shop-event\/?post_type=product&#038;p=9600"},"modified":"2024-03-06T10:05:32","modified_gmt":"2024-03-06T09:05:32","slug":"bank-med-bord-3-delad-i-naturtrabord-220x70x74cm-bank-220x25x48cm","status":"publish","type":"product","link":"https:\/\/www.workman.se\/shop-event\/produkt\/bank-med-bord-3-delad-i-naturtrabord-220x70x74cm-bank-220x25x48cm\/","title":{"rendered":"B\u00e4nk med Bord, 3-delad i naturtr\u00e4(bord 220x70x74cm, b\u00e4nk 220x25x48cm)"},"content":{"rendered":"","protected":false},"excerpt":{"rendered":"","protected":false},"featured_media":9642,"template":"","meta":[],"product_brand":[],"product_cat":[1657],"product_tag":[],"class_list":{"0":"post-9600","1":"product","2":"type-product","3":"status-publish","4":"has-post-thumbnail","6":"product_cat-fallbord","8":"first","9":"instock","10":"taxable","11":"shipping-taxable","12":"purchasable","13":"product-type-simple"},"_links":{"self":[{"href":"https:\/\/www.workman.se\/shop-event\/wp-json\/wp\/v2\/product\/9600","targetHints":{"allow":["GET"]}}],"collection":[{"href":"https:\/\/www.workman.se\/shop-event\/wp-json\/wp\/v2\/product"}],"about":[{"href":"https:\/\/www.workman.se\/shop-event\/wp-json\/wp\/v2\/types\/product"}],"wp:featuredmedia":[{"embeddable":true,"href":"https:\/\/www.workman.se\/shop-event\/wp-json\/wp\/v2\/media\/9642"}],"wp:attachment":[{"href":"https:\/\/www.workman.se\/shop-event\/wp-json\/wp\/v2\/media?parent=9600"}],"wp:term":[{"taxonomy":"product_brand","embeddable":true,"href":"https:\/\/www.workman.se\/shop-event\/wp-json\/wp\/v2\/product_brand?post=9600"},{"taxonomy":"product_cat","embeddable":true,"href":"https:\/\/www.workman.se\/shop-event\/wp-json\/wp\/v2\/product_cat?post=9600"},{"taxonomy":"product_tag","embeddable":true,"href":"https:\/\/www.workman.se\/shop-event\/wp-json\/wp\/v2\/product_tag?post=9600"}],"curies":[{"name":"wp","href":"https:\/\/api.w.org\/{rel}","templated":true}]}}