{"id":9616,"date":"2024-03-06T09:59:12","date_gmt":"2024-03-06T08:59:12","guid":{"rendered":"https:\/\/www.workman.se\/shop-event\/?post_type=product&#038;p=9616"},"modified":"2026-01-23T12:19:58","modified_gmt":"2026-01-23T11:19:58","slug":"produkthangare-rock-trad-gralackad-tra-h-175cm","status":"publish","type":"product","link":"https:\/\/www.workman.se\/shop-event\/produkt\/produkthangare-rock-trad-gralackad-tra-h-175cm\/","title":{"rendered":"Produkth\u00e4ngare\/rock Tr\u00e4d. Gr\u00e5lackad tr\u00e4, H 175cm"},"content":{"rendered":"","protected":false},"excerpt":{"rendered":"","protected":false},"featured_media":9690,"template":"","meta":[],"product_brand":[],"product_cat":[1703,1953],"product_tag":[],"class_list":{"0":"post-9616","1":"product","2":"type-product","3":"status-publish","4":"has-post-thumbnail","6":"product_cat-golv-hangare","7":"product_cat-rockhangare","9":"first","10":"instock","11":"taxable","12":"shipping-taxable","13":"purchasable","14":"product-type-simple"},"_links":{"self":[{"href":"https:\/\/www.workman.se\/shop-event\/wp-json\/wp\/v2\/product\/9616","targetHints":{"allow":["GET"]}}],"collection":[{"href":"https:\/\/www.workman.se\/shop-event\/wp-json\/wp\/v2\/product"}],"about":[{"href":"https:\/\/www.workman.se\/shop-event\/wp-json\/wp\/v2\/types\/product"}],"wp:featuredmedia":[{"embeddable":true,"href":"https:\/\/www.workman.se\/shop-event\/wp-json\/wp\/v2\/media\/9690"}],"wp:attachment":[{"href":"https:\/\/www.workman.se\/shop-event\/wp-json\/wp\/v2\/media?parent=9616"}],"wp:term":[{"taxonomy":"product_brand","embeddable":true,"href":"https:\/\/www.workman.se\/shop-event\/wp-json\/wp\/v2\/product_brand?post=9616"},{"taxonomy":"product_cat","embeddable":true,"href":"https:\/\/www.workman.se\/shop-event\/wp-json\/wp\/v2\/product_cat?post=9616"},{"taxonomy":"product_tag","embeddable":true,"href":"https:\/\/www.workman.se\/shop-event\/wp-json\/wp\/v2\/product_tag?post=9616"}],"curies":[{"name":"wp","href":"https:\/\/api.w.org\/{rel}","templated":true}]}}