{"id":9617,"date":"2024-03-06T09:59:12","date_gmt":"2024-03-06T08:59:12","guid":{"rendered":"https:\/\/www.workman.se\/shop-event\/?post_type=product&#038;p=9617"},"modified":"2024-03-06T10:05:37","modified_gmt":"2024-03-06T09:05:37","slug":"fatolj-bloom-svart-lader-svart-bxshxh-62x41x79cm","status":"publish","type":"product","link":"https:\/\/www.workman.se\/shop-event\/produkt\/fatolj-bloom-svart-lader-svart-bxshxh-62x41x79cm\/","title":{"rendered":"F\u00e5t\u00f6lj Bloom, Svart l\u00e4der\/svart BxSHxH 62x41x79cm"},"content":{"rendered":"","protected":false},"excerpt":{"rendered":"","protected":false},"featured_media":9692,"template":"","meta":[],"product_brand":[],"product_cat":[1772],"product_tag":[],"class_list":{"0":"post-9617","1":"product","2":"type-product","3":"status-publish","4":"has-post-thumbnail","6":"product_cat-fatoljer","8":"first","9":"instock","10":"taxable","11":"shipping-taxable","12":"purchasable","13":"product-type-simple"},"_links":{"self":[{"href":"https:\/\/www.workman.se\/shop-event\/wp-json\/wp\/v2\/product\/9617","targetHints":{"allow":["GET"]}}],"collection":[{"href":"https:\/\/www.workman.se\/shop-event\/wp-json\/wp\/v2\/product"}],"about":[{"href":"https:\/\/www.workman.se\/shop-event\/wp-json\/wp\/v2\/types\/product"}],"wp:featuredmedia":[{"embeddable":true,"href":"https:\/\/www.workman.se\/shop-event\/wp-json\/wp\/v2\/media\/9692"}],"wp:attachment":[{"href":"https:\/\/www.workman.se\/shop-event\/wp-json\/wp\/v2\/media?parent=9617"}],"wp:term":[{"taxonomy":"product_brand","embeddable":true,"href":"https:\/\/www.workman.se\/shop-event\/wp-json\/wp\/v2\/product_brand?post=9617"},{"taxonomy":"product_cat","embeddable":true,"href":"https:\/\/www.workman.se\/shop-event\/wp-json\/wp\/v2\/product_cat?post=9617"},{"taxonomy":"product_tag","embeddable":true,"href":"https:\/\/www.workman.se\/shop-event\/wp-json\/wp\/v2\/product_tag?post=9617"}],"curies":[{"name":"wp","href":"https:\/\/api.w.org\/{rel}","templated":true}]}}