{"id":3452,"date":"2018-03-18T13:16:29","date_gmt":"2018-03-18T12:16:29","guid":{"rendered":"https:\/\/www.workman.se\/shop-west\/produkt\/electricity-connection-10a-230v-incl-three-way-socket-friends-arena\/"},"modified":"2026-02-26T14:39:27","modified_gmt":"2026-02-26T13:39:27","slug":"electricity-connection-10a-230v-incl-three-way-socket-abymassan","status":"publish","type":"product","link":"https:\/\/www.workman.se\/shop-west\/en\/product\/electricity-connection-10a-230v-incl-three-way-socket-abymassan\/","title":{"rendered":"Electricity connection 10A \/230V  incl. three-way socket. \u00c5bym\u00e4ssan"},"content":{"rendered":"<p>Observe! This is only for: \u00c5bym\u00e4ssan<\/p>\n","protected":false},"excerpt":{"rendered":"<p>Observe! This is only for: \u00c5bym\u00e4ssan<\/p>\n","protected":false},"featured_media":379,"template":"","meta":[],"product_brand":[],"product_cat":[1896],"product_tag":[],"class_list":{"0":"post-3452","1":"product","2":"type-product","3":"status-publish","4":"has-post-thumbnail","6":"product_cat-electricity-abymassan","8":"first","9":"instock","10":"taxable","11":"shipping-taxable","12":"purchasable","13":"product-type-simple"},"_links":{"self":[{"href":"https:\/\/www.workman.se\/shop-west\/en\/wp-json\/wp\/v2\/product\/3452","targetHints":{"allow":["GET"]}}],"collection":[{"href":"https:\/\/www.workman.se\/shop-west\/en\/wp-json\/wp\/v2\/product"}],"about":[{"href":"https:\/\/www.workman.se\/shop-west\/en\/wp-json\/wp\/v2\/types\/product"}],"wp:featuredmedia":[{"embeddable":true,"href":"https:\/\/www.workman.se\/shop-west\/en\/wp-json\/wp\/v2\/media\/379"}],"wp:attachment":[{"href":"https:\/\/www.workman.se\/shop-west\/en\/wp-json\/wp\/v2\/media?parent=3452"}],"wp:term":[{"taxonomy":"product_brand","embeddable":true,"href":"https:\/\/www.workman.se\/shop-west\/en\/wp-json\/wp\/v2\/product_brand?post=3452"},{"taxonomy":"product_cat","embeddable":true,"href":"https:\/\/www.workman.se\/shop-west\/en\/wp-json\/wp\/v2\/product_cat?post=3452"},{"taxonomy":"product_tag","embeddable":true,"href":"https:\/\/www.workman.se\/shop-west\/en\/wp-json\/wp\/v2\/product_tag?post=3452"}],"curies":[{"name":"wp","href":"https:\/\/api.w.org\/{rel}","templated":true}]}}