{"id":3973,"date":"2018-04-24T14:09:20","date_gmt":"2018-04-24T12:09:20","guid":{"rendered":"https:\/\/www.workman.se\/shop-west\/?page_id=3973"},"modified":"2021-10-11T13:36:48","modified_gmt":"2021-10-11T11:36:48","slug":"faq","status":"publish","type":"page","link":"https:\/\/www.workman.se\/shop-west\/faq\/","title":{"rendered":"Vanliga fr\u00e5gor (FAQ)"},"content":{"rendered":"<h2>Allm\u00e4nna fr\u00e5gor<\/h2>\n<p>Har du n\u00e5gra fr\u00e5gor g\u00e4llande eran order kan ni kontakta oss p\u00e5 <a href=\"mailto:monterservice@goteborg.workman.se\">monterservice@goteborg.workman.se<\/a> eller v\u00e5rat v\u00e4xelnummer 031-745 88 00<\/p>\n<h2>Monterskiss \/ ritning<\/h2>\n<p>N\u00e4r du best\u00e4ller en produkt som kr\u00e4ver ritning t.ex. Tross \/ Vajer, Vatten och Avlopp, Tryckluft. S\u00e5 beh\u00f6ver du bifoga detta dokument (med ritning ifylld) tillsammans med din order.<br \/>\nDet g\u00e5r bra att skriva ut och fylla i \/ skissa f\u00f6r hand och sedan scanna in resultatet och bifoga denna fil.<\/p>\n<p><a href=\"https:\/\/www.workman.se\/shop-west\/monterritning\/\" target=\"_blank\" rel=\"noopener\">Skissblad f\u00f6r monterritning<\/a><\/p>\n","protected":false},"excerpt":{"rendered":"<p>Allm\u00e4nna fr\u00e5gor Har du n\u00e5gra fr\u00e5gor g\u00e4llande eran order kan ni kontakta oss p\u00e5 monterservice@goteborg.workman.se eller v\u00e5rat v\u00e4xelnummer 031-745 88 00 Monterskiss \/ ritning N\u00e4r du best\u00e4ller en produkt som kr\u00e4ver ritning t.ex. Tross \/ Vajer, Vatten och Avlopp, Tryckluft. S\u00e5 beh\u00f6ver du bifoga detta dokument (med ritning ifylld) tillsammans med din order. Det g\u00e5r [&hellip;]<\/p>\n","protected":false},"author":1,"featured_media":0,"parent":0,"menu_order":0,"comment_status":"closed","ping_status":"closed","template":"","meta":{"footnotes":""},"class_list":["post-3973","page","type-page","status-publish","hentry"],"_links":{"self":[{"href":"https:\/\/www.workman.se\/shop-west\/wp-json\/wp\/v2\/pages\/3973","targetHints":{"allow":["GET"]}}],"collection":[{"href":"https:\/\/www.workman.se\/shop-west\/wp-json\/wp\/v2\/pages"}],"about":[{"href":"https:\/\/www.workman.se\/shop-west\/wp-json\/wp\/v2\/types\/page"}],"author":[{"embeddable":true,"href":"https:\/\/www.workman.se\/shop-west\/wp-json\/wp\/v2\/users\/1"}],"replies":[{"embeddable":true,"href":"https:\/\/www.workman.se\/shop-west\/wp-json\/wp\/v2\/comments?post=3973"}],"version-history":[{"count":17,"href":"https:\/\/www.workman.se\/shop-west\/wp-json\/wp\/v2\/pages\/3973\/revisions"}],"predecessor-version":[{"id":5794,"href":"https:\/\/www.workman.se\/shop-west\/wp-json\/wp\/v2\/pages\/3973\/revisions\/5794"}],"wp:attachment":[{"href":"https:\/\/www.workman.se\/shop-west\/wp-json\/wp\/v2\/media?parent=3973"}],"curies":[{"name":"wp","href":"https:\/\/api.w.org\/{rel}","templated":true}]}}