{"id":2997,"date":"2018-03-18T13:15:34","date_gmt":"2018-03-18T12:15:34","guid":{"rendered":"https:\/\/www.workman.se\/shop-west\/produkt\/barbord-o60-cm-h105-cm-inkl-stabordsstrumpa-vit\/"},"modified":"2018-03-18T13:15:34","modified_gmt":"2018-03-18T12:15:34","slug":"barbord-o60-cm-h105-cm-inkl-stabordsstrumpa-vit","status":"publish","type":"product","link":"https:\/\/www.workman.se\/shop-west\/produkt\/barbord-o60-cm-h105-cm-inkl-stabordsstrumpa-vit\/","title":{"rendered":"Barbord \u00d8=60 cm H=105 cm inkl. St\u00e5bordsstrumpa: VIT"},"content":{"rendered":"<p>Det \u00e4r inte till\u00e5tet att n\u00e5la eller tejpa p\u00e5 strumpan &#8211; debiteras hela strumpan.<\/p>\n","protected":false},"excerpt":{"rendered":"<p>Det \u00e4r inte till\u00e5tet att n\u00e5la eller tejpa p\u00e5 strumpan &#8211; debiteras hela strumpan.<\/p>\n","protected":false},"featured_media":68,"template":"","meta":[],"product_brand":[],"product_cat":[1653],"product_tag":[],"class_list":{"0":"post-2997","1":"product","2":"type-product","3":"status-publish","4":"has-post-thumbnail","6":"product_cat-barbord","8":"first","9":"instock","10":"taxable","11":"shipping-taxable","12":"purchasable","13":"product-type-simple"},"_links":{"self":[{"href":"https:\/\/www.workman.se\/shop-west\/wp-json\/wp\/v2\/product\/2997","targetHints":{"allow":["GET"]}}],"collection":[{"href":"https:\/\/www.workman.se\/shop-west\/wp-json\/wp\/v2\/product"}],"about":[{"href":"https:\/\/www.workman.se\/shop-west\/wp-json\/wp\/v2\/types\/product"}],"wp:featuredmedia":[{"embeddable":true,"href":"https:\/\/www.workman.se\/shop-west\/wp-json\/wp\/v2\/media\/68"}],"wp:attachment":[{"href":"https:\/\/www.workman.se\/shop-west\/wp-json\/wp\/v2\/media?parent=2997"}],"wp:term":[{"taxonomy":"product_brand","embeddable":true,"href":"https:\/\/www.workman.se\/shop-west\/wp-json\/wp\/v2\/product_brand?post=2997"},{"taxonomy":"product_cat","embeddable":true,"href":"https:\/\/www.workman.se\/shop-west\/wp-json\/wp\/v2\/product_cat?post=2997"},{"taxonomy":"product_tag","embeddable":true,"href":"https:\/\/www.workman.se\/shop-west\/wp-json\/wp\/v2\/product_tag?post=2997"}],"curies":[{"name":"wp","href":"https:\/\/api.w.org\/{rel}","templated":true}]}}